{"id":1992,"date":"2022-11-10T20:21:00","date_gmt":"2022-11-10T20:21:00","guid":{"rendered":"http:\/\/localhost:10018\/?page_id=1992"},"modified":"2024-08-15T13:52:17","modified_gmt":"2024-08-15T13:52:17","slug":"fr","status":"publish","type":"page","link":"https:\/\/cfacanada.org\/fr\/","title":{"rendered":"Home"},"content":{"rendered":"    <div class=\"hero  hero-banner-block alignfull\">\n        <div class=\"hero__wrapper container\">\n            <div class=\"row justify-content-between align-items-center g-0\">\n                <div class=\"d-flex col-lg-6\">\n                    <div class=\"hero__content\">\n                        <h1 class=\"hero__title\">La Voix Du Canada Pour Le Professionnalisme En Finance<\/h1>\n                                                                            <div class=\"hero__text\">\n                                <p>CFA Societies Canada fa\u00e7onne l&rsquo;industrie canadienne de l&rsquo;investissement. D\u00e9couvrez la vision, la mission et les priorit\u00e9s qui animent CFA Societies Canada.<\/p>\n                            <\/div>\n                                                                            <div class=\"hero__link\">\n                                                                <a class=\"btn\" \n   href=\"\/fr\/about\/\" \n   target=\"\" \n   style=\"font-weight: bold; \">\n   \u00c0 propos de nous<\/a>\n                            <\/div>\n                                            <\/div>\n                <\/div>\n                                    <div class=\"hero__image\">\n                        <div class=\"hero__image__wrapper\">\n                                                        <img decoding=\"async\" data-src=\"https:\/\/cfacanada.org\/wp-content\/uploads\/2024\/06\/SPARK-RC-HERO-home.jpg\" alt=\"Woman doing presentation in boardroom\" src=\"data:image\/svg+xml;base64,PHN2ZyB3aWR0aD0iMSIgaGVpZ2h0PSIxIiB4bWxucz0iaHR0cDovL3d3dy53My5vcmcvMjAwMC9zdmciPjwvc3ZnPg==\" class=\"lazyload\" style=\"--smush-placeholder-width: 1960px; --smush-placeholder-aspect-ratio: 1960\/1351;\">\n                        <\/div>\n                    <\/div>\n                            <\/div>\n        <\/div>\n    <\/div>\n\n\n\n\n\n<div id=\"focus\" class=\"wp-block-group is-layout-constrained wp-block-group-is-layout-constrained\">\n<div class=\"wp-block-columns is-layout-flex wp-container-core-columns-is-layout-9d6595d7 wp-block-columns-is-layout-flex\">\n<div class=\"wp-block-column is-layout-flow wp-block-column-is-layout-flow\">\n<div id=\"card-block_91cc78cda7338a073949be650cdf6abd\" class=\"card onScroll has-image\" >\n    <a href=\"\/fr\/advocacy\"\n       target=\"\"\n       aria-label=\"title\">\n       <i class=\"your-icon-class\"><\/i>\n    <\/a>\n <div class=\"card-inner\">\n                    <div class=\"card-asset\">\n                <img decoding=\"async\" data-src=\"https:\/\/cfacanada.org\/wp-content\/uploads\/2024\/07\/GettyImages-1007651732-web-1-700x500.jpg\" alt=\"African American Man in business meeting talking\" width=\"1200\" height=\"754\" src=\"data:image\/svg+xml;base64,PHN2ZyB3aWR0aD0iMSIgaGVpZ2h0PSIxIiB4bWxucz0iaHR0cDovL3d3dy53My5vcmcvMjAwMC9zdmciPjwvc3ZnPg==\" class=\"lazyload\" style=\"--smush-placeholder-width: 1200px; --smush-placeholder-aspect-ratio: 1200\/754;\" \/>\n            <\/div>\n                <div class=\"card-content\">\n            <h3><span>D\u00e9fense des int\u00e9r\u00eats<\/span><\/h3>                    <\/div>\n    <\/div>\n<\/div><\/div>\n\n\n\n<div class=\"wp-block-column is-layout-flow wp-block-column-is-layout-flow\">\n<div id=\"card-block_af3bdb9dd7639c9e79437847df489bd9\" class=\"card onScroll has-image\" >\n    <a href=\"\/fr\/about\"\n       target=\"\"\n       aria-label=\"title\">\n       <i class=\"your-icon-class\"><\/i>\n    <\/a>\n <div class=\"card-inner\">\n                    <div class=\"card-asset\">\n                <img decoding=\"async\" data-src=\"https:\/\/cfacanada.org\/wp-content\/uploads\/2024\/07\/GettyImages-1363841559-700x500.jpg\" alt=\"\" width=\"2560\" height=\"1440\" src=\"data:image\/svg+xml;base64,PHN2ZyB3aWR0aD0iMSIgaGVpZ2h0PSIxIiB4bWxucz0iaHR0cDovL3d3dy53My5vcmcvMjAwMC9zdmciPjwvc3ZnPg==\" class=\"lazyload\" style=\"--smush-placeholder-width: 2560px; --smush-placeholder-aspect-ratio: 2560\/1440;\" \/>\n            <\/div>\n                <div class=\"card-content\">\n            <h3><span>Collaboration<\/span><\/h3>                    <\/div>\n    <\/div>\n<\/div><\/div>\n\n\n\n<div class=\"wp-block-column is-layout-flow wp-block-column-is-layout-flow\">\n<div id=\"card-block_ab481a2d88799ac330d48ac3a4ce77c5\" class=\"card onScroll has-image\" >\n    <a href=\"\/fr\/about\"\n       target=\"\"\n       aria-label=\"title\">\n       <i class=\"your-icon-class\"><\/i>\n    <\/a>\n <div class=\"card-inner\">\n                    <div class=\"card-asset\">\n                <img decoding=\"async\" data-src=\"https:\/\/cfacanada.org\/wp-content\/uploads\/2024\/07\/GettyImages-1404824156-700x500.jpg\" alt=\"\" width=\"8087\" height=\"5394\" src=\"data:image\/svg+xml;base64,PHN2ZyB3aWR0aD0iMSIgaGVpZ2h0PSIxIiB4bWxucz0iaHR0cDovL3d3dy53My5vcmcvMjAwMC9zdmciPjwvc3ZnPg==\" class=\"lazyload\" style=\"--smush-placeholder-width: 8087px; --smush-placeholder-aspect-ratio: 8087\/5394;\" \/>\n            <\/div>\n                <div class=\"card-content\">\n            <h3><span>Communication<\/span><\/h3>                    <\/div>\n    <\/div>\n<\/div><\/div>\n<\/div>\n<\/div>\n\n\n\n<div id=\"CFA-Institute\" class=\"wp-block-group is-layout-constrained wp-container-core-group-is-layout-7243e4ee wp-block-group-is-layout-constrained\">\n<h3 class=\"wp-block-heading has-text-align-center\" style=\"padding-bottom:var(--wp--preset--spacing--60)\">En tant que f\u00e9d\u00e9ration canadienne des soci\u00e9t\u00e9s de CFA, nous faisons progresser la profession de gestionnaire de placements en rehaussant les normes \u00e9thiques et professionnelles, en favorisant des march\u00e9s \u00e9quitables et en prot\u00e9geant les investisseurs.<\/h3>\n\n\n\n<div class=\"wp-block-buttons is-content-justification-center is-layout-flex wp-container-core-buttons-is-layout-16018d1d wp-block-buttons-is-layout-flex\">\n<div class=\"wp-block-button\"><a class=\"wp-block-button__link wp-element-button\" href=\"https:\/\/www.cfainstitute.org\/\" target=\"_blank\" rel=\"noreferrer noopener\">Consultez le CFA Institute<\/a><\/div>\n<\/div>\n\n\n\n<div style=\"height:40px\" aria-hidden=\"true\" class=\"wp-block-spacer\"><\/div>\n<\/div>\n\n\n\n<div id=\"advocacy\" class=\"wp-block-group is-layout-flow wp-block-group-is-layout-flow\">\n<div class=\"wp-block-columns are-vertically-aligned-center is-layout-flex wp-container-core-columns-is-layout-9d6595d7 wp-block-columns-is-layout-flex\">\n<div class=\"wp-block-column is-vertically-aligned-center is-layout-flow wp-block-column-is-layout-flow\" style=\"flex-basis:40%\">\n<h2 class=\"wp-block-heading\">Faire avancer la d\u00e9fense des int\u00e9r\u00eats<\/h2>\n\n\n\n<p>En tant que voix nationale des analystes financiers, nous identifions, r\u00e9pondons et proposons des solutions aux questions de d\u00e9fense des int\u00e9r\u00eats de nos membres et des parties prenantes.<\/p>\n\n\n\n<div class=\"wp-block-buttons is-layout-flex wp-block-buttons-is-layout-flex\">\n<div class=\"wp-block-button is-style-with-arrow\"><a class=\"wp-block-button__link wp-element-button\" href=\"http:\/\/cfacanada.org\/fr\/advocacy\/\">En savoir plus<\/a><\/div>\n<\/div>\n<\/div>\n\n\n\n<div class=\"wp-block-column is-vertically-aligned-center is-layout-flow wp-block-column-is-layout-flow\">\n<div class=\"wp-block-columns is-layout-flex wp-container-core-columns-is-layout-9d6595d7 wp-block-columns-is-layout-flex\">\n<div class=\"wp-block-column is-vertically-aligned-top is-layout-flow wp-block-column-is-layout-flow\">\n<div id=\"card-block_d4c6c57c722fa1f9ba629df103f55c6f\" class=\"card onScroll has-image\" >\n    <a href=\"\/fr\/canadian-advocacy-council\"\n       target=\"\"\n       aria-label=\"title\">\n       <i class=\"your-icon-class\"><\/i>\n    <\/a>\n <div class=\"card-inner\">\n                    <div class=\"card-asset\">\n                <img decoding=\"async\" data-src=\"https:\/\/cfacanada.org\/wp-content\/uploads\/2022\/07\/CAC-image-scaled.jpg\" alt=\"\" width=\"2560\" height=\"1709\" src=\"data:image\/svg+xml;base64,PHN2ZyB3aWR0aD0iMSIgaGVpZ2h0PSIxIiB4bWxucz0iaHR0cDovL3d3dy53My5vcmcvMjAwMC9zdmciPjwvc3ZnPg==\" class=\"lazyload\" style=\"--smush-placeholder-width: 2560px; --smush-placeholder-aspect-ratio: 2560\/1709;\" \/>\n            <\/div>\n                <div class=\"card-content\">\n            <h3><span>Conseil canadien de d\u00e9fense des int\u00e9r\u00eats<\/span><\/h3>                    <\/div>\n    <\/div>\n<\/div><\/div>\n\n\n\n<div class=\"wp-block-column is-vertically-aligned-top is-layout-flow wp-block-column-is-layout-flow\">\n<div id=\"card-block_ad73ec7d0506fa5d3cef46d702ec8b29\" class=\"card onScroll has-image\" >\n    <a href=\"\/fr\/canadian-investment-performance-council\/\"\n       target=\"\"\n       aria-label=\"title\">\n       <i class=\"your-icon-class\"><\/i>\n    <\/a>\n <div class=\"card-inner\">\n                    <div class=\"card-asset\">\n                <img decoding=\"async\" data-src=\"https:\/\/cfacanada.org\/wp-content\/uploads\/2022\/07\/CIPC-image-scaled.jpg\" alt=\"\" width=\"2560\" height=\"1709\" src=\"data:image\/svg+xml;base64,PHN2ZyB3aWR0aD0iMSIgaGVpZ2h0PSIxIiB4bWxucz0iaHR0cDovL3d3dy53My5vcmcvMjAwMC9zdmciPjwvc3ZnPg==\" class=\"lazyload\" style=\"--smush-placeholder-width: 2560px; --smush-placeholder-aspect-ratio: 2560\/1709;\" \/>\n            <\/div>\n                <div class=\"card-content\">\n            <h3><span>Conseil canadien de la performance des investissements<\/span><\/h3>                    <\/div>\n    <\/div>\n<\/div><\/div>\n<\/div>\n<\/div>\n<\/div>\n<\/div>\n\n\n\n<div id=\"professionalism\" class=\"wp-block-group is-layout-flow wp-block-group-is-layout-flow\">\n<div class=\"wp-block-columns is-layout-flex wp-container-core-columns-is-layout-9d6595d7 wp-block-columns-is-layout-flex\">\n<div class=\"wp-block-column is-layout-flow wp-block-column-is-layout-flow\" style=\"flex-basis:60%\">\n<figure class=\"wp-block-image alignfull size-large is-style-faded-left\"><img decoding=\"async\" width=\"1024\" height=\"683\" data-src=\"http:\/\/cfacanada.org\/wp-content\/uploads\/2022\/08\/GettyImages-1181008199-1024x683.jpg\" alt=\"\" class=\"wp-image-1460 lazyload\" data-srcset=\"https:\/\/cfacanada.org\/wp-content\/uploads\/2022\/08\/GettyImages-1181008199-1024x683.jpg 1024w, https:\/\/cfacanada.org\/wp-content\/uploads\/2022\/08\/GettyImages-1181008199-2048x1365.jpg 2048w, https:\/\/cfacanada.org\/wp-content\/uploads\/2022\/08\/GettyImages-1181008199-300x200.jpg 300w, https:\/\/cfacanada.org\/wp-content\/uploads\/2022\/08\/GettyImages-1181008199-768x512.jpg 768w, https:\/\/cfacanada.org\/wp-content\/uploads\/2022\/08\/GettyImages-1181008199-1536x1024.jpg 1536w\" data-sizes=\"(max-width: 1024px) 100vw, 1024px\" src=\"data:image\/svg+xml;base64,PHN2ZyB3aWR0aD0iMSIgaGVpZ2h0PSIxIiB4bWxucz0iaHR0cDovL3d3dy53My5vcmcvMjAwMC9zdmciPjwvc3ZnPg==\" style=\"--smush-placeholder-width: 1024px; --smush-placeholder-aspect-ratio: 1024\/683;\" \/><\/figure>\n<\/div>\n\n\n\n<div class=\"wp-block-column is-vertically-aligned-center is-layout-flow wp-block-column-is-layout-flow\">\n<h2 class=\"wp-block-heading\"><meta charset=\"utf-8\">\u00c9thique et professionnalisme:<br><span>au c\u0153ur de tout ce que <br>ce que nous faisons.<\/span><\/h2>\n\n\n\n<hr class=\"wp-block-separator has-css-opacity is-style-push-left\"\/>\n\n\n\n<p>Nous croyons que les normes les plus \u00e9lev\u00e9es en mati\u00e8re d&rsquo;\u00e9thique, d&rsquo;\u00e9ducation et d&rsquo;excellence professionnelle devraient \u00eatre le moteur du secteur canadien de l&rsquo;investissement.<\/p>\n\n\n\n<div class=\"wp-block-buttons is-layout-flex wp-block-buttons-is-layout-flex\">\n<div class=\"wp-block-button is-style-with-arrow\"><a class=\"wp-block-button__link wp-element-button\" href=\"\/fr\/ethics\/\">En savoir plus<\/a><\/div>\n<\/div>\n<\/div>\n<\/div>\n<\/div>\n\n\n\n<div id=\"news\" class=\"wp-block-group is-layout-flow wp-block-group-is-layout-flow\" style=\"padding-top:var(--wp--preset--spacing--60);padding-bottom:var(--wp--preset--spacing--60)\">\n<div class=\"wp-block-columns is-layout-flex wp-container-core-columns-is-layout-9d6595d7 wp-block-columns-is-layout-flex\">\n<div class=\"wp-block-column is-vertically-aligned-top is-layout-flow wp-block-column-is-layout-flow\" style=\"flex-basis:30%\">\n<h2 class=\"wp-block-heading\"><strong><strong>Derni\u00e8res nouvelles<\/strong><\/strong><\/h2>\n<\/div>\n\n\n\n<div class=\"wp-block-column is-layout-flow wp-block-column-is-layout-flow\">    <div id=\"press_release-block_5d23930545218a37133e470b010a8a08\" class=\"recentnews\">\n\n        \n        <div class=\"recentnews__list\">\n            <div class=\"row recentnews__row\">\n                                    <div class=\"col-sm-6 col-md-4\">\n                        <div class=\"recentnews__block\">\n                            <a href=\"https:\/\/cfacanada.org\/fr\/press_release\/finalistes-du-defi-ethique-2026-des-cfa-societies-canada\/\">\n                                <h3 class=\"recentnews__title\">Cinq \u00e9quipes universitaires se qualifient pour la finale du D\u00e9fi \u00e9thique des CFA Societies Canada<\/h3>\n                            <\/a>\n                            <div class=\"recentnews__date\">4 mars 2026<\/div>\n                        <\/div>\n                    <\/div>\n                                    <div class=\"col-sm-6 col-md-4\">\n                        <div class=\"recentnews__block\">\n                            <a href=\"https:\/\/cfacanada.org\/fr\/press_release\/nouvelles-exemptions-du-modele-de-competences-de-la-ciro\/\">\n                                <h3 class=\"recentnews__title\">CFA Society Toronto and CFA Societies Canada Welcome CIRO\u2019s New Proficiency Framework with Updated Exam Exemptions for CFA Charterholders and CFA Program Level 1 Exam Completion<\/h3>\n                            <\/a>\n                            <div class=\"recentnews__date\">1 d\u00e9cembre 2025<\/div>\n                        <\/div>\n                    <\/div>\n                                    <div class=\"col-sm-6 col-md-4\">\n                        <div class=\"recentnews__block\">\n                            <a href=\"https:\/\/cfacanada.org\/fr\/press_release\/cfa-societies-canada-annonce-la-composition-de-son-conseil-dadministration-pour-2025-2026\/\">\n                                <h3 class=\"recentnews__title\">CFA Societies Canada annonce la composition de son conseil d&rsquo;administration pour 2025-2026<\/h3>\n                            <\/a>\n                            <div class=\"recentnews__date\">30 septembre 2025<\/div>\n                        <\/div>\n                    <\/div>\n                            <\/div>\n        <\/div>\n    <\/div>\n    <a class=\"btn float-end\" href=\"https:\/\/cfacanada.org\/fr\/media\/\" style=\"font-weight: bold;  \">Voir plus<\/a>\n<\/div>\n<\/div>\n<\/div>\n\n\n\n<hr class=\"wp-block-separator has-alpha-channel-opacity\"\/>\n\n\n\n<div id=\"events\" class=\"wp-block-group is-layout-flow wp-block-group-is-layout-flow\" style=\"padding-top:var(--wp--preset--spacing--60);padding-bottom:var(--wp--preset--spacing--60)\">\n<div class=\"wp-block-columns are-vertically-aligned-top is-layout-flex wp-container-core-columns-is-layout-9d6595d7 wp-block-columns-is-layout-flex\">\n<div class=\"wp-block-column is-vertically-aligned-top is-layout-flow wp-block-column-is-layout-flow\" style=\"flex-basis:30%\">\n<h2 class=\"wp-block-heading\"><strong><strong>E<strong>v\u00e9nements \u00e0 venir<\/strong><br><\/strong><\/strong><\/h2>\n<\/div>\n\n\n\n<div class=\"wp-block-column is-vertically-aligned-top is-layout-flow wp-block-column-is-layout-flow\">\n<p>Nous identifions, d\u00e9veloppons et ex\u00e9cutons continuellement des initiatives nationales qui repr\u00e9sentent une vision partag\u00e9e par les CFA Societies Canada.<\/p>\n<\/div>\n<\/div>\n\n\n\n<div id=\"calendar-widget-container\" data-widget-id=\"b991d753-b413-4773-9b1b-c88ece4085f8\" data-calendar-id=\"4646ec82-5bcd-4bab-9635-90409febd02e\" data-height=\"\" data-width=\"\" data-show-icons=\"true\"> <script type=\"text\/javascript\"> window.cvtDomain = 'www.cvent.com';var cventWidgetRenderScript = document.createElement('script');var versionInHours = new Date().getTime()\/(3600 * 1000);cventWidgetRenderScript.src = 'https:\/\/www.cvent.com\/g\/mobile\/javascript\/calendar-widget-loader.js?version='+ versionInHours;document.getElementsByTagName('head')[0].appendChild(cventWidgetRenderScript);<\/script><\/div>\n\n\n\n<div class=\"wp-block-buttons is-content-justification-center is-layout-flex wp-container-core-buttons-is-layout-16018d1d wp-block-buttons-is-layout-flex\">\n<div class=\"wp-block-button\"><a class=\"wp-block-button__link wp-element-button\" href=\"https:\/\/www.cfamontreal.org\/evenements\" target=\"_blank\" rel=\"noreferrer noopener\"><strong><strong><strong>Voir les \u00e9v\u00e9nements de CFA Montr\u00e9al<\/strong><\/strong><\/strong><\/a><\/div>\n<\/div>\n<\/div>\n","protected":false},"excerpt":{"rendered":"<p>En tant que f\u00e9d\u00e9ration canadienne des soci\u00e9t\u00e9s de CFA, nous faisons progresser la profession de gestionnaire de placements en rehaussant les normes \u00e9thiques et professionnelles, en favorisant des march\u00e9s \u00e9quitables et en prot\u00e9geant les investisseurs. Faire avancer la d\u00e9fense des int\u00e9r\u00eats En tant que voix nationale des analystes financiers, nous identifions, r\u00e9pondons et proposons des [&hellip;]<\/p>\n","protected":false},"author":6,"featured_media":3359,"parent":0,"menu_order":0,"comment_status":"closed","ping_status":"closed","template":"","meta":{"_acf_changed":false,"inline_featured_image":false,"footnotes":""},"class_list":["post-1992","page","type-page","status-publish","has-post-thumbnail","hentry"],"acf":[],"featured_image_src":"https:\/\/cfacanada.org\/wp-content\/uploads\/2024\/06\/SPARK-RC-HERO-home.jpg","yoast_head":"<!-- This site is optimized with the Yoast SEO plugin v27.3 - https:\/\/yoast.com\/product\/yoast-seo-wordpress\/ -->\n<title>CFA Societies Canada<\/title>\n<meta name=\"description\" content=\"CFA Societies Canada fa\u00e7onne l&#039;industrie canadienne de l&#039;investissement. D\u00e9couvrez la vision, la mission et les priorit\u00e9s qui animent CFA Societies Canada.\" \/>\n<meta name=\"robots\" content=\"index, follow, max-snippet:-1, max-image-preview:large, max-video-preview:-1\" \/>\n<link rel=\"canonical\" href=\"https:\/\/cfacanada.org\/fr\/\" \/>\n<meta property=\"og:locale\" content=\"fr_FR\" \/>\n<meta property=\"og:type\" content=\"article\" \/>\n<meta property=\"og:title\" content=\"CFA Societies Canada\" \/>\n<meta property=\"og:description\" content=\"CFA Societies Canada fa\u00e7onne l&#039;industrie canadienne de l&#039;investissement. D\u00e9couvrez la vision, la mission et les priorit\u00e9s qui animent CFA Societies Canada.\" \/>\n<meta property=\"og:url\" content=\"https:\/\/cfacanada.org\/fr\/\" \/>\n<meta property=\"og:site_name\" content=\"CFA Societies Canada\" \/>\n<meta property=\"article:modified_time\" content=\"2024-08-15T13:52:17+00:00\" \/>\n<meta property=\"og:image\" content=\"http:\/\/cfacanada.org\/wp-content\/uploads\/2024\/06\/SPARK-RC-HERO-home.jpg\" \/>\n\t<meta property=\"og:image:width\" content=\"1960\" \/>\n\t<meta property=\"og:image:height\" content=\"1351\" \/>\n\t<meta property=\"og:image:type\" content=\"image\/jpeg\" \/>\n<meta name=\"twitter:card\" content=\"summary_large_image\" \/>\n<meta name=\"twitter:label1\" content=\"Dur\u00e9e de lecture estim\u00e9e\" \/>\n\t<meta name=\"twitter:data1\" content=\"2 minutes\" \/>\n<script type=\"application\/ld+json\" class=\"yoast-schema-graph\">{\"@context\":\"https:\\\/\\\/schema.org\",\"@graph\":[{\"@type\":\"WebPage\",\"@id\":\"https:\\\/\\\/cfacanada.org\\\/fr\\\/\",\"url\":\"https:\\\/\\\/cfacanada.org\\\/fr\\\/\",\"name\":\"CFA Societies Canada\",\"isPartOf\":{\"@id\":\"https:\\\/\\\/cfacanada.org\\\/#website\"},\"primaryImageOfPage\":{\"@id\":\"https:\\\/\\\/cfacanada.org\\\/fr\\\/#primaryimage\"},\"image\":{\"@id\":\"https:\\\/\\\/cfacanada.org\\\/fr\\\/#primaryimage\"},\"thumbnailUrl\":\"https:\\\/\\\/cfacanada.org\\\/wp-content\\\/uploads\\\/2024\\\/06\\\/SPARK-RC-HERO-home.jpg\",\"datePublished\":\"2022-11-10T20:21:00+00:00\",\"dateModified\":\"2024-08-15T13:52:17+00:00\",\"description\":\"CFA Societies Canada fa\u00e7onne l'industrie canadienne de l'investissement. D\u00e9couvrez la vision, la mission et les priorit\u00e9s qui animent CFA Societies Canada.\",\"breadcrumb\":{\"@id\":\"https:\\\/\\\/cfacanada.org\\\/fr\\\/#breadcrumb\"},\"inLanguage\":\"fr-FR\",\"potentialAction\":[{\"@type\":\"ReadAction\",\"target\":[\"https:\\\/\\\/cfacanada.org\\\/fr\\\/\"]}]},{\"@type\":\"ImageObject\",\"inLanguage\":\"fr-FR\",\"@id\":\"https:\\\/\\\/cfacanada.org\\\/fr\\\/#primaryimage\",\"url\":\"https:\\\/\\\/cfacanada.org\\\/wp-content\\\/uploads\\\/2024\\\/06\\\/SPARK-RC-HERO-home.jpg\",\"contentUrl\":\"https:\\\/\\\/cfacanada.org\\\/wp-content\\\/uploads\\\/2024\\\/06\\\/SPARK-RC-HERO-home.jpg\",\"width\":1960,\"height\":1351,\"caption\":\"Woman doing presentation in boardroom\"},{\"@type\":\"BreadcrumbList\",\"@id\":\"https:\\\/\\\/cfacanada.org\\\/fr\\\/#breadcrumb\",\"itemListElement\":[{\"@type\":\"ListItem\",\"position\":1,\"name\":\"Home\",\"item\":\"https:\\\/\\\/cfacanada.org\\\/fr\\\/\"},{\"@type\":\"ListItem\",\"position\":2,\"name\":\"Home\"}]},{\"@type\":\"WebSite\",\"@id\":\"https:\\\/\\\/cfacanada.org\\\/#website\",\"url\":\"https:\\\/\\\/cfacanada.org\\\/\",\"name\":\"CFA Societies Canada\",\"description\":\"Canadian investment values\",\"potentialAction\":[{\"@type\":\"SearchAction\",\"target\":{\"@type\":\"EntryPoint\",\"urlTemplate\":\"https:\\\/\\\/cfacanada.org\\\/?s={search_term_string}\"},\"query-input\":{\"@type\":\"PropertyValueSpecification\",\"valueRequired\":true,\"valueName\":\"search_term_string\"}}],\"inLanguage\":\"fr-FR\"}]}<\/script>\n<!-- \/ Yoast SEO plugin. -->","yoast_head_json":{"title":"CFA Societies Canada","description":"CFA Societies Canada fa\u00e7onne l'industrie canadienne de l'investissement. D\u00e9couvrez la vision, la mission et les priorit\u00e9s qui animent CFA Societies Canada.","robots":{"index":"index","follow":"follow","max-snippet":"max-snippet:-1","max-image-preview":"max-image-preview:large","max-video-preview":"max-video-preview:-1"},"canonical":"https:\/\/cfacanada.org\/fr\/","og_locale":"fr_FR","og_type":"article","og_title":"CFA Societies Canada","og_description":"CFA Societies Canada fa\u00e7onne l'industrie canadienne de l'investissement. D\u00e9couvrez la vision, la mission et les priorit\u00e9s qui animent CFA Societies Canada.","og_url":"https:\/\/cfacanada.org\/fr\/","og_site_name":"CFA Societies Canada","article_modified_time":"2024-08-15T13:52:17+00:00","og_image":[{"width":1960,"height":1351,"url":"http:\/\/cfacanada.org\/wp-content\/uploads\/2024\/06\/SPARK-RC-HERO-home.jpg","type":"image\/jpeg"}],"twitter_card":"summary_large_image","twitter_misc":{"Dur\u00e9e de lecture estim\u00e9e":"2 minutes"},"schema":{"@context":"https:\/\/schema.org","@graph":[{"@type":"WebPage","@id":"https:\/\/cfacanada.org\/fr\/","url":"https:\/\/cfacanada.org\/fr\/","name":"CFA Societies Canada","isPartOf":{"@id":"https:\/\/cfacanada.org\/#website"},"primaryImageOfPage":{"@id":"https:\/\/cfacanada.org\/fr\/#primaryimage"},"image":{"@id":"https:\/\/cfacanada.org\/fr\/#primaryimage"},"thumbnailUrl":"https:\/\/cfacanada.org\/wp-content\/uploads\/2024\/06\/SPARK-RC-HERO-home.jpg","datePublished":"2022-11-10T20:21:00+00:00","dateModified":"2024-08-15T13:52:17+00:00","description":"CFA Societies Canada fa\u00e7onne l'industrie canadienne de l'investissement. D\u00e9couvrez la vision, la mission et les priorit\u00e9s qui animent CFA Societies Canada.","breadcrumb":{"@id":"https:\/\/cfacanada.org\/fr\/#breadcrumb"},"inLanguage":"fr-FR","potentialAction":[{"@type":"ReadAction","target":["https:\/\/cfacanada.org\/fr\/"]}]},{"@type":"ImageObject","inLanguage":"fr-FR","@id":"https:\/\/cfacanada.org\/fr\/#primaryimage","url":"https:\/\/cfacanada.org\/wp-content\/uploads\/2024\/06\/SPARK-RC-HERO-home.jpg","contentUrl":"https:\/\/cfacanada.org\/wp-content\/uploads\/2024\/06\/SPARK-RC-HERO-home.jpg","width":1960,"height":1351,"caption":"Woman doing presentation in boardroom"},{"@type":"BreadcrumbList","@id":"https:\/\/cfacanada.org\/fr\/#breadcrumb","itemListElement":[{"@type":"ListItem","position":1,"name":"Home","item":"https:\/\/cfacanada.org\/fr\/"},{"@type":"ListItem","position":2,"name":"Home"}]},{"@type":"WebSite","@id":"https:\/\/cfacanada.org\/#website","url":"https:\/\/cfacanada.org\/","name":"CFA Societies Canada","description":"Canadian investment values","potentialAction":[{"@type":"SearchAction","target":{"@type":"EntryPoint","urlTemplate":"https:\/\/cfacanada.org\/?s={search_term_string}"},"query-input":{"@type":"PropertyValueSpecification","valueRequired":true,"valueName":"search_term_string"}}],"inLanguage":"fr-FR"}]}},"_links":{"self":[{"href":"https:\/\/cfacanada.org\/fr\/wp-json\/wp\/v2\/pages\/1992","targetHints":{"allow":["GET"]}}],"collection":[{"href":"https:\/\/cfacanada.org\/fr\/wp-json\/wp\/v2\/pages"}],"about":[{"href":"https:\/\/cfacanada.org\/fr\/wp-json\/wp\/v2\/types\/page"}],"author":[{"embeddable":true,"href":"https:\/\/cfacanada.org\/fr\/wp-json\/wp\/v2\/users\/6"}],"replies":[{"embeddable":true,"href":"https:\/\/cfacanada.org\/fr\/wp-json\/wp\/v2\/comments?post=1992"}],"version-history":[{"count":1,"href":"https:\/\/cfacanada.org\/fr\/wp-json\/wp\/v2\/pages\/1992\/revisions"}],"predecessor-version":[{"id":3502,"href":"https:\/\/cfacanada.org\/fr\/wp-json\/wp\/v2\/pages\/1992\/revisions\/3502"}],"wp:featuredmedia":[{"embeddable":true,"href":"https:\/\/cfacanada.org\/fr\/wp-json\/wp\/v2\/media\/3359"}],"wp:attachment":[{"href":"https:\/\/cfacanada.org\/fr\/wp-json\/wp\/v2\/media?parent=1992"}],"curies":[{"name":"wp","href":"https:\/\/api.w.org\/{rel}","templated":true}]}}