{"id":1998,"date":"2021-10-28T22:02:53","date_gmt":"2021-10-28T22:02:53","guid":{"rendered":"http:\/\/localhost:10018\/contact\/"},"modified":"2024-08-15T13:38:55","modified_gmt":"2024-08-15T13:38:55","slug":"contact","status":"publish","type":"page","link":"https:\/\/cfacanada.org\/fr\/contact\/","title":{"rendered":"Contactez-Nous"},"content":{"rendered":"    <div class=\"hero  hero-banner-block alignfull\">\n        <div class=\"hero__wrapper container\">\n            <div class=\"row justify-content-between align-items-center g-0\">\n                <div class=\"d-flex col-lg-6\">\n                    <div class=\"hero__content\">\n                        <h1 class=\"hero__title\">Contactez-Nous<\/h1>\n                                                                            <div class=\"hero__text\">\n                                <p class=\"contact-block__info-subheading\">Nos bureaux sont ouverts de 9 h \u00e0 17 h, heure de l\u2019Est, du lundi au vendredi.<\/p>\n<p>2205 \u2013 120, rue Adelaide Ouest<br \/>\nToronto, ON M5H 1T1<br \/>\nT\u00e9l\u00e9phone : (416) 366-3658<\/p>\n                            <\/div>\n                                                                            <div class=\"hero__link\">\n                                                                <a class=\"btn\" \n   href=\"mailto:info@cfacanada.org\" \n   target=\"\" \n   style=\"font-weight: bold; \">\n   info@cfacanada.org<\/a>\n                            <\/div>\n                                            <\/div>\n                <\/div>\n                                    <div class=\"hero__image\">\n                        <div class=\"hero__image__wrapper\">\n                                                        <img decoding=\"async\" data-src=\"https:\/\/cfacanada.org\/wp-content\/uploads\/2024\/06\/SPARK-RC-HERO-Contact.jpg\" alt=\"Woman on phone, smiling look out of window\" src=\"data:image\/svg+xml;base64,PHN2ZyB3aWR0aD0iMSIgaGVpZ2h0PSIxIiB4bWxucz0iaHR0cDovL3d3dy53My5vcmcvMjAwMC9zdmciPjwvc3ZnPg==\" class=\"lazyload\" style=\"--smush-placeholder-width: 1960px; --smush-placeholder-aspect-ratio: 1960\/1350;\">\n                        <\/div>\n                    <\/div>\n                            <\/div>\n        <\/div>\n    <\/div>\n\n\n\n\n\n<div id=\"contact\" class=\"wp-block-group is-layout-constrained wp-block-group-is-layout-constrained\">\n<h2 class=\"wp-block-heading\">Send us a note<\/h2>\n\n\n\n<div class=\"wpcf7 no-js\" id=\"wpcf7-f1600-o1\" lang=\"en-US\" dir=\"ltr\" data-wpcf7-id=\"1600\">\n<div class=\"screen-reader-response\"><p role=\"status\" aria-live=\"polite\" aria-atomic=\"true\"><\/p> <ul><\/ul><\/div>\n<form action=\"\/fr\/wp-json\/wp\/v2\/pages\/1998#wpcf7-f1600-o1\" method=\"post\" class=\"wpcf7-form init\" aria-label=\"Contact form\" novalidate=\"novalidate\" data-status=\"init\">\n<fieldset class=\"hidden-fields-container\"><input type=\"hidden\" name=\"_wpcf7\" value=\"1600\" \/><input type=\"hidden\" name=\"_wpcf7_version\" value=\"6.1.5\" \/><input type=\"hidden\" name=\"_wpcf7_locale\" value=\"en_US\" \/><input type=\"hidden\" name=\"_wpcf7_unit_tag\" value=\"wpcf7-f1600-o1\" \/><input type=\"hidden\" name=\"_wpcf7_container_post\" value=\"0\" \/><input type=\"hidden\" name=\"_wpcf7_posted_data_hash\" value=\"\" \/><input type=\"hidden\" name=\"_wpcf7_recaptcha_response\" value=\"\" \/>\n<\/fieldset>\n<label class=\"mb-4\"><span class=\"visually-hidden sr-only\">Your name<\/span>\n<span class=\"wpcf7-form-control-wrap\" data-name=\"fullname\"><input size=\"40\" maxlength=\"400\" class=\"wpcf7-form-control wpcf7-text wpcf7-validates-as-required form-control\" aria-required=\"true\" aria-invalid=\"false\" placeholder=\"Your name\" value=\"\" type=\"text\" name=\"fullname\" \/><\/span><\/label>\n<label class=\"mb-4\"><span class=\"visually-hidden sr-only\">Your email<\/span>\n<span class=\"wpcf7-form-control-wrap\" data-name=\"email-79\"><input size=\"40\" maxlength=\"400\" class=\"wpcf7-form-control wpcf7-email wpcf7-validates-as-required wpcf7-text wpcf7-validates-as-email form-control\" aria-required=\"true\" aria-invalid=\"false\" placeholder=\"Your email\" value=\"\" type=\"email\" name=\"email-79\" \/><\/span><\/label>\n<label class=\"mb-4\"><span class=\"visually-hidden sr-only\">Your message<\/span>\n<span class=\"wpcf7-form-control-wrap\" data-name=\"message\"><textarea cols=\"40\" rows=\"10\" maxlength=\"2000\" class=\"wpcf7-form-control wpcf7-textarea wpcf7-validates-as-required form-control\" aria-required=\"true\" aria-invalid=\"false\" placeholder=\"Your Message\" name=\"message\"><\/textarea><\/span><\/label>\n<input class=\"wpcf7-form-control wpcf7-submit has-spinner btn\" type=\"submit\" value=\"Send\" \/><div class=\"wpcf7-response-output\" aria-hidden=\"true\"><\/div>\n<\/form>\n<\/div>\n\n\n\n\n<div style=\"height:60px\" aria-hidden=\"true\" class=\"wp-block-spacer\"><\/div>\n\n\n\n<hr class=\"wp-block-separator has-css-opacity is-style-wide\"\/>\n\n\n\n<div class=\"wp-block-columns is-layout-flex wp-container-core-columns-is-layout-9d6595d7 wp-block-columns-is-layout-flex\">\n<div class=\"wp-block-column is-layout-flow wp-block-column-is-layout-flow\">\n<h4 class=\"wp-block-heading\">Trouvez les r\u00e9ponses aux questions les plus fr\u00e9quemment pos\u00e9es sur votre compte, l&rsquo;inscription aux programmes, l&rsquo;examen CFA\u00ae et l&rsquo;adh\u00e9sion au CFA Institute.<\/h4>\n\n\n\n<div class=\"wp-block-buttons is-layout-flex wp-block-buttons-is-layout-flex\">\n<div class=\"wp-block-button\"><a class=\"wp-block-button__link wp-element-button\" href=\"https:\/\/help.cfainstitute.org\/s\/\" target=\"_blank\" rel=\"noreferrer noopener\">En savoir plus<\/a><\/div>\n<\/div>\n<\/div>\n\n\n\n<div class=\"wp-block-column is-layout-flow wp-block-column-is-layout-flow\">\n<h4 class=\"wp-block-heading\">Vous cherchez \u00e0 signaler une faute commise par des membres ou candidats du CFA Institute ?<\/h4>\n\n\n\n<div class=\"wp-block-buttons is-layout-flex wp-block-buttons-is-layout-flex\">\n<div class=\"wp-block-button\"><a class=\"wp-block-button__link wp-element-button\" href=\"https:\/\/www.cfainstitute.org\/en\/ethics-standards\/conduct\/report-misconduct\" target=\"_blank\" rel=\"noreferrer noopener\">Signalez une faute<\/a><\/div>\n<\/div>\n<\/div>\n<\/div>\n<\/div>\n","protected":false},"excerpt":{"rendered":"<p>Send us a note Trouvez les r\u00e9ponses aux questions les plus fr\u00e9quemment pos\u00e9es sur votre compte, l&rsquo;inscription aux programmes, l&rsquo;examen CFA\u00ae et l&rsquo;adh\u00e9sion au CFA Institute. Vous cherchez \u00e0 signaler une faute commise par des membres ou candidats du CFA Institute ?<\/p>\n","protected":false},"author":2,"featured_media":0,"parent":0,"menu_order":0,"comment_status":"closed","ping_status":"closed","template":"","meta":{"_acf_changed":false,"inline_featured_image":false,"footnotes":""},"class_list":["post-1998","page","type-page","status-publish","hentry"],"acf":[],"featured_image_src":null,"yoast_head":"<!-- This site is optimized with the Yoast SEO plugin v27.3 - https:\/\/yoast.com\/product\/yoast-seo-wordpress\/ -->\n<title>Contactez-Nous - CFA Societies Canada<\/title>\n<meta name=\"description\" content=\"Nos bureaux sont ouverts de 9 h \u00e0 17 h, heure de l\u2019Est, du lundi au vendredi.\" \/>\n<meta name=\"robots\" content=\"index, follow, max-snippet:-1, max-image-preview:large, max-video-preview:-1\" \/>\n<link rel=\"canonical\" href=\"https:\/\/cfacanada.org\/fr\/contact\/\" \/>\n<meta property=\"og:locale\" content=\"fr_FR\" \/>\n<meta property=\"og:type\" content=\"article\" \/>\n<meta property=\"og:title\" content=\"Contactez-Nous - CFA Societies Canada\" \/>\n<meta property=\"og:description\" content=\"Nos bureaux sont ouverts de 9 h \u00e0 17 h, heure de l\u2019Est, du lundi au vendredi.\" \/>\n<meta property=\"og:url\" content=\"https:\/\/cfacanada.org\/fr\/contact\/\" \/>\n<meta property=\"og:site_name\" content=\"CFA Societies Canada\" \/>\n<meta property=\"article:modified_time\" content=\"2024-08-15T13:38:55+00:00\" \/>\n<meta name=\"twitter:card\" content=\"summary_large_image\" \/>\n<meta name=\"twitter:label1\" content=\"Dur\u00e9e de lecture estim\u00e9e\" \/>\n\t<meta name=\"twitter:data1\" content=\"1 minute\" \/>\n<script type=\"application\/ld+json\" class=\"yoast-schema-graph\">{\"@context\":\"https:\\\/\\\/schema.org\",\"@graph\":[{\"@type\":\"WebPage\",\"@id\":\"https:\\\/\\\/cfacanada.org\\\/fr\\\/contact\\\/\",\"url\":\"https:\\\/\\\/cfacanada.org\\\/fr\\\/contact\\\/\",\"name\":\"Contactez-Nous - CFA Societies Canada\",\"isPartOf\":{\"@id\":\"https:\\\/\\\/cfacanada.org\\\/#website\"},\"datePublished\":\"2021-10-28T22:02:53+00:00\",\"dateModified\":\"2024-08-15T13:38:55+00:00\",\"description\":\"Nos bureaux sont ouverts de 9 h \u00e0 17 h, heure de l\u2019Est, du lundi au vendredi.\",\"breadcrumb\":{\"@id\":\"https:\\\/\\\/cfacanada.org\\\/fr\\\/contact\\\/#breadcrumb\"},\"inLanguage\":\"fr-FR\",\"potentialAction\":[{\"@type\":\"ReadAction\",\"target\":[\"https:\\\/\\\/cfacanada.org\\\/fr\\\/contact\\\/\"]}]},{\"@type\":\"BreadcrumbList\",\"@id\":\"https:\\\/\\\/cfacanada.org\\\/fr\\\/contact\\\/#breadcrumb\",\"itemListElement\":[{\"@type\":\"ListItem\",\"position\":1,\"name\":\"Home\",\"item\":\"https:\\\/\\\/cfacanada.org\\\/fr\\\/\"},{\"@type\":\"ListItem\",\"position\":2,\"name\":\"Contactez-Nous\"}]},{\"@type\":\"WebSite\",\"@id\":\"https:\\\/\\\/cfacanada.org\\\/#website\",\"url\":\"https:\\\/\\\/cfacanada.org\\\/\",\"name\":\"CFA Societies Canada\",\"description\":\"Canadian investment values\",\"potentialAction\":[{\"@type\":\"SearchAction\",\"target\":{\"@type\":\"EntryPoint\",\"urlTemplate\":\"https:\\\/\\\/cfacanada.org\\\/?s={search_term_string}\"},\"query-input\":{\"@type\":\"PropertyValueSpecification\",\"valueRequired\":true,\"valueName\":\"search_term_string\"}}],\"inLanguage\":\"fr-FR\"}]}<\/script>\n<!-- \/ Yoast SEO plugin. -->","yoast_head_json":{"title":"Contactez-Nous - CFA Societies Canada","description":"Nos bureaux sont ouverts de 9 h \u00e0 17 h, heure de l\u2019Est, du lundi au vendredi.","robots":{"index":"index","follow":"follow","max-snippet":"max-snippet:-1","max-image-preview":"max-image-preview:large","max-video-preview":"max-video-preview:-1"},"canonical":"https:\/\/cfacanada.org\/fr\/contact\/","og_locale":"fr_FR","og_type":"article","og_title":"Contactez-Nous - CFA Societies Canada","og_description":"Nos bureaux sont ouverts de 9 h \u00e0 17 h, heure de l\u2019Est, du lundi au vendredi.","og_url":"https:\/\/cfacanada.org\/fr\/contact\/","og_site_name":"CFA Societies Canada","article_modified_time":"2024-08-15T13:38:55+00:00","twitter_card":"summary_large_image","twitter_misc":{"Dur\u00e9e de lecture estim\u00e9e":"1 minute"},"schema":{"@context":"https:\/\/schema.org","@graph":[{"@type":"WebPage","@id":"https:\/\/cfacanada.org\/fr\/contact\/","url":"https:\/\/cfacanada.org\/fr\/contact\/","name":"Contactez-Nous - CFA Societies Canada","isPartOf":{"@id":"https:\/\/cfacanada.org\/#website"},"datePublished":"2021-10-28T22:02:53+00:00","dateModified":"2024-08-15T13:38:55+00:00","description":"Nos bureaux sont ouverts de 9 h \u00e0 17 h, heure de l\u2019Est, du lundi au vendredi.","breadcrumb":{"@id":"https:\/\/cfacanada.org\/fr\/contact\/#breadcrumb"},"inLanguage":"fr-FR","potentialAction":[{"@type":"ReadAction","target":["https:\/\/cfacanada.org\/fr\/contact\/"]}]},{"@type":"BreadcrumbList","@id":"https:\/\/cfacanada.org\/fr\/contact\/#breadcrumb","itemListElement":[{"@type":"ListItem","position":1,"name":"Home","item":"https:\/\/cfacanada.org\/fr\/"},{"@type":"ListItem","position":2,"name":"Contactez-Nous"}]},{"@type":"WebSite","@id":"https:\/\/cfacanada.org\/#website","url":"https:\/\/cfacanada.org\/","name":"CFA Societies Canada","description":"Canadian investment values","potentialAction":[{"@type":"SearchAction","target":{"@type":"EntryPoint","urlTemplate":"https:\/\/cfacanada.org\/?s={search_term_string}"},"query-input":{"@type":"PropertyValueSpecification","valueRequired":true,"valueName":"search_term_string"}}],"inLanguage":"fr-FR"}]}},"_links":{"self":[{"href":"https:\/\/cfacanada.org\/fr\/wp-json\/wp\/v2\/pages\/1998","targetHints":{"allow":["GET"]}}],"collection":[{"href":"https:\/\/cfacanada.org\/fr\/wp-json\/wp\/v2\/pages"}],"about":[{"href":"https:\/\/cfacanada.org\/fr\/wp-json\/wp\/v2\/types\/page"}],"author":[{"embeddable":true,"href":"https:\/\/cfacanada.org\/fr\/wp-json\/wp\/v2\/users\/2"}],"replies":[{"embeddable":true,"href":"https:\/\/cfacanada.org\/fr\/wp-json\/wp\/v2\/comments?post=1998"}],"version-history":[{"count":1,"href":"https:\/\/cfacanada.org\/fr\/wp-json\/wp\/v2\/pages\/1998\/revisions"}],"predecessor-version":[{"id":3489,"href":"https:\/\/cfacanada.org\/fr\/wp-json\/wp\/v2\/pages\/1998\/revisions\/3489"}],"wp:attachment":[{"href":"https:\/\/cfacanada.org\/fr\/wp-json\/wp\/v2\/media?parent=1998"}],"curies":[{"name":"wp","href":"https:\/\/api.w.org\/{rel}","templated":true}]}}