{"id":2008,"date":"2021-10-28T22:03:13","date_gmt":"2021-10-28T22:03:13","guid":{"rendered":"http:\/\/localhost:10018\/member-societies\/"},"modified":"2024-08-15T13:40:52","modified_gmt":"2024-08-15T13:40:52","slug":"member-societies","status":"publish","type":"page","link":"https:\/\/cfacanada.org\/fr\/member-societies\/","title":{"rendered":"Member Societies"},"content":{"rendered":"\n<p><\/p>\n\n\n\n<div class=\"wp-block-group is-layout-flow wp-block-group-is-layout-flow\">\n<div class=\"wp-block-group is-layout-flow wp-block-group-is-layout-flow\">\n\n<div class=\"map\">\n        <h2 class=\"map__heading\">Nous repr\u00e9sentons les signataires de la charte CFA au Canada et nos 12 soci\u00e9t\u00e9s membres.<\/h2>\n        <div class=\"map__wrapper\">\n        <div class=\"map__navigation\">\n                        <div class=\"wp-block-button is-style-outline\">\n                <a href=\"#\" class=\"wp-block-button__link js-button-map\"\n                    data-value=\"0\">CFA Society Atlantic Canada<\/a>\n            <\/div>\n                        <div class=\"wp-block-button is-style-outline\">\n                <a href=\"#\" class=\"wp-block-button__link js-button-map\"\n                    data-value=\"1\">CFA Society Calgary<\/a>\n            <\/div>\n                        <div class=\"wp-block-button is-style-outline\">\n                <a href=\"#\" class=\"wp-block-button__link js-button-map\"\n                    data-value=\"2\">CFA Society Edmonton<\/a>\n            <\/div>\n                        <div class=\"wp-block-button is-style-outline\">\n                <a href=\"#\" class=\"wp-block-button__link js-button-map\"\n                    data-value=\"3\">CFA Montr\u00e9al<\/a>\n            <\/div>\n                        <div class=\"wp-block-button is-style-outline\">\n                <a href=\"#\" class=\"wp-block-button__link js-button-map\"\n                    data-value=\"4\">CFA Society Okanagan<\/a>\n            <\/div>\n                        <div class=\"wp-block-button is-style-outline\">\n                <a href=\"#\" class=\"wp-block-button__link js-button-map\"\n                    data-value=\"5\">CFA Society Ottawa<\/a>\n            <\/div>\n                        <div class=\"wp-block-button is-style-outline\">\n                <a href=\"#\" class=\"wp-block-button__link js-button-map\"\n                    data-value=\"6\">CFA Qu\u00e9bec<\/a>\n            <\/div>\n                        <div class=\"wp-block-button is-style-outline\">\n                <a href=\"#\" class=\"wp-block-button__link js-button-map\"\n                    data-value=\"7\">CFA Society Saskatchewan<\/a>\n            <\/div>\n                        <div class=\"wp-block-button is-style-outline\">\n                <a href=\"#\" class=\"wp-block-button__link js-button-map\"\n                    data-value=\"8\">CFA Society Toronto<\/a>\n            <\/div>\n                        <div class=\"wp-block-button is-style-outline\">\n                <a href=\"#\" class=\"wp-block-button__link js-button-map\"\n                    data-value=\"9\">CFA Society Vancouver<\/a>\n            <\/div>\n                        <div class=\"wp-block-button is-style-outline\">\n                <a href=\"#\" class=\"wp-block-button__link js-button-map\"\n                    data-value=\"10\">CFA Society Victoria<\/a>\n            <\/div>\n                        <div class=\"wp-block-button is-style-outline\">\n                <a href=\"#\" class=\"wp-block-button__link js-button-map\"\n                    data-value=\"11\">CFA Society Winnipeg<\/a>\n            <\/div>\n                    <\/div>\n        <div class=\"map__holder\">\n            <div id=\"map-block_220d57361654c2d7881615ca015dfe2a\" class=\"map__holder-map\"><\/div>\n        <\/div>\n    <\/div>\n<\/div>\n\n<script type=\"text\/javascript\">\nvar simplemaps_countrymap_mapdata = {\n    main_settings: {\n        \/\/General settings\n        width: \"responsive\", \/\/'700' or 'responsive'\n        background_color: \"#FFFFFF\",\n        background_transparent: \"yes\",\n        border_color: \"#ffffff\",\n        back_image_url: \"https:\/\/cfacanada.org\/wp-content\/themes\/cfa\/assets\/images\/map-back.svg\",\n\n        \/\/State defaults\n        state_description: \"\",\n        state_color: \"#06005A\",\n        state_hover_color: \"#4476FF\",\n        state_url: \"\",\n        border_size: 1.5,\n        all_states_inactive: \"yes\",\n        all_states_zoomable: \"no\",\n        state_image_url: \"\",\n        state_image_position: \"\",\n\n        \/\/Location defaults\n        location_description: \"Location description\",\n        location_url: \"\",\n        location_opacity: 0.8,\n        location_hover_opacity: 1,\n\n        location_border_color: \"#FFFFFF\",\n        location_border: 2,\n        location_hover_border: 2.5,\n        all_locations_inactive: \"no\",\n        all_locations_hidden: \"no\",\n        location_color: \"#4476FF\",\n        location_size: 80,\n        \/\/location_type: \"circle\",\n        location_type: \"image\",\n        location_image_url: \"https:\/\/cfacanada.org\/wp-content\/themes\/cfa\/assets\/images\/marker.svg\",\n\n        \/\/Label defaults\n        label_color: \"#d5ddec\",\n        label_hover_color: \"#d5ddec\",\n        label_size: 22,\n        label_font: \"Arial\",\n        hide_labels: \"no\",\n        hide_eastern_labels: \"no\",\n\n        \/\/Zoom settings\n        zoom: \"no\",\n        manual_zoom: \"no\",\n        back_image: \"no\",\n        initial_back: \"no\",\n        initial_zoom: \"-1\",\n        initial_zoom_solo: \"no\",\n        region_opacity: 1,\n        region_hover_opacity: 0.6,\n        zoom_out_incrementally: \"no\",\n        zoom_percentage: 0.99,\n        zoom_time: 0.5,\n\n        \/\/Popup settings\n        popup_color: \"white\",\n        popup_opacity: 1,\n        popup_shadow: 1,\n        popup_corners: 0,\n        popup_font: \"16px\/1.5 Lato, sans-serif\",\n        popup_nocss: \"no\",\n\n        \/\/Advanced settings\n        div: \"map-block_220d57361654c2d7881615ca015dfe2a\",\n        auto_load: \"yes\",\n        url_new_tab: \"no\",\n        images_directory: \"default\",\n        fade_time: 0.1,\n        link_text: \"View Website\",\n        popups: \"on_click\",\n\n    },\n    state_specific: {\n        CAN630: {\n            name: \"Manitoba\"\n        },\n        CAN631: {\n            name: \"Saskatchewan\"\n        },\n        CAN632: {\n            name: \"Alberta\"\n        },\n        CAN633: {\n            name: \"British Columbia\"\n        },\n        CAN634: {\n            name: \"Nunavut\"\n        },\n        CAN635: {\n            name: \"Northwest Territories\"\n        },\n        CAN636: {\n            name: \"Yukon\"\n        },\n        CAN682: {\n            name: \"Ontario\"\n        },\n        CAN683: {\n            name: \"Qu\u00e9bec\"\n        },\n        CAN684: {\n            name: \"New Brunswick\"\n        },\n        CAN685: {\n            name: \"Nova Scotia\"\n        },\n        CAN686: {\n            name: \"Newfoundland and Labrador\"\n        },\n        CAN687: {\n            name: \"Prince Edward Island\"\n        }\n    },\n    locations: {\n                 \"0\": {\n            lat: \"44.6476178\",\n            lng: \"-63.5727037\",\n            name: \"CFA Society Atlantic Canada\",\n            description: '<p>Halifax, Nova Scotia<\/p><div class=\"actions\"><div class=\"wp-block-button is-style-with-arrow\"><a href=\"https:\/\/www.cfasociety.org\/atlanticcanada\/home\" class=\"wp-block-button__link\" target=\"_blank\">Visitez le site web<\/a><\/div><div class=\"wp-block-button is-style-with-arrow email\"><a href=\"mailto:cfaatlantic@cfaatlantic.com\" class=\"wp-block-button__link\">Contact<\/a><\/div><div class=\"wp-block-button map-social-link\"><a href=\"https:\/\/www.linkedin.com\/company\/cfa-society-atlantic-canada\/\" target=\"_blank\"><img decoding=\"async\" src=\"https:\/\/cfacanada.org\/wp-content\/uploads\/2022\/07\/linkedin-brands-4.svg\"><\/a><\/div><\/div>'\n        },\n                 \"1\": {\n            lat: \"51.0482601\",\n            lng: \"-114.0836214\",\n            name: \"CFA Society Calgary\",\n            description: '<p>Calgary, Alberta<\/p><div class=\"actions\"><div class=\"wp-block-button is-style-with-arrow\"><a href=\"https:\/\/www.cfasociety.org\/calgary\/home\" class=\"wp-block-button__link\" target=\"_blank\">Visitez le site web<\/a><\/div><div class=\"wp-block-button is-style-with-arrow email\"><a href=\"mailto:admin@cfacalgary.com\" class=\"wp-block-button__link\">Contact<\/a><\/div><div class=\"wp-block-button map-social-link\"><a href=\"https:\/\/www.linkedin.com\/company\/cfa-society-calgary\/\" target=\"_blank\"><img decoding=\"async\" src=\"https:\/\/cfacanada.org\/wp-content\/uploads\/2022\/07\/linkedin-brands-4.svg\"><\/a><\/div><\/div>'\n        },\n                 \"2\": {\n            lat: \"53.5405723\",\n            lng: \"-113.500492\",\n            name: \"CFA Society Edmonton\",\n            description: '<p>Edmonton, Alberta<\/p><div class=\"actions\"><div class=\"wp-block-button is-style-with-arrow\"><a href=\"https:\/\/www.cfasociety.org\/edmonton\/home\" class=\"wp-block-button__link\" target=\"_blank\">Visitez le site web<\/a><\/div><div class=\"wp-block-button is-style-with-arrow email\"><a href=\"mailto:info@edmontoncfa.ca\" class=\"wp-block-button__link\">Contact<\/a><\/div><div class=\"wp-block-button map-social-link\"><a href=\"https:\/\/www.linkedin.com\/company\/cfa-society-edmonton\/\" target=\"_blank\"><img decoding=\"async\" src=\"https:\/\/cfacanada.org\/wp-content\/uploads\/2022\/07\/linkedin-brands-4.svg\"><\/a><\/div><\/div>'\n        },\n                 \"3\": {\n            lat: \"45.5007493\",\n            lng: \"-73.5702877\",\n            name: \"CFA Montr\u00e9al\",\n            description: '<p>Montr\u00e9al, Qu\u00e9bec<\/p><div class=\"actions\"><div class=\"wp-block-button is-style-with-arrow\"><a href=\"https:\/\/www.cfamontreal.org\/\" class=\"wp-block-button__link\" target=\"_blank\">Visitez le site web<\/a><\/div><div class=\"wp-block-button is-style-with-arrow email\"><a href=\"mailto:info@cfamontreal.org\" class=\"wp-block-button__link\">Contact<\/a><\/div><div class=\"wp-block-button map-social-link\"><a href=\"https:\/\/www.linkedin.com\/company\/association-cfa-montreal\/\" target=\"_blank\"><img decoding=\"async\" src=\"https:\/\/cfacanada.org\/wp-content\/uploads\/2022\/07\/linkedin-brands-4.svg\"><\/a><\/div><\/div>'\n        },\n                 \"4\": {\n            lat: \"49.445641\",\n            lng: \"-120.5466492\",\n            name: \"CFA Society Okanagan\",\n            description: '<p>Kelowna, British Columbia<\/p><div class=\"actions\"><div class=\"wp-block-button is-style-with-arrow\"><a href=\"https:\/\/www.cfasociety.org\/okanagan\/home\" class=\"wp-block-button__link\" target=\"_blank\">Visitez le site web<\/a><\/div><div class=\"wp-block-button is-style-with-arrow email\"><a href=\"mailto:okanagancfa@gmail.com\" class=\"wp-block-button__link\">Contact<\/a><\/div><div class=\"wp-block-button map-social-link\"><a href=\"https:\/\/www.linkedin.com\/company\/cfa-society-okanagan\/\" target=\"_blank\"><img decoding=\"async\" src=\"https:\/\/cfacanada.org\/wp-content\/uploads\/2022\/07\/linkedin-brands-4.svg\"><\/a><\/div><\/div>'\n        },\n                 \"5\": {\n            lat: \"45.4178592\",\n            lng: \"-75.7005902\",\n            name: \"CFA Society Ottawa\",\n            description: '<p>Ottawa, Ontario<\/p><div class=\"actions\"><div class=\"wp-block-button is-style-with-arrow\"><a href=\"https:\/\/www.cfasociety.org\/ottawa\/home\" class=\"wp-block-button__link\" target=\"_blank\">Visitez le site web<\/a><\/div><div class=\"wp-block-button is-style-with-arrow email\"><a href=\"mailto:admin@cfaottawa.ca\" class=\"wp-block-button__link\">Contact<\/a><\/div><div class=\"wp-block-button map-social-link\"><a href=\"https:\/\/www.linkedin.com\/company\/cfa-society-ottawa\/\" target=\"_blank\"><img decoding=\"async\" src=\"https:\/\/cfacanada.org\/wp-content\/uploads\/2022\/07\/linkedin-brands-4.svg\"><\/a><\/div><\/div>'\n        },\n                 \"6\": {\n            lat: \"46.8043005\",\n            lng: \"-71.229391\",\n            name: \"CFA Qu\u00e9bec\",\n            description: '<p>Qu\u00e9bec, Qu\u00e9bec<\/p><div class=\"actions\"><div class=\"wp-block-button is-style-with-arrow\"><a href=\"https:\/\/www.cfaquebec.org\/\" class=\"wp-block-button__link\" target=\"_blank\">Visitez le site web<\/a><\/div><div class=\"wp-block-button is-style-with-arrow email\"><a href=\"mailto:info@cfaquebec.org\" class=\"wp-block-button__link\">Contact<\/a><\/div><div class=\"wp-block-button map-social-link\"><a href=\"https:\/\/www.linkedin.com\/company\/cfa-qu-bec\/\" target=\"_blank\"><img decoding=\"async\" src=\"https:\/\/cfacanada.org\/wp-content\/uploads\/2022\/07\/linkedin-brands-4.svg\"><\/a><\/div><\/div>'\n        },\n                 \"7\": {\n            lat: \"50.451293\",\n            lng: \"-104.612856\",\n            name: \"CFA Society Saskatchewan\",\n            description: '<p>Regina, Saskatchewan<\/p><div class=\"actions\"><div class=\"wp-block-button is-style-with-arrow\"><a href=\"https:\/\/www.cfasociety.org\/saskatchewan\/home\" class=\"wp-block-button__link\" target=\"_blank\">Visitez le site web<\/a><\/div><div class=\"wp-block-button is-style-with-arrow email\"><a href=\"mailto:Info@sask.cfasociety.org\" class=\"wp-block-button__link\">Contact<\/a><\/div><div class=\"wp-block-button map-social-link\"><a href=\"https:\/\/www.linkedin.com\/company\/cfa-society-of-saskatchewan\/\" target=\"_blank\"><img decoding=\"async\" src=\"https:\/\/cfacanada.org\/wp-content\/uploads\/2022\/07\/linkedin-brands-4.svg\"><\/a><\/div><\/div>'\n        },\n                 \"8\": {\n            lat: \"43.6499286\",\n            lng: \"-79.3854366\",\n            name: \"CFA Society Toronto\",\n            description: '<p>Toronto, Ontario<\/p><div class=\"actions\"><div class=\"wp-block-button is-style-with-arrow\"><a href=\"http:\/\/www.cfatoronto.ca\/\" class=\"wp-block-button__link\" target=\"_blank\">Visitez le site web<\/a><\/div><div class=\"wp-block-button is-style-with-arrow email\"><a href=\"mailto:info@cfatoronto.ca\" class=\"wp-block-button__link\">Contact<\/a><\/div><div class=\"wp-block-button map-social-link\"><a href=\"https:\/\/www.linkedin.com\/company\/cfatoronto\/\" target=\"_blank\"><img decoding=\"async\" src=\"https:\/\/cfacanada.org\/wp-content\/uploads\/2022\/07\/linkedin-brands-4.svg\"><\/a><\/div><\/div>'\n        },\n                 \"9\": {\n            lat: \"49.3278192\",\n            lng: \"-123.0738084\",\n            name: \"CFA Society Vancouver\",\n            description: '<p>Vancouver, British Columbia<\/p><div class=\"actions\"><div class=\"wp-block-button is-style-with-arrow\"><a href=\"https:\/\/www.cfasociety.org\/vancouver\/home\" class=\"wp-block-button__link\" target=\"_blank\">Visitez le site web<\/a><\/div><div class=\"wp-block-button is-style-with-arrow email\"><a href=\"mailto:info@cfavancouver.com\" class=\"wp-block-button__link\">Contact<\/a><\/div><div class=\"wp-block-button map-social-link\"><a href=\"https:\/\/www.linkedin.com\/company\/cfa-society-vancouver\/\" target=\"_blank\"><img decoding=\"async\" src=\"https:\/\/cfacanada.org\/wp-content\/uploads\/2022\/07\/linkedin-brands-4.svg\"><\/a><\/div><\/div>'\n        },\n                 \"10\": {\n            lat: \"48.4331451\",\n            lng: \"-123.3633233\",\n            name: \"CFA Society Victoria\",\n            description: '<p>Victoria, British Columbia<\/p><div class=\"actions\"><div class=\"wp-block-button is-style-with-arrow\"><a href=\"https:\/\/www.cfasociety.org\/victoria\/home\" class=\"wp-block-button__link\" target=\"_blank\">Visitez le site web<\/a><\/div><div class=\"wp-block-button is-style-with-arrow email\"><a href=\"mailto:info@cfavictoria.com\" class=\"wp-block-button__link\">Contact<\/a><\/div><div class=\"wp-block-button map-social-link\"><a href=\"https:\/\/www.linkedin.com\/company\/cfa-victoria-society\/\" target=\"_blank\"><img decoding=\"async\" src=\"https:\/\/cfacanada.org\/wp-content\/uploads\/2022\/07\/linkedin-brands-4.svg\"><\/a><\/div><\/div>'\n        },\n                 \"11\": {\n            lat: \"49.8923925\",\n            lng: \"-97.1426888\",\n            name: \"CFA Society Winnipeg\",\n            description: '<p>Winnipeg, Manitoba<\/p><div class=\"actions\"><div class=\"wp-block-button is-style-with-arrow\"><a href=\"https:\/\/www.cfasociety.org\/winnipeg\/home\" class=\"wp-block-button__link\" target=\"_blank\">Visitez le site web<\/a><\/div><div class=\"wp-block-button is-style-with-arrow email\"><a href=\"mailto:info@cfawinnipeg.ca\" class=\"wp-block-button__link\">Contact<\/a><\/div><div class=\"wp-block-button map-social-link\"><a href=\"https:\/\/www.linkedin.com\/company\/cfa-society-winnipeg\/\" target=\"_blank\"><img decoding=\"async\" src=\"https:\/\/cfacanada.org\/wp-content\/uploads\/2022\/07\/linkedin-brands-4.svg\"><\/a><\/div><\/div>'\n        },\n            },\n    labels: {},\n    legend: {\n        entries: []\n    },\n    regions: {}\n};\n<\/script>\n<script type=\"text\/javascript\" src=\"https:\/\/cfacanada.org\/wp-content\/themes\/cfa\/assets\/js\/countrymap.js\"><\/script>\n<\/div>\n<\/div>\n","protected":false},"excerpt":{"rendered":"","protected":false},"author":2,"featured_media":0,"parent":0,"menu_order":0,"comment_status":"closed","ping_status":"closed","template":"","meta":{"_acf_changed":false,"inline_featured_image":false,"footnotes":""},"class_list":["post-2008","page","type-page","status-publish","hentry"],"acf":[],"featured_image_src":null,"yoast_head":"<!-- This site is optimized with the Yoast SEO plugin v27.3 - https:\/\/yoast.com\/product\/yoast-seo-wordpress\/ -->\n<title>Member Societies - CFA Societies Canada<\/title>\n<meta name=\"description\" content=\"Nous repr\u00e9sentons les signataires de la charte CFA au Canada et nos 12 soci\u00e9t\u00e9s membres.\" \/>\n<meta name=\"robots\" content=\"index, follow, max-snippet:-1, max-image-preview:large, max-video-preview:-1\" \/>\n<link rel=\"canonical\" href=\"https:\/\/cfacanada.org\/fr\/member-societies\/\" \/>\n<meta property=\"og:locale\" content=\"fr_FR\" \/>\n<meta property=\"og:type\" content=\"article\" \/>\n<meta property=\"og:title\" content=\"Member Societies - CFA Societies Canada\" \/>\n<meta property=\"og:description\" content=\"Nous repr\u00e9sentons les signataires de la charte CFA au Canada et nos 12 soci\u00e9t\u00e9s membres.\" \/>\n<meta property=\"og:url\" content=\"https:\/\/cfacanada.org\/fr\/member-societies\/\" \/>\n<meta property=\"og:site_name\" content=\"CFA Societies Canada\" \/>\n<meta property=\"article:modified_time\" content=\"2024-08-15T13:40:52+00:00\" \/>\n<meta name=\"twitter:card\" content=\"summary_large_image\" \/>\n<script type=\"application\/ld+json\" class=\"yoast-schema-graph\">{\"@context\":\"https:\\\/\\\/schema.org\",\"@graph\":[{\"@type\":\"WebPage\",\"@id\":\"https:\\\/\\\/cfacanada.org\\\/fr\\\/member-societies\\\/\",\"url\":\"https:\\\/\\\/cfacanada.org\\\/fr\\\/member-societies\\\/\",\"name\":\"Member Societies - CFA Societies Canada\",\"isPartOf\":{\"@id\":\"https:\\\/\\\/cfacanada.org\\\/#website\"},\"datePublished\":\"2021-10-28T22:03:13+00:00\",\"dateModified\":\"2024-08-15T13:40:52+00:00\",\"description\":\"Nous repr\u00e9sentons les signataires de la charte CFA au Canada et nos 12 soci\u00e9t\u00e9s membres.\",\"breadcrumb\":{\"@id\":\"https:\\\/\\\/cfacanada.org\\\/fr\\\/member-societies\\\/#breadcrumb\"},\"inLanguage\":\"fr-FR\",\"potentialAction\":[{\"@type\":\"ReadAction\",\"target\":[\"https:\\\/\\\/cfacanada.org\\\/fr\\\/member-societies\\\/\"]}]},{\"@type\":\"BreadcrumbList\",\"@id\":\"https:\\\/\\\/cfacanada.org\\\/fr\\\/member-societies\\\/#breadcrumb\",\"itemListElement\":[{\"@type\":\"ListItem\",\"position\":1,\"name\":\"Home\",\"item\":\"https:\\\/\\\/cfacanada.org\\\/fr\\\/\"},{\"@type\":\"ListItem\",\"position\":2,\"name\":\"Member Societies\"}]},{\"@type\":\"WebSite\",\"@id\":\"https:\\\/\\\/cfacanada.org\\\/#website\",\"url\":\"https:\\\/\\\/cfacanada.org\\\/\",\"name\":\"CFA Societies Canada\",\"description\":\"Canadian investment values\",\"potentialAction\":[{\"@type\":\"SearchAction\",\"target\":{\"@type\":\"EntryPoint\",\"urlTemplate\":\"https:\\\/\\\/cfacanada.org\\\/?s={search_term_string}\"},\"query-input\":{\"@type\":\"PropertyValueSpecification\",\"valueRequired\":true,\"valueName\":\"search_term_string\"}}],\"inLanguage\":\"fr-FR\"}]}<\/script>\n<!-- \/ Yoast SEO plugin. -->","yoast_head_json":{"title":"Member Societies - CFA Societies Canada","description":"Nous repr\u00e9sentons les signataires de la charte CFA au Canada et nos 12 soci\u00e9t\u00e9s membres.","robots":{"index":"index","follow":"follow","max-snippet":"max-snippet:-1","max-image-preview":"max-image-preview:large","max-video-preview":"max-video-preview:-1"},"canonical":"https:\/\/cfacanada.org\/fr\/member-societies\/","og_locale":"fr_FR","og_type":"article","og_title":"Member Societies - CFA Societies Canada","og_description":"Nous repr\u00e9sentons les signataires de la charte CFA au Canada et nos 12 soci\u00e9t\u00e9s membres.","og_url":"https:\/\/cfacanada.org\/fr\/member-societies\/","og_site_name":"CFA Societies Canada","article_modified_time":"2024-08-15T13:40:52+00:00","twitter_card":"summary_large_image","schema":{"@context":"https:\/\/schema.org","@graph":[{"@type":"WebPage","@id":"https:\/\/cfacanada.org\/fr\/member-societies\/","url":"https:\/\/cfacanada.org\/fr\/member-societies\/","name":"Member Societies - CFA Societies Canada","isPartOf":{"@id":"https:\/\/cfacanada.org\/#website"},"datePublished":"2021-10-28T22:03:13+00:00","dateModified":"2024-08-15T13:40:52+00:00","description":"Nous repr\u00e9sentons les signataires de la charte CFA au Canada et nos 12 soci\u00e9t\u00e9s membres.","breadcrumb":{"@id":"https:\/\/cfacanada.org\/fr\/member-societies\/#breadcrumb"},"inLanguage":"fr-FR","potentialAction":[{"@type":"ReadAction","target":["https:\/\/cfacanada.org\/fr\/member-societies\/"]}]},{"@type":"BreadcrumbList","@id":"https:\/\/cfacanada.org\/fr\/member-societies\/#breadcrumb","itemListElement":[{"@type":"ListItem","position":1,"name":"Home","item":"https:\/\/cfacanada.org\/fr\/"},{"@type":"ListItem","position":2,"name":"Member Societies"}]},{"@type":"WebSite","@id":"https:\/\/cfacanada.org\/#website","url":"https:\/\/cfacanada.org\/","name":"CFA Societies Canada","description":"Canadian investment values","potentialAction":[{"@type":"SearchAction","target":{"@type":"EntryPoint","urlTemplate":"https:\/\/cfacanada.org\/?s={search_term_string}"},"query-input":{"@type":"PropertyValueSpecification","valueRequired":true,"valueName":"search_term_string"}}],"inLanguage":"fr-FR"}]}},"_links":{"self":[{"href":"https:\/\/cfacanada.org\/fr\/wp-json\/wp\/v2\/pages\/2008","targetHints":{"allow":["GET"]}}],"collection":[{"href":"https:\/\/cfacanada.org\/fr\/wp-json\/wp\/v2\/pages"}],"about":[{"href":"https:\/\/cfacanada.org\/fr\/wp-json\/wp\/v2\/types\/page"}],"author":[{"embeddable":true,"href":"https:\/\/cfacanada.org\/fr\/wp-json\/wp\/v2\/users\/2"}],"replies":[{"embeddable":true,"href":"https:\/\/cfacanada.org\/fr\/wp-json\/wp\/v2\/comments?post=2008"}],"version-history":[{"count":1,"href":"https:\/\/cfacanada.org\/fr\/wp-json\/wp\/v2\/pages\/2008\/revisions"}],"predecessor-version":[{"id":3491,"href":"https:\/\/cfacanada.org\/fr\/wp-json\/wp\/v2\/pages\/2008\/revisions\/3491"}],"wp:attachment":[{"href":"https:\/\/cfacanada.org\/fr\/wp-json\/wp\/v2\/media?parent=2008"}],"curies":[{"name":"wp","href":"https:\/\/api.w.org\/{rel}","templated":true}]}}