{"id":2012,"date":"2021-10-28T22:03:33","date_gmt":"2021-10-28T22:03:33","guid":{"rendered":"http:\/\/localhost:10018\/media\/"},"modified":"2024-06-04T16:47:03","modified_gmt":"2024-06-04T16:47:03","slug":"media","status":"publish","type":"page","link":"https:\/\/cfacanada.org\/fr\/media\/","title":{"rendered":"Media"},"content":{"rendered":"\n<div class=\"wp-block-group is-layout-flow wp-block-group-is-layout-flow\"><div id=\"full_press_release-block_8935535db5a905b462e18cc68f3010c8\" class=\"search-insights-block is-press\">\n    <h2>Mises \u00e0 jour de la soci\u00e9t\u00e9<\/h2>\n    <p class=\"section-text\"><\/p>\n\n    <form>\n        <div class=\"search-insights__form js-insights-form\" id=\"search-form-insights\">\n            <div class=\"input-group\">\n\n                <!-- TAGS (tag_releases) -->\n                <div class=\"form-custom-select\">\n                    <label for=\"tags\">\u00c9tiquettes<\/label>\n                    <select name=\"tags\" id=\"tags\" class=\"form-control form-select js-tags\">\n                        <option value=\"\">Toutes<\/option>\n                                                        <option value=\"171\" >\n                                    CIRO                                <\/option>\n                                                            <option value=\"46\" >\n                                    Conseil d&#039;administration                                <\/option>\n                                                            <option value=\"120\" >\n                                    Consumer Advocacy                                <\/option>\n                                                            <option value=\"121\" >\n                                    D\u00e9fense des consommateurs                                <\/option>\n                                                            <option value=\"47\" >\n                                    D\u00e9fi \u00e9thique                                <\/option>\n                                                            <option value=\"48\" >\n                                    IIROC                                <\/option>\n                                                <\/select>\n                <\/div>\n\n                <!-- DATE -->\n                <div class=\"form-control-holder form-control-daterange\">\n                    <label for=\"date\">Plage de dates<\/label>\n                    <input\n                        id=\"date\"\n                        name=\"date\"\n                        type=\"text\"\n                        value=\"\"\n                        class=\"form-control js-daterange js-date\"\n                        placeholder=\"Plage de dates\"\n                        autocomplete=\"off\"\n                    \/>\n                <\/div>\n\n                <!-- KEYWORDS -->\n                <div class=\"form-control-holder\">\n                    <label for=\"keywords\">Mots cl\u00e9s<\/label>\n                    <input\n                        id=\"keywords\"\n                        name=\"keyword\"\n                        type=\"text\"\n                        class=\"form-control js-keyword\"\n                        value=\"\"\n                        placeholder=\"Mots cl\u00e9s\"\n                    \/>\n                <\/div>\n\n            <\/div>\n        <\/div>\n\n        <button class=\"btn btn-left\" type=\"submit\">\n            Soumettre        <\/button>\n    <\/form>\n\n            <div class=\"js-insights-list\">\n                            <div class=\"block-insights\">\n                    <a href=\"https:\/\/cfacanada.org\/fr\/press_release\/finalistes-du-defi-ethique-2026-des-cfa-societies-canada\/\" class=\"block-insights-title\">\n                        <h5 class=\"block-insights__title\">Cinq \u00e9quipes universitaires se qualifient pour la finale du D\u00e9fi \u00e9thique des CFA Societies Canada<\/h5>\n                    <\/a>\n\n                    <h5>4 mars 2026<\/h5>\n\n                    \n                                            <a href=\"https:\/\/cfacanada.org\/fr\/press_release\/finalistes-du-defi-ethique-2026-des-cfa-societies-canada\/\">\n                            En savoir plus                        <\/a>\n                    \n                                            <ul class=\"block-insights__categories list-unstyled\">\n                                                            <li>\n                                                                <\/li>\n                            \n                                                    <\/ul>\n                                    <\/div>\n                            <div class=\"block-insights\">\n                    <a href=\"https:\/\/cfacanada.org\/fr\/press_release\/nouvelles-exemptions-du-modele-de-competences-de-la-ciro\/\" class=\"block-insights-title\">\n                        <h5 class=\"block-insights__title\">CFA Society Toronto and CFA Societies Canada Welcome CIRO\u2019s New Proficiency Framework with Updated Exam Exemptions for CFA Charterholders and CFA Program Level 1 Exam Completion<\/h5>\n                    <\/a>\n\n                    <h5>1 d\u00e9cembre 2025<\/h5>\n\n                    \n                                            <a href=\"https:\/\/cfacanada.org\/fr\/press_release\/nouvelles-exemptions-du-modele-de-competences-de-la-ciro\/\">\n                            En savoir plus                        <\/a>\n                    \n                                            <ul class=\"block-insights__categories list-unstyled\">\n                                                            <li>\n                                                                <\/li>\n                            \n                                                    <\/ul>\n                                    <\/div>\n                            <div class=\"block-insights\">\n                    <a href=\"https:\/\/cfacanada.org\/fr\/press_release\/cfa-societies-canada-annonce-la-composition-de-son-conseil-dadministration-pour-2025-2026\/\" class=\"block-insights-title\">\n                        <h5 class=\"block-insights__title\">CFA Societies Canada annonce la composition de son conseil d&rsquo;administration pour 2025-2026<\/h5>\n                    <\/a>\n\n                    <h5>30 septembre 2025<\/h5>\n\n                    \n                                            <a href=\"https:\/\/cfacanada.org\/fr\/press_release\/cfa-societies-canada-annonce-la-composition-de-son-conseil-dadministration-pour-2025-2026\/\">\n                            En savoir plus                        <\/a>\n                    \n                                            <ul class=\"block-insights__categories list-unstyled\">\n                                                            <li>\n                                                                <\/li>\n                            \n                                                    <\/ul>\n                                    <\/div>\n                            <div class=\"block-insights\">\n                    <a href=\"https:\/\/cfacanada.org\/fr\/press_release\/luniversite-de-regina-triomphe-dans-le-neuvieme-defi-annuel-dethique-de-cfa-societies-canada\/\" class=\"block-insights-title\">\n                        <h5 class=\"block-insights__title\">L&rsquo;Universit\u00e9 de Regina triomphe dans le neuvi\u00e8me d\u00e9fi annuel d&rsquo;\u00e9thique de CFA Societies Canada<\/h5>\n                    <\/a>\n\n                    <h5>5 mai 2025<\/h5>\n\n                    \n                                            <a href=\"https:\/\/cfacanada.org\/fr\/press_release\/luniversite-de-regina-triomphe-dans-le-neuvieme-defi-annuel-dethique-de-cfa-societies-canada\/\">\n                            En savoir plus                        <\/a>\n                    \n                                            <ul class=\"block-insights__categories list-unstyled\">\n                                                            <li>\n                                                                <\/li>\n                            \n                                                    <\/ul>\n                                    <\/div>\n                            <div class=\"block-insights\">\n                    <a href=\"https:\/\/cfacanada.org\/fr\/press_release\/leading-canadian-associations-launch-alliance-and-propose-new-policy-solutions-to-foster-and-support-asset-management-entrepreneurs\/\" class=\"block-insights-title\">\n                        <h5 class=\"block-insights__title\">Les principales associations canadiennes lancent une alliance et proposent de nouvelles solutions politiques pour encourager et soutenir les entrepreneurs dans le domaine de la gestion d&rsquo;actifs<\/h5>\n                    <\/a>\n\n                    <h5>30 avril 2025<\/h5>\n\n                    \n                                            <a href=\"https:\/\/cfacanada.org\/fr\/press_release\/leading-canadian-associations-launch-alliance-and-propose-new-policy-solutions-to-foster-and-support-asset-management-entrepreneurs\/\">\n                            En savoir plus                        <\/a>\n                    \n                                    <\/div>\n                            <div class=\"block-insights\">\n                    <a href=\"https:\/\/cfacanada.org\/fr\/press_release\/cinq-equipes-universitaires-se-qualifient-pour-le-defi-annuel-dethique-de-cfa-societies-canada\/\" class=\"block-insights-title\">\n                        <h5 class=\"block-insights__title\">Cinq \u00e9quipes universitaires se qualifient pour le D\u00e9fi annuel d&rsquo;\u00e9thique de CFA Societies Canada<\/h5>\n                    <\/a>\n\n                    <h5>19 f\u00e9vrier 2025<\/h5>\n\n                    \n                                            <a href=\"https:\/\/cfacanada.org\/fr\/press_release\/cinq-equipes-universitaires-se-qualifient-pour-le-defi-annuel-dethique-de-cfa-societies-canada\/\">\n                            En savoir plus                        <\/a>\n                    \n                                            <ul class=\"block-insights__categories list-unstyled\">\n                                                            <li>\n                                                                <\/li>\n                            \n                                                    <\/ul>\n                                    <\/div>\n                    <\/div>\n\n                    <div class=\"text-center mt-4\">\n                <button\n                    class=\"btn btn--grey loadPosts\"\n                    data-action=\"load_press_releases\"\n                    data-page=\"1\"\n                    data-maxpages=\"5\"\n                    data-topic=\"\"\n                    data-tags=\"\"\n                    data-date=\"\"\n                    data-key=\"\"\n                >\n                    En savoir plus                <\/button>\n            <\/div>\n            <\/div>\n<\/div>\n","protected":false},"excerpt":{"rendered":"","protected":false},"author":2,"featured_media":0,"parent":0,"menu_order":0,"comment_status":"closed","ping_status":"closed","template":"page-nohero.php","meta":{"_acf_changed":false,"inline_featured_image":false,"footnotes":""},"class_list":["post-2012","page","type-page","status-publish","hentry"],"acf":[],"featured_image_src":null,"yoast_head":"<!-- This site is optimized with the Yoast SEO plugin v27.3 - https:\/\/yoast.com\/product\/yoast-seo-wordpress\/ -->\n<title>Media - CFA Societies Canada<\/title>\n<meta name=\"robots\" content=\"index, follow, max-snippet:-1, max-image-preview:large, max-video-preview:-1\" \/>\n<link rel=\"canonical\" href=\"https:\/\/cfacanada.org\/fr\/media\/\" \/>\n<meta property=\"og:locale\" content=\"fr_FR\" \/>\n<meta property=\"og:type\" content=\"article\" \/>\n<meta property=\"og:title\" content=\"Media - CFA Societies Canada\" \/>\n<meta property=\"og:url\" content=\"https:\/\/cfacanada.org\/fr\/media\/\" \/>\n<meta property=\"og:site_name\" content=\"CFA Societies Canada\" \/>\n<meta property=\"article:modified_time\" content=\"2024-06-04T16:47:03+00:00\" \/>\n<meta name=\"twitter:card\" content=\"summary_large_image\" \/>\n<script type=\"application\/ld+json\" class=\"yoast-schema-graph\">{\"@context\":\"https:\\\/\\\/schema.org\",\"@graph\":[{\"@type\":\"WebPage\",\"@id\":\"https:\\\/\\\/cfacanada.org\\\/fr\\\/media\\\/\",\"url\":\"https:\\\/\\\/cfacanada.org\\\/fr\\\/media\\\/\",\"name\":\"Media - CFA Societies Canada\",\"isPartOf\":{\"@id\":\"https:\\\/\\\/cfacanada.org\\\/#website\"},\"datePublished\":\"2021-10-28T22:03:33+00:00\",\"dateModified\":\"2024-06-04T16:47:03+00:00\",\"breadcrumb\":{\"@id\":\"https:\\\/\\\/cfacanada.org\\\/fr\\\/media\\\/#breadcrumb\"},\"inLanguage\":\"fr-FR\",\"potentialAction\":[{\"@type\":\"ReadAction\",\"target\":[\"https:\\\/\\\/cfacanada.org\\\/fr\\\/media\\\/\"]}]},{\"@type\":\"BreadcrumbList\",\"@id\":\"https:\\\/\\\/cfacanada.org\\\/fr\\\/media\\\/#breadcrumb\",\"itemListElement\":[{\"@type\":\"ListItem\",\"position\":1,\"name\":\"Home\",\"item\":\"https:\\\/\\\/cfacanada.org\\\/fr\\\/\"},{\"@type\":\"ListItem\",\"position\":2,\"name\":\"Media\"}]},{\"@type\":\"WebSite\",\"@id\":\"https:\\\/\\\/cfacanada.org\\\/#website\",\"url\":\"https:\\\/\\\/cfacanada.org\\\/\",\"name\":\"CFA Societies Canada\",\"description\":\"Canadian investment values\",\"potentialAction\":[{\"@type\":\"SearchAction\",\"target\":{\"@type\":\"EntryPoint\",\"urlTemplate\":\"https:\\\/\\\/cfacanada.org\\\/?s={search_term_string}\"},\"query-input\":{\"@type\":\"PropertyValueSpecification\",\"valueRequired\":true,\"valueName\":\"search_term_string\"}}],\"inLanguage\":\"fr-FR\"}]}<\/script>\n<!-- \/ Yoast SEO plugin. -->","yoast_head_json":{"title":"Media - CFA Societies Canada","robots":{"index":"index","follow":"follow","max-snippet":"max-snippet:-1","max-image-preview":"max-image-preview:large","max-video-preview":"max-video-preview:-1"},"canonical":"https:\/\/cfacanada.org\/fr\/media\/","og_locale":"fr_FR","og_type":"article","og_title":"Media - CFA Societies Canada","og_url":"https:\/\/cfacanada.org\/fr\/media\/","og_site_name":"CFA Societies Canada","article_modified_time":"2024-06-04T16:47:03+00:00","twitter_card":"summary_large_image","schema":{"@context":"https:\/\/schema.org","@graph":[{"@type":"WebPage","@id":"https:\/\/cfacanada.org\/fr\/media\/","url":"https:\/\/cfacanada.org\/fr\/media\/","name":"Media - CFA Societies Canada","isPartOf":{"@id":"https:\/\/cfacanada.org\/#website"},"datePublished":"2021-10-28T22:03:33+00:00","dateModified":"2024-06-04T16:47:03+00:00","breadcrumb":{"@id":"https:\/\/cfacanada.org\/fr\/media\/#breadcrumb"},"inLanguage":"fr-FR","potentialAction":[{"@type":"ReadAction","target":["https:\/\/cfacanada.org\/fr\/media\/"]}]},{"@type":"BreadcrumbList","@id":"https:\/\/cfacanada.org\/fr\/media\/#breadcrumb","itemListElement":[{"@type":"ListItem","position":1,"name":"Home","item":"https:\/\/cfacanada.org\/fr\/"},{"@type":"ListItem","position":2,"name":"Media"}]},{"@type":"WebSite","@id":"https:\/\/cfacanada.org\/#website","url":"https:\/\/cfacanada.org\/","name":"CFA Societies Canada","description":"Canadian investment values","potentialAction":[{"@type":"SearchAction","target":{"@type":"EntryPoint","urlTemplate":"https:\/\/cfacanada.org\/?s={search_term_string}"},"query-input":{"@type":"PropertyValueSpecification","valueRequired":true,"valueName":"search_term_string"}}],"inLanguage":"fr-FR"}]}},"_links":{"self":[{"href":"https:\/\/cfacanada.org\/fr\/wp-json\/wp\/v2\/pages\/2012","targetHints":{"allow":["GET"]}}],"collection":[{"href":"https:\/\/cfacanada.org\/fr\/wp-json\/wp\/v2\/pages"}],"about":[{"href":"https:\/\/cfacanada.org\/fr\/wp-json\/wp\/v2\/types\/page"}],"author":[{"embeddable":true,"href":"https:\/\/cfacanada.org\/fr\/wp-json\/wp\/v2\/users\/2"}],"replies":[{"embeddable":true,"href":"https:\/\/cfacanada.org\/fr\/wp-json\/wp\/v2\/comments?post=2012"}],"version-history":[{"count":0,"href":"https:\/\/cfacanada.org\/fr\/wp-json\/wp\/v2\/pages\/2012\/revisions"}],"wp:attachment":[{"href":"https:\/\/cfacanada.org\/fr\/wp-json\/wp\/v2\/media?parent=2012"}],"curies":[{"name":"wp","href":"https:\/\/api.w.org\/{rel}","templated":true}]}}