{"id":2027,"date":"2021-10-28T22:02:29","date_gmt":"2021-10-28T22:02:29","guid":{"rendered":"http:\/\/localhost:10018\/ethics\/"},"modified":"2025-08-26T12:47:42","modified_gmt":"2025-08-26T16:47:42","slug":"ethics","status":"publish","type":"page","link":"https:\/\/cfacanada.org\/fr\/ethics\/","title":{"rendered":"\u00c9thique"},"content":{"rendered":"    <div class=\"hero  hero-banner-block alignfull\">\n        <div class=\"hero__wrapper container\">\n            <div class=\"row justify-content-between align-items-center g-0\">\n                <div class=\"d-flex col-lg-6\">\n                    <div class=\"hero__content\">\n                        <h1 class=\"hero__title\">\u00c9thique et normes<\/h1>\n                                                                            <div class=\"hero__text\">\n                                <p>Le professionnalisme ne peut exister dans un secteur que lorsque ceux qui agissent avec transparence, int\u00e9grit\u00e9, franchise et confiance atteignent une masse critique.<\/p>\n                            <\/div>\n                                                                    <\/div>\n                <\/div>\n                                    <div class=\"hero__image\">\n                        <div class=\"hero__image__wrapper\">\n                                                        <img decoding=\"async\" data-src=\"https:\/\/cfacanada.org\/wp-content\/uploads\/2024\/06\/SPARK-RC-HERO-ethics.jpg\" alt=\"Women smiling during meeting\" src=\"data:image\/svg+xml;base64,PHN2ZyB3aWR0aD0iMSIgaGVpZ2h0PSIxIiB4bWxucz0iaHR0cDovL3d3dy53My5vcmcvMjAwMC9zdmciPjwvc3ZnPg==\" class=\"lazyload\" style=\"--smush-placeholder-width: 1960px; --smush-placeholder-aspect-ratio: 1960\/1351;\">\n                        <\/div>\n                    <\/div>\n                            <\/div>\n        <\/div>\n    <\/div>\n\n\n\n\n\n<div id=\"CTA\" class=\"wp-block-group is-layout-flow wp-block-group-is-layout-flow\">\n<div id=\"cta-block-block_107e8c803cca265d33eec36c9f93f1a6\" class=\"cta-block default\">\n    <div class=\"cta-block__content\">\n        <h3 class=\"cta-block__text\">Nous d\u00e9fendons depuis longtemps les valeurs de transparence, d&rsquo;int\u00e9grit\u00e9, de franchise et de confiance \u00e0 travers notre<a href=\"https:\/\/www.cfainstitute.org\/en\/ethics-standards\/ethics\/code-of-ethics-standards-of-conduct-guidance\" target=\"_blank\" rel=\"noopener\"> code d&rsquo;\u00e9thique et nos normes de conduite professionnelle.<\/a><\/h3>\n            <\/div>\n<\/div><\/div>\n\n\n\n<div id=\"working-better\" class=\"wp-block-group is-layout-flow wp-block-group-is-layout-flow\">\n<div class=\"wp-block-columns is-layout-flex wp-container-core-columns-is-layout-9d6595d7 wp-block-columns-is-layout-flex\">\n<div class=\"wp-block-column is-layout-flow wp-block-column-is-layout-flow\" style=\"flex-basis:60%\">\n<figure class=\"wp-block-image alignfull size-large is-style-faded-left\"><img decoding=\"async\" width=\"1024\" height=\"684\" data-src=\"http:\/\/cfacanada.org\/wp-content\/uploads\/2022\/08\/GettyImages-951952654-1024x684.jpg\" alt=\"\" class=\"wp-image-1478 lazyload\" data-srcset=\"https:\/\/cfacanada.org\/wp-content\/uploads\/2022\/08\/GettyImages-951952654-1024x684.jpg 1024w, https:\/\/cfacanada.org\/wp-content\/uploads\/2022\/08\/GettyImages-951952654-300x200.jpg 300w, https:\/\/cfacanada.org\/wp-content\/uploads\/2022\/08\/GettyImages-951952654-768x513.jpg 768w, https:\/\/cfacanada.org\/wp-content\/uploads\/2022\/08\/GettyImages-951952654-1536x1025.jpg 1536w, https:\/\/cfacanada.org\/wp-content\/uploads\/2022\/08\/GettyImages-951952654-2048x1367.jpg 2048w\" data-sizes=\"(max-width: 1024px) 100vw, 1024px\" src=\"data:image\/svg+xml;base64,PHN2ZyB3aWR0aD0iMSIgaGVpZ2h0PSIxIiB4bWxucz0iaHR0cDovL3d3dy53My5vcmcvMjAwMC9zdmciPjwvc3ZnPg==\" style=\"--smush-placeholder-width: 1024px; --smush-placeholder-aspect-ratio: 1024\/684;\" \/><\/figure>\n<\/div>\n\n\n\n<div class=\"wp-block-column is-vertically-aligned-center is-layout-flow wp-block-column-is-layout-flow\">\n<h2 class=\"wp-block-heading\">Travailler pour le mieux<\/h2>\n\n\n\n<p>Le CFA Institute estime que le secteur de l&rsquo;investissement doit travailler pour le b\u00e9n\u00e9fice ultime de la soci\u00e9t\u00e9, et que cela ne peut se faire sans les normes et l&rsquo;\u00e9thique les plus \u00e9lev\u00e9es possibles.<\/p>\n<\/div>\n<\/div>\n<\/div>\n\n\n\n<div id=\"programs\" class=\"wp-block-group is-layout-constrained wp-block-group-is-layout-constrained\">\n<div class=\"wp-block-columns gap-sm is-layout-flex wp-container-core-columns-is-layout-9d6595d7 wp-block-columns-is-layout-flex\">\n<div class=\"wp-block-column is-layout-flow wp-block-column-is-layout-flow\">\n<div id=\"card-block_edbbc4faa5f427fec777f9e013c97c30\" class=\"card onScroll has-image has-bg\" style=\"--card-bg-color:#06005a;--card-text-color:#ffffff;\">\n    <a href=\"https:\/\/www.cfainstitute.org\/en\/ethics-standards\/ethics\"\n       target=\"_blank\"\n       aria-label=\"title\">\n       <i class=\"your-icon-class\"><\/i>\n    <\/a>\n <div class=\"card-inner\">\n                    <div class=\"card-asset\">\n                <img decoding=\"async\" data-src=\"https:\/\/cfacanada.org\/wp-content\/uploads\/2021\/11\/ethics.png\" alt=\"\" width=\"95\" height=\"95\" src=\"data:image\/svg+xml;base64,PHN2ZyB3aWR0aD0iMSIgaGVpZ2h0PSIxIiB4bWxucz0iaHR0cDovL3d3dy53My5vcmcvMjAwMC9zdmciPjwvc3ZnPg==\" class=\"lazyload\" style=\"--smush-placeholder-width: 95px; --smush-placeholder-aspect-ratio: 95\/95;\" \/>\n            <\/div>\n                <div class=\"card-content\">\n            <h3><span>L&rsquo;\u00e9thique pour les professionnels de la gestion des investissements<\/span><\/h3>            <p>Un engagement \u00e0 suivre une formation continue en mati\u00e8re d&rsquo;\u00e9thique garantit votre aptitude \u00e0 prendre des d\u00e9cisions critiques qui d\u00e9montrent votre comp\u00e9tence professionnelle et \u00e9thique.<\/p>\n        <\/div>\n    <\/div>\n<\/div><\/div>\n\n\n\n<div class=\"wp-block-column is-layout-flow wp-block-column-is-layout-flow\">\n<div id=\"card-block_8bb35024ab05ac0a39a935cf4a0b800e\" class=\"card onScroll has-image has-bg\" style=\"--card-bg-color:#06005a;--card-text-color:#ffffff;\">\n    <a href=\"\/ethics\/investment-industry-standards\/\"\n       target=\"_blank\"\n       aria-label=\"title\">\n       <i class=\"your-icon-class\"><\/i>\n    <\/a>\n <div class=\"card-inner\">\n                    <div class=\"card-asset\">\n                <img decoding=\"async\" data-src=\"https:\/\/cfacanada.org\/wp-content\/uploads\/2021\/11\/investment.png\" alt=\"\" width=\"78\" height=\"91\" src=\"data:image\/svg+xml;base64,PHN2ZyB3aWR0aD0iMSIgaGVpZ2h0PSIxIiB4bWxucz0iaHR0cDovL3d3dy53My5vcmcvMjAwMC9zdmciPjwvc3ZnPg==\" class=\"lazyload\" style=\"--smush-placeholder-width: 78px; --smush-placeholder-aspect-ratio: 78\/91;\" \/>\n            <\/div>\n                <div class=\"card-content\">\n            <h3><span>Normes du secteur des investissements<\/span><\/h3>            <p>Par le biais de codes, de lignes directrices et de normes, le CFA Institute d\u00e9veloppe et administre des outils pratiques pour les entreprises afin de guider le secteur de l&rsquo;investissement vers des normes plus \u00e9lev\u00e9es.<\/p>\n        <\/div>\n    <\/div>\n<\/div><\/div>\n\n\n\n<div class=\"wp-block-column is-layout-flow wp-block-column-is-layout-flow\">\n<div id=\"card-block_e28194f48411875da84a7d0c4819bd98\" class=\"card onScroll has-image has-bg\" style=\"--card-bg-color:#06005a;--card-text-color:#ffffff;\">\n    <a href=\"https:\/\/www.cfainstitute.org\/en\/ethics-standards\/conduct\"\n       target=\"_blank\"\n       aria-label=\"title\">\n       <i class=\"your-icon-class\"><\/i>\n    <\/a>\n <div class=\"card-inner\">\n                    <div class=\"card-asset\">\n                <img decoding=\"async\" data-src=\"https:\/\/cfacanada.org\/wp-content\/uploads\/2021\/11\/conduct.png\" alt=\"\" width=\"99\" height=\"87\" src=\"data:image\/svg+xml;base64,PHN2ZyB3aWR0aD0iMSIgaGVpZ2h0PSIxIiB4bWxucz0iaHR0cDovL3d3dy53My5vcmcvMjAwMC9zdmciPjwvc3ZnPg==\" class=\"lazyload\" style=\"--smush-placeholder-width: 99px; --smush-placeholder-aspect-ratio: 99\/87;\" \/>\n            <\/div>\n                <div class=\"card-content\">\n            <h3><span>Programme de conduite professionnelle<\/span><\/h3>            <p>Le <strong>Professional Conduct Program<\/strong> enqu\u00eate sur les violations, les sanctionne et les divulgue afin de faire respecter nos principes \u00e9thiques forts et de prot\u00e9ger la valeur de votre charte.<\/p>\n        <\/div>\n    <\/div>\n<\/div><\/div>\n<\/div>\n<\/div>\n\n\n\n<div class=\"wp-block-group alignfull has-background is-layout-constrained wp-block-group-is-layout-constrained\" id=\"ethics-challenge\" style=\"background-color:#f8f8f8;padding-top:var(--wp--preset--spacing--80);padding-bottom:var(--wp--preset--spacing--80)\">\n<div class=\"wp-block-columns is-layout-flex wp-container-core-columns-is-layout-9d6595d7 wp-block-columns-is-layout-flex\">\n<div class=\"wp-block-column is-layout-flow wp-block-column-is-layout-flow\" style=\"flex-basis:40%\">\n<h2 class=\"wp-block-heading\"><strong>D\u00e9fi d&rsquo;\u00e9thique de la CFA Societies Canada<\/strong><\/h2>\n\n\n\n<p>Le CFA Societies Canada Ethics Challenge promeut les normes les plus \u00e9lev\u00e9es de la profession en mati\u00e8re d&rsquo;\u00e9thique, d&rsquo;\u00e9ducation et d&rsquo;excellence professionnelle en pr\u00e9parant les \u00e9tudiants \u00e0 faire face aux dilemmes \u00e9thiques r\u00e9els auxquels ils seront confront\u00e9s dans le domaine de la gestion des investissements, tout en leur pr\u00e9sentant les concepts abord\u00e9s dans le programme CFA.<\/p>\n\n\n\n<div class=\"wp-block-buttons is-layout-flex wp-block-buttons-is-layout-flex\">\n<div class=\"wp-block-button is-style-with-arrow\"><a class=\"wp-block-button__link wp-element-button\" href=\"https:\/\/cfacanada.org\/fr\/ethics\/canada-ethics-challenge\/\">En savoir plus<\/a><\/div>\n<\/div>\n<\/div>\n\n\n\n<div class=\"wp-block-column is-layout-flow wp-block-column-is-layout-flow\">\n<figure class=\"wp-block-embed is-type-video is-provider-youtube wp-block-embed-youtube wp-embed-aspect-16-9 wp-has-aspect-ratio\"><div class=\"wp-block-embed__wrapper\">\n<iframe title=\"2019 CFA Societies Canada Ethics Challenge\" width=\"500\" height=\"281\" data-src=\"https:\/\/www.youtube.com\/embed\/QzqGrO9Gt_s?feature=oembed\" frameborder=\"0\" allow=\"accelerometer; autoplay; clipboard-write; encrypted-media; gyroscope; picture-in-picture; web-share\" referrerpolicy=\"strict-origin-when-cross-origin\" allowfullscreen src=\"data:image\/svg+xml;base64,PHN2ZyB3aWR0aD0iMSIgaGVpZ2h0PSIxIiB4bWxucz0iaHR0cDovL3d3dy53My5vcmcvMjAwMC9zdmciPjwvc3ZnPg==\" class=\"lazyload\" data-load-mode=\"1\"><\/iframe>\n<\/div><\/figure>\n<\/div>\n<\/div>\n<\/div>\n","protected":false},"excerpt":{"rendered":"<p>Travailler pour le mieux Le CFA Institute estime que le secteur de l&rsquo;investissement doit travailler pour le b\u00e9n\u00e9fice ultime de la soci\u00e9t\u00e9, et que cela ne peut se faire sans les normes et l&rsquo;\u00e9thique les plus \u00e9lev\u00e9es possibles. D\u00e9fi d&rsquo;\u00e9thique de la CFA Societies Canada Le CFA Societies Canada Ethics Challenge promeut les normes les [&hellip;]<\/p>\n","protected":false},"author":2,"featured_media":0,"parent":0,"menu_order":0,"comment_status":"closed","ping_status":"closed","template":"","meta":{"_acf_changed":false,"inline_featured_image":false,"footnotes":""},"class_list":["post-2027","page","type-page","status-publish","hentry"],"acf":[],"featured_image_src":null,"yoast_head":"<!-- This site is optimized with the Yoast SEO plugin v27.3 - https:\/\/yoast.com\/product\/yoast-seo-wordpress\/ -->\n<title>\u00c9thique - CFA Societies Canada<\/title>\n<meta name=\"description\" content=\"Le professionnalisme ne peut exister dans un secteur que lorsque ceux qui agissent avec transparence, int\u00e9grit\u00e9, franchise et confiance atteignent une masse critique.\" \/>\n<meta name=\"robots\" content=\"index, follow, max-snippet:-1, max-image-preview:large, max-video-preview:-1\" \/>\n<link rel=\"canonical\" href=\"https:\/\/cfacanada.org\/fr\/ethics\/\" \/>\n<meta property=\"og:locale\" content=\"fr_FR\" \/>\n<meta property=\"og:type\" content=\"article\" \/>\n<meta property=\"og:title\" content=\"\u00c9thique - CFA Societies Canada\" \/>\n<meta property=\"og:description\" content=\"Le professionnalisme ne peut exister dans un secteur que lorsque ceux qui agissent avec transparence, int\u00e9grit\u00e9, franchise et confiance atteignent une masse critique.\" \/>\n<meta property=\"og:url\" content=\"https:\/\/cfacanada.org\/fr\/ethics\/\" \/>\n<meta property=\"og:site_name\" content=\"CFA Societies Canada\" \/>\n<meta property=\"article:modified_time\" content=\"2025-08-26T16:47:42+00:00\" \/>\n<meta property=\"og:image\" content=\"http:\/\/cfacanada.org\/wp-content\/uploads\/2022\/08\/GettyImages-951952654-1024x684.jpg\" \/>\n<meta name=\"twitter:card\" content=\"summary_large_image\" \/>\n<meta name=\"twitter:label1\" content=\"Dur\u00e9e de lecture estim\u00e9e\" \/>\n\t<meta name=\"twitter:data1\" content=\"1 minute\" \/>\n<script type=\"application\/ld+json\" class=\"yoast-schema-graph\">{\"@context\":\"https:\\\/\\\/schema.org\",\"@graph\":[{\"@type\":\"WebPage\",\"@id\":\"https:\\\/\\\/cfacanada.org\\\/fr\\\/ethics\\\/\",\"url\":\"https:\\\/\\\/cfacanada.org\\\/fr\\\/ethics\\\/\",\"name\":\"\u00c9thique - CFA Societies Canada\",\"isPartOf\":{\"@id\":\"https:\\\/\\\/cfacanada.org\\\/#website\"},\"primaryImageOfPage\":{\"@id\":\"https:\\\/\\\/cfacanada.org\\\/fr\\\/ethics\\\/#primaryimage\"},\"image\":{\"@id\":\"https:\\\/\\\/cfacanada.org\\\/fr\\\/ethics\\\/#primaryimage\"},\"thumbnailUrl\":\"http:\\\/\\\/cfacanada.org\\\/wp-content\\\/uploads\\\/2022\\\/08\\\/GettyImages-951952654-1024x684.jpg\",\"datePublished\":\"2021-10-28T22:02:29+00:00\",\"dateModified\":\"2025-08-26T16:47:42+00:00\",\"description\":\"Le professionnalisme ne peut exister dans un secteur que lorsque ceux qui agissent avec transparence, int\u00e9grit\u00e9, franchise et confiance atteignent une masse critique.\",\"breadcrumb\":{\"@id\":\"https:\\\/\\\/cfacanada.org\\\/fr\\\/ethics\\\/#breadcrumb\"},\"inLanguage\":\"fr-FR\",\"potentialAction\":[{\"@type\":\"ReadAction\",\"target\":[\"https:\\\/\\\/cfacanada.org\\\/fr\\\/ethics\\\/\"]}]},{\"@type\":\"ImageObject\",\"inLanguage\":\"fr-FR\",\"@id\":\"https:\\\/\\\/cfacanada.org\\\/fr\\\/ethics\\\/#primaryimage\",\"url\":\"http:\\\/\\\/cfacanada.org\\\/wp-content\\\/uploads\\\/2022\\\/08\\\/GettyImages-951952654-1024x684.jpg\",\"contentUrl\":\"http:\\\/\\\/cfacanada.org\\\/wp-content\\\/uploads\\\/2022\\\/08\\\/GettyImages-951952654-1024x684.jpg\"},{\"@type\":\"BreadcrumbList\",\"@id\":\"https:\\\/\\\/cfacanada.org\\\/fr\\\/ethics\\\/#breadcrumb\",\"itemListElement\":[{\"@type\":\"ListItem\",\"position\":1,\"name\":\"Home\",\"item\":\"https:\\\/\\\/cfacanada.org\\\/fr\\\/\"},{\"@type\":\"ListItem\",\"position\":2,\"name\":\"\u00c9thique\"}]},{\"@type\":\"WebSite\",\"@id\":\"https:\\\/\\\/cfacanada.org\\\/#website\",\"url\":\"https:\\\/\\\/cfacanada.org\\\/\",\"name\":\"CFA Societies Canada\",\"description\":\"Canadian investment values\",\"potentialAction\":[{\"@type\":\"SearchAction\",\"target\":{\"@type\":\"EntryPoint\",\"urlTemplate\":\"https:\\\/\\\/cfacanada.org\\\/?s={search_term_string}\"},\"query-input\":{\"@type\":\"PropertyValueSpecification\",\"valueRequired\":true,\"valueName\":\"search_term_string\"}}],\"inLanguage\":\"fr-FR\"}]}<\/script>\n<!-- \/ Yoast SEO plugin. -->","yoast_head_json":{"title":"\u00c9thique - CFA Societies Canada","description":"Le professionnalisme ne peut exister dans un secteur que lorsque ceux qui agissent avec transparence, int\u00e9grit\u00e9, franchise et confiance atteignent une masse critique.","robots":{"index":"index","follow":"follow","max-snippet":"max-snippet:-1","max-image-preview":"max-image-preview:large","max-video-preview":"max-video-preview:-1"},"canonical":"https:\/\/cfacanada.org\/fr\/ethics\/","og_locale":"fr_FR","og_type":"article","og_title":"\u00c9thique - CFA Societies Canada","og_description":"Le professionnalisme ne peut exister dans un secteur que lorsque ceux qui agissent avec transparence, int\u00e9grit\u00e9, franchise et confiance atteignent une masse critique.","og_url":"https:\/\/cfacanada.org\/fr\/ethics\/","og_site_name":"CFA Societies Canada","article_modified_time":"2025-08-26T16:47:42+00:00","og_image":[{"url":"http:\/\/cfacanada.org\/wp-content\/uploads\/2022\/08\/GettyImages-951952654-1024x684.jpg","type":"","width":"","height":""}],"twitter_card":"summary_large_image","twitter_misc":{"Dur\u00e9e de lecture estim\u00e9e":"1 minute"},"schema":{"@context":"https:\/\/schema.org","@graph":[{"@type":"WebPage","@id":"https:\/\/cfacanada.org\/fr\/ethics\/","url":"https:\/\/cfacanada.org\/fr\/ethics\/","name":"\u00c9thique - CFA Societies Canada","isPartOf":{"@id":"https:\/\/cfacanada.org\/#website"},"primaryImageOfPage":{"@id":"https:\/\/cfacanada.org\/fr\/ethics\/#primaryimage"},"image":{"@id":"https:\/\/cfacanada.org\/fr\/ethics\/#primaryimage"},"thumbnailUrl":"http:\/\/cfacanada.org\/wp-content\/uploads\/2022\/08\/GettyImages-951952654-1024x684.jpg","datePublished":"2021-10-28T22:02:29+00:00","dateModified":"2025-08-26T16:47:42+00:00","description":"Le professionnalisme ne peut exister dans un secteur que lorsque ceux qui agissent avec transparence, int\u00e9grit\u00e9, franchise et confiance atteignent une masse critique.","breadcrumb":{"@id":"https:\/\/cfacanada.org\/fr\/ethics\/#breadcrumb"},"inLanguage":"fr-FR","potentialAction":[{"@type":"ReadAction","target":["https:\/\/cfacanada.org\/fr\/ethics\/"]}]},{"@type":"ImageObject","inLanguage":"fr-FR","@id":"https:\/\/cfacanada.org\/fr\/ethics\/#primaryimage","url":"http:\/\/cfacanada.org\/wp-content\/uploads\/2022\/08\/GettyImages-951952654-1024x684.jpg","contentUrl":"http:\/\/cfacanada.org\/wp-content\/uploads\/2022\/08\/GettyImages-951952654-1024x684.jpg"},{"@type":"BreadcrumbList","@id":"https:\/\/cfacanada.org\/fr\/ethics\/#breadcrumb","itemListElement":[{"@type":"ListItem","position":1,"name":"Home","item":"https:\/\/cfacanada.org\/fr\/"},{"@type":"ListItem","position":2,"name":"\u00c9thique"}]},{"@type":"WebSite","@id":"https:\/\/cfacanada.org\/#website","url":"https:\/\/cfacanada.org\/","name":"CFA Societies Canada","description":"Canadian investment values","potentialAction":[{"@type":"SearchAction","target":{"@type":"EntryPoint","urlTemplate":"https:\/\/cfacanada.org\/?s={search_term_string}"},"query-input":{"@type":"PropertyValueSpecification","valueRequired":true,"valueName":"search_term_string"}}],"inLanguage":"fr-FR"}]}},"_links":{"self":[{"href":"https:\/\/cfacanada.org\/fr\/wp-json\/wp\/v2\/pages\/2027","targetHints":{"allow":["GET"]}}],"collection":[{"href":"https:\/\/cfacanada.org\/fr\/wp-json\/wp\/v2\/pages"}],"about":[{"href":"https:\/\/cfacanada.org\/fr\/wp-json\/wp\/v2\/types\/page"}],"author":[{"embeddable":true,"href":"https:\/\/cfacanada.org\/fr\/wp-json\/wp\/v2\/users\/2"}],"replies":[{"embeddable":true,"href":"https:\/\/cfacanada.org\/fr\/wp-json\/wp\/v2\/comments?post=2027"}],"version-history":[{"count":3,"href":"https:\/\/cfacanada.org\/fr\/wp-json\/wp\/v2\/pages\/2027\/revisions"}],"predecessor-version":[{"id":4450,"href":"https:\/\/cfacanada.org\/fr\/wp-json\/wp\/v2\/pages\/2027\/revisions\/4450"}],"wp:attachment":[{"href":"https:\/\/cfacanada.org\/fr\/wp-json\/wp\/v2\/media?parent=2027"}],"curies":[{"name":"wp","href":"https:\/\/api.w.org\/{rel}","templated":true}]}}