{"id":2074,"date":"2021-10-28T22:02:44","date_gmt":"2021-10-28T22:02:44","guid":{"rendered":"http:\/\/localhost:10018\/events\/"},"modified":"2024-08-15T13:49:39","modified_gmt":"2024-08-15T13:49:39","slug":"events","status":"publish","type":"page","link":"https:\/\/cfacanada.org\/fr\/events\/","title":{"rendered":"\u00c9v\u00e9nements"},"content":{"rendered":"    <div class=\"hero  hero-banner-block alignfull\">\n        <div class=\"hero__wrapper container\">\n            <div class=\"row justify-content-between align-items-center g-0\">\n                <div class=\"d-flex col-lg-6\">\n                    <div class=\"hero__content\">\n                        <h1 class=\"hero__title\">\u00c9v\u00e9nements<\/h1>\n                                                                            <div class=\"hero__text\">\n                                <p>Restez au courant des tendances qui affectent l&rsquo;industrie sur votre march\u00e9, profitez des opportunit\u00e9s locales de d\u00e9veloppement professionnel et cr\u00e9ez des r\u00e9seaux avec les initi\u00e9s de l&rsquo;industrie gr\u00e2ce \u00e0 des programmes locaux dynamiques et \u00e9ducatifs.<\/p>\n                            <\/div>\n                                                                    <\/div>\n                <\/div>\n                                    <div class=\"hero__image\">\n                        <div class=\"hero__image__wrapper\">\n                                                        <img decoding=\"async\" data-src=\"https:\/\/cfacanada.org\/wp-content\/uploads\/2024\/07\/SPARK-RC-HERO-events.jpg\" alt=\"Group in conference hall on stage talking\" src=\"data:image\/svg+xml;base64,PHN2ZyB3aWR0aD0iMSIgaGVpZ2h0PSIxIiB4bWxucz0iaHR0cDovL3d3dy53My5vcmcvMjAwMC9zdmciPjwvc3ZnPg==\" class=\"lazyload\" style=\"--smush-placeholder-width: 1960px; --smush-placeholder-aspect-ratio: 1960\/1350;\">\n                        <\/div>\n                    <\/div>\n                            <\/div>\n        <\/div>\n    <\/div>\n\n\n\n\n\n<div style=\"height:51px\" aria-hidden=\"true\" class=\"wp-block-spacer\"><\/div>\n\n\n\n<div class=\"wp-block-group is-layout-flow wp-block-group-is-layout-flow\">\n<div class=\"wp-block-columns border-line is-layout-flex wp-container-core-columns-is-layout-9d6595d7 wp-block-columns-is-layout-flex\">\n<div class=\"wp-block-column is-layout-flow wp-block-column-is-layout-flow\" style=\"flex-basis:30%\">\n<figure class=\"wp-block-image aligncenter size-full\"><img decoding=\"async\" data-src=\"http:\/\/cfacanada.org\/wp-content\/uploads\/2024\/02\/Global-Stamps-01.png\" alt=\"Global Passport Program\" class=\"wp-image-3157 lazyload\" src=\"data:image\/svg+xml;base64,PHN2ZyB3aWR0aD0iMSIgaGVpZ2h0PSIxIiB4bWxucz0iaHR0cDovL3d3dy53My5vcmcvMjAwMC9zdmciPjwvc3ZnPg==\" style=\"--smush-placeholder-width: 182px; --smush-placeholder-aspect-ratio: 182\/182;\" \/><\/figure>\n<\/div>\n\n\n\n<div class=\"wp-block-column is-layout-flow wp-block-column-is-layout-flow\">\n<h2 class=\"wp-block-heading\"><meta charset=\"utf-8\">Programme Global Passport<\/h2>\n\n\n\n<p>Le programme mondial Global Passport Program permet aux membres des CFA Societies participantes d&rsquo;assister aux \u00e9v\u00e9nements des autres soci\u00e9t\u00e9s au prix de membre local.<\/p>\n\n\n\n<p>Lorsque vous voyagez, contactez la soci\u00e9t\u00e9 locale en utilisant le r\u00e9pertoire des soci\u00e9t\u00e9s pour vous renseigner sur les \u00e9v\u00e9nements admissibles et les autres possibilit\u00e9s de r\u00e9seautage.<\/p>\n<\/div>\n<\/div>\n<\/div>\n\n\n\n<div style=\"height:50px\" aria-hidden=\"true\" class=\"wp-block-spacer\"><\/div>\n\n\n\n<div id=\"events\" class=\"wp-block-group is-layout-flow wp-block-group-is-layout-flow\" style=\"padding-top:var(--wp--preset--spacing--60);padding-bottom:var(--wp--preset--spacing--60)\">\n<div class=\"wp-block-columns are-vertically-aligned-top is-layout-flex wp-container-core-columns-is-layout-9d6595d7 wp-block-columns-is-layout-flex\">\n<div class=\"wp-block-column is-vertically-aligned-top is-layout-flow wp-block-column-is-layout-flow\" style=\"flex-basis:30%\">\n<h2 class=\"wp-block-heading\"><strong><strong>E<strong>v\u00e9nements \u00e0 venir<\/strong><br><\/strong><\/strong><\/h2>\n<\/div>\n\n\n\n<div class=\"wp-block-column is-vertically-aligned-top is-layout-flow wp-block-column-is-layout-flow\">\n<p>Nous identifions, d\u00e9veloppons et ex\u00e9cutons continuellement des initiatives nationales qui repr\u00e9sentent une vision partag\u00e9e par les CFA Societies Canada.<\/p>\n<\/div>\n<\/div>\n\n\n\n<div id=\"calendar-widget-container\" data-widget-id=\"b991d753-b413-4773-9b1b-c88ece4085f8\" data-calendar-id=\"4646ec82-5bcd-4bab-9635-90409febd02e\" data-height=\"\" data-width=\"\" data-show-icons=\"true\"> <script type=\"text\/javascript\"> window.cvtDomain = 'www.cvent.com';var cventWidgetRenderScript = document.createElement('script');var versionInHours = new Date().getTime()\/(3600 * 1000);cventWidgetRenderScript.src = 'https:\/\/www.cvent.com\/g\/mobile\/javascript\/calendar-widget-loader.js?version='+ versionInHours;document.getElementsByTagName('head')[0].appendChild(cventWidgetRenderScript);<\/script><\/div>\n\n\n\n<div class=\"wp-block-buttons is-content-justification-center is-layout-flex wp-container-core-buttons-is-layout-16018d1d wp-block-buttons-is-layout-flex\">\n<div class=\"wp-block-button\"><a class=\"wp-block-button__link wp-element-button\" href=\"https:\/\/www.cfamontreal.org\/evenements\" target=\"_blank\" rel=\"noreferrer noopener\"><strong><strong><strong>Voir les \u00e9v\u00e9nements de CFA Montr\u00e9al<\/strong><\/strong><\/strong><\/a><\/div>\n<\/div>\n<\/div>\n\n\n\n<div style=\"height:60px\" aria-hidden=\"true\" class=\"wp-block-spacer\"><\/div>\n","protected":false},"excerpt":{"rendered":"<p>Programme Global Passport Le programme mondial Global Passport Program permet aux membres des CFA Societies participantes d&rsquo;assister aux \u00e9v\u00e9nements des autres soci\u00e9t\u00e9s au prix de membre local. Lorsque vous voyagez, contactez la soci\u00e9t\u00e9 locale en utilisant le r\u00e9pertoire des soci\u00e9t\u00e9s pour vous renseigner sur les \u00e9v\u00e9nements admissibles et les autres possibilit\u00e9s de r\u00e9seautage.<\/p>\n","protected":false},"author":2,"featured_media":0,"parent":0,"menu_order":0,"comment_status":"closed","ping_status":"closed","template":"template-default-with-breadcrumbs.php","meta":{"_acf_changed":false,"inline_featured_image":false,"footnotes":""},"class_list":["post-2074","page","type-page","status-publish","hentry"],"acf":[],"featured_image_src":null,"yoast_head":"<!-- This site is optimized with the Yoast SEO plugin v27.3 - https:\/\/yoast.com\/product\/yoast-seo-wordpress\/ -->\n<title>\u00c9v\u00e9nements - CFA Societies Canada<\/title>\n<meta name=\"description\" content=\"Restez au courant des tendances qui affectent l&#039;industrie sur votre march\u00e9, profitez des opportunit\u00e9s locales de d\u00e9veloppement professionnel et cr\u00e9ez des r\u00e9seaux avec les initi\u00e9s de l&#039;industrie gr\u00e2ce \u00e0 des programmes locaux dynamiques et \u00e9ducatifs.\" \/>\n<meta name=\"robots\" content=\"index, follow, max-snippet:-1, max-image-preview:large, max-video-preview:-1\" \/>\n<link rel=\"canonical\" href=\"https:\/\/cfacanada.org\/fr\/events\/\" \/>\n<meta property=\"og:locale\" content=\"fr_FR\" \/>\n<meta property=\"og:type\" content=\"article\" \/>\n<meta property=\"og:title\" content=\"\u00c9v\u00e9nements - CFA Societies Canada\" \/>\n<meta property=\"og:description\" content=\"Restez au courant des tendances qui affectent l&#039;industrie sur votre march\u00e9, profitez des opportunit\u00e9s locales de d\u00e9veloppement professionnel et cr\u00e9ez des r\u00e9seaux avec les initi\u00e9s de l&#039;industrie gr\u00e2ce \u00e0 des programmes locaux dynamiques et \u00e9ducatifs.\" \/>\n<meta property=\"og:url\" content=\"https:\/\/cfacanada.org\/fr\/events\/\" \/>\n<meta property=\"og:site_name\" content=\"CFA Societies Canada\" \/>\n<meta property=\"article:modified_time\" content=\"2024-08-15T13:49:39+00:00\" \/>\n<meta property=\"og:image\" content=\"http:\/\/cfacanada.org\/wp-content\/uploads\/2024\/02\/Global-Stamps-01.png\" \/>\n<meta name=\"twitter:card\" content=\"summary_large_image\" \/>\n<meta name=\"twitter:label1\" content=\"Dur\u00e9e de lecture estim\u00e9e\" \/>\n\t<meta name=\"twitter:data1\" content=\"1 minute\" \/>\n<script type=\"application\/ld+json\" class=\"yoast-schema-graph\">{\"@context\":\"https:\\\/\\\/schema.org\",\"@graph\":[{\"@type\":\"WebPage\",\"@id\":\"https:\\\/\\\/cfacanada.org\\\/fr\\\/events\\\/\",\"url\":\"https:\\\/\\\/cfacanada.org\\\/fr\\\/events\\\/\",\"name\":\"\u00c9v\u00e9nements - CFA Societies Canada\",\"isPartOf\":{\"@id\":\"https:\\\/\\\/cfacanada.org\\\/#website\"},\"primaryImageOfPage\":{\"@id\":\"https:\\\/\\\/cfacanada.org\\\/fr\\\/events\\\/#primaryimage\"},\"image\":{\"@id\":\"https:\\\/\\\/cfacanada.org\\\/fr\\\/events\\\/#primaryimage\"},\"thumbnailUrl\":\"http:\\\/\\\/cfacanada.org\\\/wp-content\\\/uploads\\\/2024\\\/02\\\/Global-Stamps-01.png\",\"datePublished\":\"2021-10-28T22:02:44+00:00\",\"dateModified\":\"2024-08-15T13:49:39+00:00\",\"description\":\"Restez au courant des tendances qui affectent l'industrie sur votre march\u00e9, profitez des opportunit\u00e9s locales de d\u00e9veloppement professionnel et cr\u00e9ez des r\u00e9seaux avec les initi\u00e9s de l'industrie gr\u00e2ce \u00e0 des programmes locaux dynamiques et \u00e9ducatifs.\",\"breadcrumb\":{\"@id\":\"https:\\\/\\\/cfacanada.org\\\/fr\\\/events\\\/#breadcrumb\"},\"inLanguage\":\"fr-FR\",\"potentialAction\":[{\"@type\":\"ReadAction\",\"target\":[\"https:\\\/\\\/cfacanada.org\\\/fr\\\/events\\\/\"]}]},{\"@type\":\"ImageObject\",\"inLanguage\":\"fr-FR\",\"@id\":\"https:\\\/\\\/cfacanada.org\\\/fr\\\/events\\\/#primaryimage\",\"url\":\"http:\\\/\\\/cfacanada.org\\\/wp-content\\\/uploads\\\/2024\\\/02\\\/Global-Stamps-01.png\",\"contentUrl\":\"http:\\\/\\\/cfacanada.org\\\/wp-content\\\/uploads\\\/2024\\\/02\\\/Global-Stamps-01.png\"},{\"@type\":\"BreadcrumbList\",\"@id\":\"https:\\\/\\\/cfacanada.org\\\/fr\\\/events\\\/#breadcrumb\",\"itemListElement\":[{\"@type\":\"ListItem\",\"position\":1,\"name\":\"Home\",\"item\":\"https:\\\/\\\/cfacanada.org\\\/fr\\\/\"},{\"@type\":\"ListItem\",\"position\":2,\"name\":\"\u00c9v\u00e9nements\"}]},{\"@type\":\"WebSite\",\"@id\":\"https:\\\/\\\/cfacanada.org\\\/#website\",\"url\":\"https:\\\/\\\/cfacanada.org\\\/\",\"name\":\"CFA Societies Canada\",\"description\":\"Canadian investment values\",\"potentialAction\":[{\"@type\":\"SearchAction\",\"target\":{\"@type\":\"EntryPoint\",\"urlTemplate\":\"https:\\\/\\\/cfacanada.org\\\/?s={search_term_string}\"},\"query-input\":{\"@type\":\"PropertyValueSpecification\",\"valueRequired\":true,\"valueName\":\"search_term_string\"}}],\"inLanguage\":\"fr-FR\"}]}<\/script>\n<!-- \/ Yoast SEO plugin. -->","yoast_head_json":{"title":"\u00c9v\u00e9nements - CFA Societies Canada","description":"Restez au courant des tendances qui affectent l'industrie sur votre march\u00e9, profitez des opportunit\u00e9s locales de d\u00e9veloppement professionnel et cr\u00e9ez des r\u00e9seaux avec les initi\u00e9s de l'industrie gr\u00e2ce \u00e0 des programmes locaux dynamiques et \u00e9ducatifs.","robots":{"index":"index","follow":"follow","max-snippet":"max-snippet:-1","max-image-preview":"max-image-preview:large","max-video-preview":"max-video-preview:-1"},"canonical":"https:\/\/cfacanada.org\/fr\/events\/","og_locale":"fr_FR","og_type":"article","og_title":"\u00c9v\u00e9nements - CFA Societies Canada","og_description":"Restez au courant des tendances qui affectent l'industrie sur votre march\u00e9, profitez des opportunit\u00e9s locales de d\u00e9veloppement professionnel et cr\u00e9ez des r\u00e9seaux avec les initi\u00e9s de l'industrie gr\u00e2ce \u00e0 des programmes locaux dynamiques et \u00e9ducatifs.","og_url":"https:\/\/cfacanada.org\/fr\/events\/","og_site_name":"CFA Societies Canada","article_modified_time":"2024-08-15T13:49:39+00:00","og_image":[{"url":"http:\/\/cfacanada.org\/wp-content\/uploads\/2024\/02\/Global-Stamps-01.png","type":"","width":"","height":""}],"twitter_card":"summary_large_image","twitter_misc":{"Dur\u00e9e de lecture estim\u00e9e":"1 minute"},"schema":{"@context":"https:\/\/schema.org","@graph":[{"@type":"WebPage","@id":"https:\/\/cfacanada.org\/fr\/events\/","url":"https:\/\/cfacanada.org\/fr\/events\/","name":"\u00c9v\u00e9nements - CFA Societies Canada","isPartOf":{"@id":"https:\/\/cfacanada.org\/#website"},"primaryImageOfPage":{"@id":"https:\/\/cfacanada.org\/fr\/events\/#primaryimage"},"image":{"@id":"https:\/\/cfacanada.org\/fr\/events\/#primaryimage"},"thumbnailUrl":"http:\/\/cfacanada.org\/wp-content\/uploads\/2024\/02\/Global-Stamps-01.png","datePublished":"2021-10-28T22:02:44+00:00","dateModified":"2024-08-15T13:49:39+00:00","description":"Restez au courant des tendances qui affectent l'industrie sur votre march\u00e9, profitez des opportunit\u00e9s locales de d\u00e9veloppement professionnel et cr\u00e9ez des r\u00e9seaux avec les initi\u00e9s de l'industrie gr\u00e2ce \u00e0 des programmes locaux dynamiques et \u00e9ducatifs.","breadcrumb":{"@id":"https:\/\/cfacanada.org\/fr\/events\/#breadcrumb"},"inLanguage":"fr-FR","potentialAction":[{"@type":"ReadAction","target":["https:\/\/cfacanada.org\/fr\/events\/"]}]},{"@type":"ImageObject","inLanguage":"fr-FR","@id":"https:\/\/cfacanada.org\/fr\/events\/#primaryimage","url":"http:\/\/cfacanada.org\/wp-content\/uploads\/2024\/02\/Global-Stamps-01.png","contentUrl":"http:\/\/cfacanada.org\/wp-content\/uploads\/2024\/02\/Global-Stamps-01.png"},{"@type":"BreadcrumbList","@id":"https:\/\/cfacanada.org\/fr\/events\/#breadcrumb","itemListElement":[{"@type":"ListItem","position":1,"name":"Home","item":"https:\/\/cfacanada.org\/fr\/"},{"@type":"ListItem","position":2,"name":"\u00c9v\u00e9nements"}]},{"@type":"WebSite","@id":"https:\/\/cfacanada.org\/#website","url":"https:\/\/cfacanada.org\/","name":"CFA Societies Canada","description":"Canadian investment values","potentialAction":[{"@type":"SearchAction","target":{"@type":"EntryPoint","urlTemplate":"https:\/\/cfacanada.org\/?s={search_term_string}"},"query-input":{"@type":"PropertyValueSpecification","valueRequired":true,"valueName":"search_term_string"}}],"inLanguage":"fr-FR"}]}},"_links":{"self":[{"href":"https:\/\/cfacanada.org\/fr\/wp-json\/wp\/v2\/pages\/2074","targetHints":{"allow":["GET"]}}],"collection":[{"href":"https:\/\/cfacanada.org\/fr\/wp-json\/wp\/v2\/pages"}],"about":[{"href":"https:\/\/cfacanada.org\/fr\/wp-json\/wp\/v2\/types\/page"}],"author":[{"embeddable":true,"href":"https:\/\/cfacanada.org\/fr\/wp-json\/wp\/v2\/users\/2"}],"replies":[{"embeddable":true,"href":"https:\/\/cfacanada.org\/fr\/wp-json\/wp\/v2\/comments?post=2074"}],"version-history":[{"count":1,"href":"https:\/\/cfacanada.org\/fr\/wp-json\/wp\/v2\/pages\/2074\/revisions"}],"predecessor-version":[{"id":3500,"href":"https:\/\/cfacanada.org\/fr\/wp-json\/wp\/v2\/pages\/2074\/revisions\/3500"}],"wp:attachment":[{"href":"https:\/\/cfacanada.org\/fr\/wp-json\/wp\/v2\/media?parent=2074"}],"curies":[{"name":"wp","href":"https:\/\/api.w.org\/{rel}","templated":true}]}}