{"id":2079,"date":"2021-11-05T18:29:14","date_gmt":"2021-11-05T18:29:14","guid":{"rendered":"http:\/\/localhost:10018\/about\/our-staff\/"},"modified":"2024-08-15T13:31:18","modified_gmt":"2024-08-15T13:31:18","slug":"our-staff","status":"publish","type":"page","link":"https:\/\/cfacanada.org\/fr\/about\/our-staff\/","title":{"rendered":"Notre personnel"},"content":{"rendered":"    <div class=\"hero hero--without-image hero-banner-block alignfull\">\n        <div class=\"hero__wrapper container\">\n            <div class=\"row justify-content-between align-items-center g-0\">\n                <div class=\"d-flex col-12\">\n                    <div class=\"hero__content\">\n                        <h1 class=\"hero__title\">Notre personnel<\/h1>\n                                                                            <div class=\"hero__text\">\n                                <p>Pour contacter un membre de notre personnel, notre format de courriel est le suivant : pr\u00e9nom initiale nom @cfacanada.org<\/p>\n                            <\/div>\n                                                                    <\/div>\n                <\/div>\n                            <\/div>\n        <\/div>\n    <\/div>\n\n\n\n\n\n<div class=\"wp-block-group is-layout-flow wp-block-group-is-layout-flow\">\n<div id=\"quote-block-block_a3841b142c776d7f1cc7ca00944c351d\" class=\"quote-block staff\">\n    <div class=\"quote-block__content\">\n                    <div class=\"quote-block__image\">\n                <img decoding=\"async\" data-src=\"https:\/\/cfacanada.org\/wp-content\/uploads\/2022\/07\/Mike-Thom-0285-scaled.jpg\" alt=\"Mike Thom 0285\" src=\"data:image\/svg+xml;base64,PHN2ZyB3aWR0aD0iMSIgaGVpZ2h0PSIxIiB4bWxucz0iaHR0cDovL3d3dy53My5vcmcvMjAwMC9zdmciPjwvc3ZnPg==\" class=\"lazyload\" style=\"--smush-placeholder-width: 1707px; --smush-placeholder-aspect-ratio: 1707\/2560;\">\n            <\/div>\n                <div class=\"quote-block__info\">\n                                                <h6 class=\"quote-block__name\">Michael Thom, <span class=\"quote-block__suffix\">CFA<\/span><\/h6>\n                                            <p class=\"quote-block__position\">Directeur g\u00e9n\u00e9ral<\/p>\n                                                                            <p>Michael Thom, CFA, est le directeur g\u00e9n\u00e9ral de CFA Societies Canada. Il dirige l&rsquo;orientation strat\u00e9gique de CFA Societies Canada et fait la promotion des normes professionnelles d&rsquo;int\u00e9grit\u00e9 et d&rsquo;\u00e9thique les plus \u00e9lev\u00e9es pour le b\u00e9n\u00e9fice ultime de la soci\u00e9t\u00e9 canadienne. Michael s&rsquo;est joint \u00e0 CFA Societies Canada apr\u00e8s avoir occup\u00e9 pendant de nombreuses ann\u00e9es des postes de direction dans le domaine des march\u00e9s financiers et de la gestion des investissements. Michael est titulaire d&rsquo;un dipl\u00f4me de premier cycle de l&rsquo;Universit\u00e9 de la Colombie-Britannique, et il est \u00e0 la fois d\u00e9tenteur du titre de CFA et de CAIA.<\/p>\n                                <\/div>\n    <\/div>\n<\/div>\n\n\n<div id=\"quote-block-block_5e01bd7d12624b671755ddf941223b86\" class=\"quote-block staff\">\n    <div class=\"quote-block__content\">\n                    <div class=\"quote-block__image\">\n                <img decoding=\"async\" data-src=\"https:\/\/cfacanada.org\/wp-content\/uploads\/2022\/07\/Candice-Szpruta-scaled.jpg\" alt=\"Candice Szpruta\" src=\"data:image\/svg+xml;base64,PHN2ZyB3aWR0aD0iMSIgaGVpZ2h0PSIxIiB4bWxucz0iaHR0cDovL3d3dy53My5vcmcvMjAwMC9zdmciPjwvc3ZnPg==\" class=\"lazyload\" style=\"--smush-placeholder-width: 1703px; --smush-placeholder-aspect-ratio: 1703\/2560;\">\n            <\/div>\n                <div class=\"quote-block__info\">\n                                                <h6 class=\"quote-block__name\">Candice Szpruta<\/h6>\n                                            <p class=\"quote-block__position\">Directrice des op\u00e9rations<\/p>\n                                                                            <p>Candice Szpruta g\u00e8re et am\u00e9liore l&rsquo;efficacit\u00e9 de l&rsquo;organisation interne par le biais d&rsquo;initiatives, de projets et d&rsquo;infrastructures cibl\u00e9s. Travaillant aux c\u00f4t\u00e9s du directeur g\u00e9n\u00e9ral, Candice contribue \u00e0 l&rsquo;\u00e9laboration et \u00e0 la mise en \u0153uvre du plan strat\u00e9gique de l&rsquo;organisation, tout en dirigeant et en ex\u00e9cutant les initiatives et les projets entrepris par l&rsquo;organisation en vue d&rsquo;atteindre ses objectifs op\u00e9rationnels \u00e0 plus court terme. Elle g\u00e8re \u00e9galement les op\u00e9rations commerciales quotidiennes des bureaux de CFA Societies Canada. Elle a plus de dix ans d&rsquo;exp\u00e9rience dans divers r\u00f4les dans le secteur financier sans but lucratif. Candice est titulaire d&rsquo;un dipl\u00f4me en gestion de l&rsquo;administration des affaires du George Brown College.<\/p>\n                                <\/div>\n    <\/div>\n<\/div>\n\n\n<div id=\"quote-block-block_16faa76349655d15fc70a7e6a34ff381\" class=\"quote-block staff\">\n    <div class=\"quote-block__content\">\n                    <div class=\"quote-block__image\">\n                <img decoding=\"async\" data-src=\"https:\/\/cfacanada.org\/wp-content\/uploads\/2022\/07\/ChristinaLloyd2.jpg\" alt=\"ChristinaLloyd2\" src=\"data:image\/svg+xml;base64,PHN2ZyB3aWR0aD0iMSIgaGVpZ2h0PSIxIiB4bWxucz0iaHR0cDovL3d3dy53My5vcmcvMjAwMC9zdmciPjwvc3ZnPg==\" class=\"lazyload\" style=\"--smush-placeholder-width: 1558px; --smush-placeholder-aspect-ratio: 1558\/1840;\">\n            <\/div>\n                <div class=\"quote-block__info\">\n                                                <h6 class=\"quote-block__name\">Christina Lloyd<\/h6>\n                                            <p class=\"quote-block__position\">Sp\u00e9cialiste des op\u00e9rations<\/p>\n                                                                            <p>Christina est charg\u00e9e d&rsquo;appuyer le directeur g\u00e9n\u00e9ral, l&rsquo;\u00e9quipe de la haute direction et les dirigeants b\u00e9n\u00e9voles dans leurs activit\u00e9s de sensibilisation et d&rsquo;engagement aupr\u00e8s des organismes de r\u00e9glementation, des soci\u00e9t\u00e9s membres et d&rsquo;autres intervenants ; d&rsquo;aider le directeur des op\u00e9rations \u00e0 travailler avec les soci\u00e9t\u00e9s membres, les comit\u00e9s et le conseil d&rsquo;administration de CFA Societies Canada, et de fournir un soutien pour la planification et la mise en \u0153uvre d&rsquo;initiatives et de projets associ\u00e9s aux objectifs strat\u00e9giques de l&rsquo;organisation. N\u00e9e et \u00e9lev\u00e9e \u00e0 la Barbade, Christina est arriv\u00e9e au Canada en 2004, o\u00f9 elle a ensuite termin\u00e9 ses \u00e9tudes de premier cycle en communications \u00e0 l&rsquo;Universit\u00e9 York. Elle d\u00e9tient \u00e9galement un dipl\u00f4me d&rsquo;\u00e9tudes sup\u00e9rieures en communications d&rsquo;entreprise et en relations publiques du Centennial College.<\/p>\n                                <\/div>\n    <\/div>\n<\/div>\n\n\n<div style=\"height:60px\" aria-hidden=\"true\" class=\"wp-block-spacer\"><\/div>\n\n\n\n<hr class=\"wp-block-separator has-css-opacity is-style-wide\"\/>\n\n\n\n<div id=\"cta-block-block_00372ddf96dc4e84f22bcfdc3969ee5b\" class=\"cta-block inline\">\n    <div class=\"cta-block__content\">\n        <h3 class=\"cta-block__text\">Vous voulez vous joindre \u00e0 l&rsquo;\u00e9quipe de CFA Societies Canada ou faire du b\u00e9n\u00e9volat avec nous ?<\/h3>\n                    <a class=\"btn\" href=\"https:\/\/cfacanada.org\/contact\/\" target=\"_self\">Communiquez avec nous<\/a>\n            <\/div>\n<\/div><\/div>\n\n\n\n<div style=\"height:80px\" aria-hidden=\"true\" class=\"wp-block-spacer\"><\/div>\n","protected":false},"excerpt":{"rendered":"","protected":false},"author":2,"featured_media":0,"parent":2016,"menu_order":0,"comment_status":"closed","ping_status":"closed","template":"","meta":{"_acf_changed":false,"inline_featured_image":false,"footnotes":""},"class_list":["post-2079","page","type-page","status-publish","hentry"],"acf":[],"featured_image_src":null,"yoast_head":"<!-- This site is optimized with the Yoast SEO plugin v27.3 - https:\/\/yoast.com\/product\/yoast-seo-wordpress\/ -->\n<title>Notre personnel - CFA Societies Canada<\/title>\n<meta name=\"description\" content=\"Personnel de CFA Societies Canada\" \/>\n<meta name=\"robots\" content=\"index, follow, max-snippet:-1, max-image-preview:large, max-video-preview:-1\" \/>\n<link rel=\"canonical\" href=\"https:\/\/cfacanada.org\/fr\/about\/our-staff\/\" \/>\n<meta property=\"og:locale\" content=\"fr_FR\" \/>\n<meta property=\"og:type\" content=\"article\" \/>\n<meta property=\"og:title\" content=\"Notre personnel - CFA Societies Canada\" \/>\n<meta property=\"og:description\" content=\"Personnel de CFA Societies Canada\" \/>\n<meta property=\"og:url\" content=\"https:\/\/cfacanada.org\/fr\/about\/our-staff\/\" \/>\n<meta property=\"og:site_name\" content=\"CFA Societies Canada\" \/>\n<meta property=\"article:modified_time\" content=\"2024-08-15T13:31:18+00:00\" \/>\n<meta name=\"twitter:card\" content=\"summary_large_image\" \/>\n<script type=\"application\/ld+json\" class=\"yoast-schema-graph\">{\"@context\":\"https:\\\/\\\/schema.org\",\"@graph\":[{\"@type\":\"WebPage\",\"@id\":\"https:\\\/\\\/cfacanada.org\\\/fr\\\/about\\\/our-staff\\\/\",\"url\":\"https:\\\/\\\/cfacanada.org\\\/fr\\\/about\\\/our-staff\\\/\",\"name\":\"Notre personnel - CFA Societies Canada\",\"isPartOf\":{\"@id\":\"https:\\\/\\\/cfacanada.org\\\/#website\"},\"datePublished\":\"2021-11-05T18:29:14+00:00\",\"dateModified\":\"2024-08-15T13:31:18+00:00\",\"description\":\"Personnel de CFA Societies Canada\",\"breadcrumb\":{\"@id\":\"https:\\\/\\\/cfacanada.org\\\/fr\\\/about\\\/our-staff\\\/#breadcrumb\"},\"inLanguage\":\"fr-FR\",\"potentialAction\":[{\"@type\":\"ReadAction\",\"target\":[\"https:\\\/\\\/cfacanada.org\\\/fr\\\/about\\\/our-staff\\\/\"]}]},{\"@type\":\"BreadcrumbList\",\"@id\":\"https:\\\/\\\/cfacanada.org\\\/fr\\\/about\\\/our-staff\\\/#breadcrumb\",\"itemListElement\":[{\"@type\":\"ListItem\",\"position\":1,\"name\":\"Home\",\"item\":\"https:\\\/\\\/cfacanada.org\\\/fr\\\/\"},{\"@type\":\"ListItem\",\"position\":2,\"name\":\"\u00c0 propos\",\"item\":\"https:\\\/\\\/cfacanada.org\\\/fr\\\/about\\\/\"},{\"@type\":\"ListItem\",\"position\":3,\"name\":\"Notre personnel\"}]},{\"@type\":\"WebSite\",\"@id\":\"https:\\\/\\\/cfacanada.org\\\/#website\",\"url\":\"https:\\\/\\\/cfacanada.org\\\/\",\"name\":\"CFA Societies Canada\",\"description\":\"Canadian investment values\",\"potentialAction\":[{\"@type\":\"SearchAction\",\"target\":{\"@type\":\"EntryPoint\",\"urlTemplate\":\"https:\\\/\\\/cfacanada.org\\\/?s={search_term_string}\"},\"query-input\":{\"@type\":\"PropertyValueSpecification\",\"valueRequired\":true,\"valueName\":\"search_term_string\"}}],\"inLanguage\":\"fr-FR\"}]}<\/script>\n<!-- \/ Yoast SEO plugin. -->","yoast_head_json":{"title":"Notre personnel - CFA Societies Canada","description":"Personnel de CFA Societies Canada","robots":{"index":"index","follow":"follow","max-snippet":"max-snippet:-1","max-image-preview":"max-image-preview:large","max-video-preview":"max-video-preview:-1"},"canonical":"https:\/\/cfacanada.org\/fr\/about\/our-staff\/","og_locale":"fr_FR","og_type":"article","og_title":"Notre personnel - CFA Societies Canada","og_description":"Personnel de CFA Societies Canada","og_url":"https:\/\/cfacanada.org\/fr\/about\/our-staff\/","og_site_name":"CFA Societies Canada","article_modified_time":"2024-08-15T13:31:18+00:00","twitter_card":"summary_large_image","schema":{"@context":"https:\/\/schema.org","@graph":[{"@type":"WebPage","@id":"https:\/\/cfacanada.org\/fr\/about\/our-staff\/","url":"https:\/\/cfacanada.org\/fr\/about\/our-staff\/","name":"Notre personnel - CFA Societies Canada","isPartOf":{"@id":"https:\/\/cfacanada.org\/#website"},"datePublished":"2021-11-05T18:29:14+00:00","dateModified":"2024-08-15T13:31:18+00:00","description":"Personnel de CFA Societies Canada","breadcrumb":{"@id":"https:\/\/cfacanada.org\/fr\/about\/our-staff\/#breadcrumb"},"inLanguage":"fr-FR","potentialAction":[{"@type":"ReadAction","target":["https:\/\/cfacanada.org\/fr\/about\/our-staff\/"]}]},{"@type":"BreadcrumbList","@id":"https:\/\/cfacanada.org\/fr\/about\/our-staff\/#breadcrumb","itemListElement":[{"@type":"ListItem","position":1,"name":"Home","item":"https:\/\/cfacanada.org\/fr\/"},{"@type":"ListItem","position":2,"name":"\u00c0 propos","item":"https:\/\/cfacanada.org\/fr\/about\/"},{"@type":"ListItem","position":3,"name":"Notre personnel"}]},{"@type":"WebSite","@id":"https:\/\/cfacanada.org\/#website","url":"https:\/\/cfacanada.org\/","name":"CFA Societies Canada","description":"Canadian investment values","potentialAction":[{"@type":"SearchAction","target":{"@type":"EntryPoint","urlTemplate":"https:\/\/cfacanada.org\/?s={search_term_string}"},"query-input":{"@type":"PropertyValueSpecification","valueRequired":true,"valueName":"search_term_string"}}],"inLanguage":"fr-FR"}]}},"_links":{"self":[{"href":"https:\/\/cfacanada.org\/fr\/wp-json\/wp\/v2\/pages\/2079","targetHints":{"allow":["GET"]}}],"collection":[{"href":"https:\/\/cfacanada.org\/fr\/wp-json\/wp\/v2\/pages"}],"about":[{"href":"https:\/\/cfacanada.org\/fr\/wp-json\/wp\/v2\/types\/page"}],"author":[{"embeddable":true,"href":"https:\/\/cfacanada.org\/fr\/wp-json\/wp\/v2\/users\/2"}],"replies":[{"embeddable":true,"href":"https:\/\/cfacanada.org\/fr\/wp-json\/wp\/v2\/comments?post=2079"}],"version-history":[{"count":1,"href":"https:\/\/cfacanada.org\/fr\/wp-json\/wp\/v2\/pages\/2079\/revisions"}],"predecessor-version":[{"id":3481,"href":"https:\/\/cfacanada.org\/fr\/wp-json\/wp\/v2\/pages\/2079\/revisions\/3481"}],"up":[{"embeddable":true,"href":"https:\/\/cfacanada.org\/fr\/wp-json\/wp\/v2\/pages\/2016"}],"wp:attachment":[{"href":"https:\/\/cfacanada.org\/fr\/wp-json\/wp\/v2\/media?parent=2079"}],"curies":[{"name":"wp","href":"https:\/\/api.w.org\/{rel}","templated":true}]}}