{"id":2127,"date":"2022-01-20T12:46:56","date_gmt":"2022-01-20T12:46:56","guid":{"rendered":"http:\/\/localhost:10018\/conditions-dutilisation\/"},"modified":"2026-03-03T09:43:33","modified_gmt":"2026-03-03T14:43:33","slug":"conditions-dutilisation","status":"publish","type":"page","link":"https:\/\/cfacanada.org\/fr\/conditions-dutilisation\/","title":{"rendered":"Conditions juridiques et d&rsquo;utilisation"},"content":{"rendered":"\n<div class=\"wp-block-group is-layout-flow wp-block-group-is-layout-flow\">\n<h1 class=\"wp-block-heading\">Conditions juridiques et d&rsquo;utilisation<\/h1>\n\n\n\n<p><strong>Derni\u00e8re mise \u00e0 jour : <strong>26 f\u00e9vrier, 2026<\/strong><\/strong><\/p>\n\n\n\n<p>Veuillez lire attentivement cette page. En utilisant ce site web, vous acceptez d&rsquo;\u00eatre li\u00e9 par les termes et conditions \u00e9nonc\u00e9s ici. Par cons\u00e9quent, si vous ne pouvez pas accepter ces conditions, veuillez ne pas utiliser le site Web. CFA Societies Canada peut r\u00e9viser les pr\u00e9sentes conditions \u00e0 sa discr\u00e9tion et en tout temps en mettant \u00e0 jour cette page. Par cons\u00e9quent, vous devriez visiter cette page p\u00e9riodiquement pour revoir les conditions, car elles vous lient pour chaque utilisation du site Web.<\/p>\n\n\n\n<ol class=\"wp-block-list\">\n<li><strong>Utilisation du mat\u00e9riel du site<\/strong><br>Le pr\u00e9sent site Web et son contenu sont, sauf indication contraire, la propri\u00e9t\u00e9 de CFA Societies Canada et sont prot\u00e9g\u00e9s contre toute utilisation non autoris\u00e9e au Canada et dans d&rsquo;autres pays par les lois sur le droit d&rsquo;auteur, les marques de commerce et d&rsquo;autres lois sur la propri\u00e9t\u00e9 intellectuelle. CFA Societies Canada vous autorise \u00e0 visualiser et \u00e0 t\u00e9l\u00e9charger une seule copie des documents contenus dans le pr\u00e9sent site Web, uniquement pour votre usage personnel et non commercial. Vous devez conserver tous les avis de droit d&rsquo;auteur et autres avis de propri\u00e9t\u00e9 contenus dans le mat\u00e9riel original sur toute copie que vous faites du mat\u00e9riel du site. Il vous est interdit de vendre ou de modifier le mat\u00e9riel du site ou de reproduire, d&rsquo;afficher, d&rsquo;ex\u00e9cuter publiquement, de distribuer ou d&rsquo;utiliser de quelque mani\u00e8re que ce soit tout contenu ou mat\u00e9riel \u00e0 des fins publiques ou commerciales sans notre consentement \u00e9crit expr\u00e8s. Les noms, marques et logos apparaissant sur ce site Web sont, \u00e0 moins d&rsquo;indication contraire, des marques de commerce appartenant \u00e0 CFA Societies Canada ou utilis\u00e9es sous licence par celle-ci. L&rsquo;utilisation de ces marques, sauf dans les cas pr\u00e9vus par les pr\u00e9sentes conditions ou par une entente \u00e9crite expresse, est interdite. Si vous enfreignez l&rsquo;une de ces conditions, votre autorisation d&rsquo;utiliser le mat\u00e9riel du site prend automatiquement fin et vous devez imm\u00e9diatement d\u00e9truire toute copie que vous avez faite du mat\u00e9riel. CFA Societies Canada se r\u00e9serve tous les autres droits qu&rsquo;elle peut avoir en droit ou en \u00e9quit\u00e9.<br><\/li>\n\n\n\n<li><strong>Contenu g\u00e9n\u00e9r\u00e9 par les utilisateurs<\/strong>\n<ul class=\"wp-block-list\">\n<li><strong>2.1 Contenu de l&rsquo;utilisateur. <\/strong>Nous pouvons vous offrir la possibilit\u00e9 de contribuer au contenu g\u00e9n\u00e9r\u00e9 par l&rsquo;utilisateur, par exemple en commentant et en participant \u00e0 des discussions sur des articles, des entreprises et divers sujets. Le contenu, les informations, les graphiques, le son, les images et les liens que vous soumettez \u00e0 notre site Web, ou dans le cadre de l&rsquo;une des activit\u00e9s susmentionn\u00e9es, sont appel\u00e9s \u00ab\u00a0contenu utilisateur\u00a0\u00bb dans le pr\u00e9sent accord et sont soumis \u00e0 diverses conditions \u00e9nonc\u00e9es ci-dessous.<\/li>\n\n\n\n<li><strong>2.2 Mises en garde concernant les autres utilisateurs et le contenu de l&rsquo;utilisateur. <\/strong>Vous comprenez et acceptez que le Contenu Utilisateur peut inclure des informations, des points de vue, des opinions et des recommandations de nombreuses personnes et organisations et qu&rsquo;il est con\u00e7u pour vous aider \u00e0 rassembler les informations dont vous avez besoin pour prendre vos propres d\u00e9cisions. Il est important de noter que vous \u00eates responsable de vos propres d\u00e9cisions d&rsquo;investissement et de l&rsquo;analyse et de la v\u00e9rification appropri\u00e9es de toute information \u00e0 laquelle vous avez l&rsquo;intention de vous fier. Nous n&rsquo;approuvons pas le contenu des utilisateurs, les recommandations ou les opinions \u00e9mises par les utilisateurs. Nous ne filtrons pas, ne modifions pas et ne r\u00e9visons pas syst\u00e9matiquement le contenu des utilisateurs. Toutefois, nous nous r\u00e9servons le droit de contr\u00f4ler ou de supprimer tout contenu utilisateur du site Web \u00e0 tout moment et sans pr\u00e9avis. Vous devez \u00e9galement savoir que d&rsquo;autres utilisateurs peuvent utiliser notre site Web \u00e0 des fins personnelles. Par cons\u00e9quent, veuillez aborder les messages avec un scepticisme appropri\u00e9. Le contenu de l&rsquo;utilisateur peut \u00eatre trompeur, mensonger ou erron\u00e9.<\/li>\n\n\n\n<li><strong>2.3 Octroi de droits et d\u00e9clarations de votre part. <\/strong>Si vous t\u00e9l\u00e9chargez, affichez ou soumettez tout contenu d&rsquo;utilisateur sur notre site Web, vous nous d\u00e9clarez que vous avez tous les droits l\u00e9gaux n\u00e9cessaires pour t\u00e9l\u00e9charger, afficher ou soumettre ce contenu d&rsquo;utilisateur et qu&rsquo;il ne violera aucune loi ni les droits de quiconque. Vous convenez qu&rsquo;en t\u00e9l\u00e9chargeant, en affichant ou en soumettant de l&rsquo;information, vous accordez \u00e0 CFA Societies Canada et \u00e0 ses soci\u00e9t\u00e9s affili\u00e9es et successeurs respectifs un droit et une licence non exclusifs, transf\u00e9rables, mondiaux, enti\u00e8rement lib\u00e9r\u00e9s, exempts de redevances, perp\u00e9tuels et irr\u00e9vocables d&rsquo;utiliser, de distribuer, d&rsquo;afficher publiquement, de reproduire et de cr\u00e9er des \u0153uvres d\u00e9riv\u00e9es de votre contenu d&rsquo;utilisateur dans tous les m\u00e9dias, de quelque mani\u00e8re que ce soit, en tout ou en partie, sans obligation de vous r\u00e9mun\u00e9rer. Vous nous accordez \u00e9galement le droit d&rsquo;autoriser l&rsquo;utilisation du contenu de l&rsquo;utilisateur, ou de toute partie de celui-ci, \u00e0 d&rsquo;autres utilisateurs conform\u00e9ment aux conditions g\u00e9n\u00e9rales du pr\u00e9sent accord, y compris les droits de pr\u00e9senter votre contenu d&rsquo;utilisateur sp\u00e9cifiquement sur le site web et de permettre aux utilisateurs de demander l&rsquo;acc\u00e8s \u00e0 votre contenu d&rsquo;utilisateur, comme par exemple par le biais d&rsquo;un flux RSS.<\/li>\n\n\n\n<li><strong>2.4 Nous pouvons \u00e9galement supprimer tout contenu utilisateur pour quelque raison que ce soit et sans pr\u00e9avis. <\/strong>Cela inclut tout le mat\u00e9riel li\u00e9 \u00e0 votre utilisation de notre site Web ou \u00e0 votre adh\u00e9sion, y compris les comptes de messagerie, les publications, les profils ou toute autre information personnalis\u00e9e que vous avez cr\u00e9\u00e9e sur notre site Web.<br><\/li>\n<\/ul>\n<\/li>\n\n\n\n<li><strong>Utilisation de liens et de logos<\/strong><br>Il n&rsquo;est pas n\u00e9cessaire de demander la permission pour cr\u00e9er un lien textuel de votre site Web vers le site Web de CFA Societies Canada ou l&rsquo;une de ses pages. Toutefois, l&rsquo;information contenue dans le pr\u00e9sent site Web est prot\u00e9g\u00e9e par le droit d&rsquo;auteur, comme il est indiqu\u00e9 ci-dessus. Le logo de CFA Societies Canada et le logo du CFA Institute sont des marques d\u00e9pos\u00e9es et leur utilisation par des tiers n&rsquo;est pas autoris\u00e9e sans une entente \u00e9crite expresse. CFA Societies Canada se r\u00e9serve le droit d&rsquo;exiger la suppression de tout lien trompeur. \u00c0 cette fin, nous invitons les personnes handicap\u00e9es \u00e0 utiliser des appareils fonctionnels dans nos locaux.<br><\/li>\n\n\n\n<li><strong><strong>Responsabilit\u00e9 et d\u00e9ni de responsabilit\u00e9<\/strong><br><\/strong>CFA Societies Canada ne fait aucune d\u00e9claration quant \u00e0 l&rsquo;exactitude, \u00e0 la disponibilit\u00e9, \u00e0 la fiabilit\u00e9, \u00e0 l&rsquo;exhaustivit\u00e9 ou \u00e0 l&rsquo;actualit\u00e9 du fonctionnement ou du contenu et du mat\u00e9riel du pr\u00e9sent site Web, ni quant aux r\u00e9sultats qui seront obtenus en utilisant le site Web. Vous utilisez le site Web et son contenu \u00e0 vos propres risques. Des modifications sont apport\u00e9es p\u00e9riodiquement au site web et peuvent \u00eatre effectu\u00e9es \u00e0 tout moment.<br>Le contenu de ce site Web est fourni \u00e0 titre informatif uniquement et ne constitue en aucun cas un conseil en mati\u00e8re d&rsquo;investissement, de droit ou de carri\u00e8re. CFA Societies Canada ne fournit aucune recommandation en mati\u00e8re d&rsquo;investissement.<br>Ce site web, son contenu et son mat\u00e9riel sont fournis \u00ab\u00a0tels quels\u00a0\u00bb sans aucune garantie de quelque nature que ce soit. Dans toute la mesure permise par la loi, CFA Societies Canada d\u00e9cline express\u00e9ment par les pr\u00e9sentes toute garantie, y compris la garantie de qualit\u00e9 marchande, la garantie de non-violation des droits de tiers et la garantie d&rsquo;adaptation \u00e0 un usage particulier. En aucun cas, le CFA Societies Canada ne seront tenues responsables de quelque dommage que ce soit r\u00e9sultant de l&rsquo;utilisation ou de l&rsquo;incapacit\u00e9 d&rsquo;utiliser le mat\u00e9riel contenu dans le pr\u00e9sent site Web ou dans des sites li\u00e9s au pr\u00e9sent site Web, que ce soit en vertu d&rsquo;une garantie, d&rsquo;un contrat, d&rsquo;un d\u00e9lit ou de toute autre th\u00e9orie juridique, et que le CFA Societies Canada aient \u00e9t\u00e9 ou non avis\u00e9es de la possibilit\u00e9 de tels dommages.<br>En utilisant ce site Web, vous acceptez d&rsquo;indemniser et de d\u00e9gager de toute responsabilit\u00e9 CFA Societies Canada, ses dirigeants, ses administrateurs, ses employ\u00e9s, les membres de son groupe et ses mandataires \u00e0 l&rsquo;\u00e9gard de l&rsquo;ensemble des pertes, des r\u00e9clamations, des dommages (y compris, mais sans s&rsquo;y limiter, les dommages directs, indirects, sp\u00e9ciaux, accessoires ou cons\u00e9cutifs), des co\u00fbts et des d\u00e9penses (y compris les frais juridiques et comptables raisonnables) que CFA Societies Canada pourrait \u00eatre tenue de payer et qui d\u00e9couleraient de votre utilisation du site et de son mat\u00e9riel ou de son contenu ou de votre violation des pr\u00e9sentes conditions.<br><\/li>\n\n\n\n<li><strong>Conformit\u00e9 aux lois<\/strong><br>Les programmes et services offerts par CFA Societies Canada, y compris ceux qui sont disponibles sur notre site Web, sont assujettis aux lois et r\u00e8glements applicables. En acc\u00e9dant \u00e0 toute partie du site Web de CFA Societies Canada, en vous inscrivant \u00e0 un programme offert par CFA Societies Canada ou ses soci\u00e9t\u00e9s affili\u00e9es, ou en achetant tout bien ou service offert par CFA Societies Canada, vous reconnaissez et acceptez de vous conformer aux lois applicables.<br><\/li>\n\n\n\n<li><strong>G\u00e9n\u00e9ralit\u00e9s<\/strong><br>Les pr\u00e9sentes conditions sont r\u00e9gies par les lois du Canada et interpr\u00e9t\u00e9es conform\u00e9ment \u00e0 celles-ci, sans donner effet \u00e0 aucun principe de conflit de lois. Toute action ou proc\u00e9dure d\u00e9coulant de l&rsquo;utilisation de ce site Web ou s&rsquo;y rapportant doit \u00eatre intent\u00e9e et maintenue uniquement devant un tribunal du Canada, et vous acceptez la comp\u00e9tence de ces tribunaux. Si une disposition est jug\u00e9e invalide par un tribunal comp\u00e9tent, l&rsquo;invalidit\u00e9 de cette disposition n&rsquo;affectera pas la validit\u00e9 des autres dispositions des pr\u00e9sentes conditions g\u00e9n\u00e9rales, qui resteront en vigueur et de plein effet. Aucune renonciation \u00e0 l&rsquo;un de ces termes et conditions ne sera consid\u00e9r\u00e9e comme une renonciation suppl\u00e9mentaire ou continue de ce terme ou de tout autre terme. Sauf disposition expresse ailleurs dans notre site Web, les pr\u00e9sentes conditions constituent l&rsquo;entente int\u00e9grale entre vous et CFA Societies Canada en ce qui concerne l&rsquo;utilisation de notre site Web. Nous nous r\u00e9servons le droit d&rsquo;apporter des modifications aux pr\u00e9sentes conditions en tout temps. En continuant d&rsquo;utiliser notre site Web apr\u00e8s de telles modifications, vous acceptez les nouvelles conditions.<br><\/li>\n\n\n\n<li><strong>Nous contacter<\/strong><br>Si vous avez des questions concernant notre site web, son mat\u00e9riel ou son contenu, ou les pr\u00e9sentes conditions g\u00e9n\u00e9rales, veuillez nous contacter \u00e0 l&rsquo;adresse <a href=\"mailto:info@cfacanada.org\">info@cfacanada.org<\/a> ou au num\u00e9ro (416) 366-3658.<\/li>\n<\/ol>\n<\/div>\n","protected":false},"excerpt":{"rendered":"<p>Conditions juridiques et d&rsquo;utilisation Derni\u00e8re mise \u00e0 jour : 26 f\u00e9vrier, 2026 Veuillez lire attentivement cette page. En utilisant ce site web, vous acceptez d&rsquo;\u00eatre li\u00e9 par les termes et conditions \u00e9nonc\u00e9s ici. Par cons\u00e9quent, si vous ne pouvez pas accepter ces conditions, veuillez ne pas utiliser le site Web. CFA Societies Canada peut r\u00e9viser [&hellip;]<\/p>\n","protected":false},"author":2,"featured_media":0,"parent":0,"menu_order":0,"comment_status":"closed","ping_status":"closed","template":"","meta":{"_acf_changed":false,"inline_featured_image":false,"footnotes":""},"class_list":["post-2127","page","type-page","status-publish","hentry"],"acf":[],"featured_image_src":null,"yoast_head":"<!-- This site is optimized with the Yoast SEO plugin v27.3 - https:\/\/yoast.com\/product\/yoast-seo-wordpress\/ -->\n<title>Conditions juridiques et d&#039;utilisation - CFA Societies Canada<\/title>\n<meta name=\"description\" content=\"En utilisant ce site web, vous acceptez d&#039;\u00eatre li\u00e9 par les termes et conditions \u00e9nonc\u00e9s ici.\" \/>\n<meta name=\"robots\" content=\"index, follow, max-snippet:-1, max-image-preview:large, max-video-preview:-1\" \/>\n<link rel=\"canonical\" href=\"https:\/\/cfacanada.org\/fr\/conditions-dutilisation\/\" \/>\n<meta property=\"og:locale\" content=\"fr_FR\" \/>\n<meta property=\"og:type\" content=\"article\" \/>\n<meta property=\"og:title\" content=\"Conditions juridiques et d&#039;utilisation - CFA Societies Canada\" \/>\n<meta property=\"og:description\" content=\"En utilisant ce site web, vous acceptez d&#039;\u00eatre li\u00e9 par les termes et conditions \u00e9nonc\u00e9s ici.\" \/>\n<meta property=\"og:url\" content=\"https:\/\/cfacanada.org\/fr\/conditions-dutilisation\/\" \/>\n<meta property=\"og:site_name\" content=\"CFA Societies Canada\" \/>\n<meta property=\"article:modified_time\" content=\"2026-03-03T14:43:33+00:00\" \/>\n<meta name=\"twitter:card\" content=\"summary_large_image\" \/>\n<meta name=\"twitter:label1\" content=\"Dur\u00e9e de lecture estim\u00e9e\" \/>\n\t<meta name=\"twitter:data1\" content=\"8 minutes\" \/>\n<script type=\"application\/ld+json\" class=\"yoast-schema-graph\">{\"@context\":\"https:\\\/\\\/schema.org\",\"@graph\":[{\"@type\":\"WebPage\",\"@id\":\"https:\\\/\\\/cfacanada.org\\\/fr\\\/conditions-dutilisation\\\/\",\"url\":\"https:\\\/\\\/cfacanada.org\\\/fr\\\/conditions-dutilisation\\\/\",\"name\":\"Conditions juridiques et d'utilisation - CFA Societies Canada\",\"isPartOf\":{\"@id\":\"https:\\\/\\\/cfacanada.org\\\/#website\"},\"datePublished\":\"2022-01-20T12:46:56+00:00\",\"dateModified\":\"2026-03-03T14:43:33+00:00\",\"description\":\"En utilisant ce site web, vous acceptez d'\u00eatre li\u00e9 par les termes et conditions \u00e9nonc\u00e9s ici.\",\"breadcrumb\":{\"@id\":\"https:\\\/\\\/cfacanada.org\\\/fr\\\/conditions-dutilisation\\\/#breadcrumb\"},\"inLanguage\":\"fr-FR\",\"potentialAction\":[{\"@type\":\"ReadAction\",\"target\":[\"https:\\\/\\\/cfacanada.org\\\/fr\\\/conditions-dutilisation\\\/\"]}]},{\"@type\":\"BreadcrumbList\",\"@id\":\"https:\\\/\\\/cfacanada.org\\\/fr\\\/conditions-dutilisation\\\/#breadcrumb\",\"itemListElement\":[{\"@type\":\"ListItem\",\"position\":1,\"name\":\"Home\",\"item\":\"https:\\\/\\\/cfacanada.org\\\/fr\\\/\"},{\"@type\":\"ListItem\",\"position\":2,\"name\":\"Conditions juridiques et d&#8217;utilisation\"}]},{\"@type\":\"WebSite\",\"@id\":\"https:\\\/\\\/cfacanada.org\\\/#website\",\"url\":\"https:\\\/\\\/cfacanada.org\\\/\",\"name\":\"CFA Societies Canada\",\"description\":\"Canadian investment values\",\"potentialAction\":[{\"@type\":\"SearchAction\",\"target\":{\"@type\":\"EntryPoint\",\"urlTemplate\":\"https:\\\/\\\/cfacanada.org\\\/?s={search_term_string}\"},\"query-input\":{\"@type\":\"PropertyValueSpecification\",\"valueRequired\":true,\"valueName\":\"search_term_string\"}}],\"inLanguage\":\"fr-FR\"}]}<\/script>\n<!-- \/ Yoast SEO plugin. -->","yoast_head_json":{"title":"Conditions juridiques et d'utilisation - CFA Societies Canada","description":"En utilisant ce site web, vous acceptez d'\u00eatre li\u00e9 par les termes et conditions \u00e9nonc\u00e9s ici.","robots":{"index":"index","follow":"follow","max-snippet":"max-snippet:-1","max-image-preview":"max-image-preview:large","max-video-preview":"max-video-preview:-1"},"canonical":"https:\/\/cfacanada.org\/fr\/conditions-dutilisation\/","og_locale":"fr_FR","og_type":"article","og_title":"Conditions juridiques et d'utilisation - CFA Societies Canada","og_description":"En utilisant ce site web, vous acceptez d'\u00eatre li\u00e9 par les termes et conditions \u00e9nonc\u00e9s ici.","og_url":"https:\/\/cfacanada.org\/fr\/conditions-dutilisation\/","og_site_name":"CFA Societies Canada","article_modified_time":"2026-03-03T14:43:33+00:00","twitter_card":"summary_large_image","twitter_misc":{"Dur\u00e9e de lecture estim\u00e9e":"8 minutes"},"schema":{"@context":"https:\/\/schema.org","@graph":[{"@type":"WebPage","@id":"https:\/\/cfacanada.org\/fr\/conditions-dutilisation\/","url":"https:\/\/cfacanada.org\/fr\/conditions-dutilisation\/","name":"Conditions juridiques et d'utilisation - CFA Societies Canada","isPartOf":{"@id":"https:\/\/cfacanada.org\/#website"},"datePublished":"2022-01-20T12:46:56+00:00","dateModified":"2026-03-03T14:43:33+00:00","description":"En utilisant ce site web, vous acceptez d'\u00eatre li\u00e9 par les termes et conditions \u00e9nonc\u00e9s ici.","breadcrumb":{"@id":"https:\/\/cfacanada.org\/fr\/conditions-dutilisation\/#breadcrumb"},"inLanguage":"fr-FR","potentialAction":[{"@type":"ReadAction","target":["https:\/\/cfacanada.org\/fr\/conditions-dutilisation\/"]}]},{"@type":"BreadcrumbList","@id":"https:\/\/cfacanada.org\/fr\/conditions-dutilisation\/#breadcrumb","itemListElement":[{"@type":"ListItem","position":1,"name":"Home","item":"https:\/\/cfacanada.org\/fr\/"},{"@type":"ListItem","position":2,"name":"Conditions juridiques et d&#8217;utilisation"}]},{"@type":"WebSite","@id":"https:\/\/cfacanada.org\/#website","url":"https:\/\/cfacanada.org\/","name":"CFA Societies Canada","description":"Canadian investment values","potentialAction":[{"@type":"SearchAction","target":{"@type":"EntryPoint","urlTemplate":"https:\/\/cfacanada.org\/?s={search_term_string}"},"query-input":{"@type":"PropertyValueSpecification","valueRequired":true,"valueName":"search_term_string"}}],"inLanguage":"fr-FR"}]}},"_links":{"self":[{"href":"https:\/\/cfacanada.org\/fr\/wp-json\/wp\/v2\/pages\/2127","targetHints":{"allow":["GET"]}}],"collection":[{"href":"https:\/\/cfacanada.org\/fr\/wp-json\/wp\/v2\/pages"}],"about":[{"href":"https:\/\/cfacanada.org\/fr\/wp-json\/wp\/v2\/types\/page"}],"author":[{"embeddable":true,"href":"https:\/\/cfacanada.org\/fr\/wp-json\/wp\/v2\/users\/2"}],"replies":[{"embeddable":true,"href":"https:\/\/cfacanada.org\/fr\/wp-json\/wp\/v2\/comments?post=2127"}],"version-history":[{"count":3,"href":"https:\/\/cfacanada.org\/fr\/wp-json\/wp\/v2\/pages\/2127\/revisions"}],"predecessor-version":[{"id":4737,"href":"https:\/\/cfacanada.org\/fr\/wp-json\/wp\/v2\/pages\/2127\/revisions\/4737"}],"wp:attachment":[{"href":"https:\/\/cfacanada.org\/fr\/wp-json\/wp\/v2\/media?parent=2127"}],"curies":[{"name":"wp","href":"https:\/\/api.w.org\/{rel}","templated":true}]}}