{"id":2664,"date":"2023-02-28T23:33:40","date_gmt":"2023-02-28T23:33:40","guid":{"rendered":"https:\/\/cfacanada.org\/?page_id=2664"},"modified":"2025-04-11T11:44:45","modified_gmt":"2025-04-11T15:44:45","slug":"investment-industry-standards","status":"publish","type":"page","link":"https:\/\/cfacanada.org\/fr\/investment-industry-standards\/","title":{"rendered":"Normes du secteur des investissements"},"content":{"rendered":"    <div class=\"hero  hero-banner-block alignfull\">\n        <div class=\"hero__wrapper container\">\n            <div class=\"row justify-content-between align-items-center g-0\">\n                <div class=\"d-flex col-lg-6\">\n                    <div class=\"hero__content\">\n                        <h1 class=\"hero__title\">Normes du secteur des investissements<\/h1>\n                                                                            <div class=\"hero__text\">\n                                <p>Une partie int\u00e9grante de la mission du CFA Institute est de d\u00e9velopper et d\u2019administrer des codes, des directives de meilleures pratiques et des normes qui guident le secteur de l\u2019investissement et aident \u00e0 garantir que tous les professionnels de l\u2019investissement placent les int\u00e9r\u00eats des clients au premier plan.<\/p>\n                            <\/div>\n                                                                    <\/div>\n                <\/div>\n                                    <div class=\"hero__image\">\n                        <div class=\"hero__image__wrapper\">\n                                                        <img decoding=\"async\" data-src=\"https:\/\/cfacanada.org\/wp-content\/uploads\/2024\/06\/SPARK-RC-HERO-industry-1.jpg\" alt=\"\" src=\"data:image\/svg+xml;base64,PHN2ZyB3aWR0aD0iMSIgaGVpZ2h0PSIxIiB4bWxucz0iaHR0cDovL3d3dy53My5vcmcvMjAwMC9zdmciPjwvc3ZnPg==\" class=\"lazyload\" style=\"--smush-placeholder-width: 1960px; --smush-placeholder-aspect-ratio: 1960\/1350;\">\n                        <\/div>\n                    <\/div>\n                            <\/div>\n        <\/div>\n    <\/div>\n\n\n\n\n\n<div style=\"height:40px\" aria-hidden=\"true\" class=\"wp-block-spacer\"><\/div>\n\n\n\n<div id=\"asset-manager-code\" class=\"wp-block-group is-layout-constrained wp-block-group-is-layout-constrained\">\n<div class=\"wp-block-columns is-layout-flex wp-container-core-columns-is-layout-9d6595d7 wp-block-columns-is-layout-flex\">\n<div class=\"wp-block-column is-vertically-aligned-top is-layout-flow wp-block-column-is-layout-flow\" style=\"flex-basis:30%\">\n<h2 class=\"wp-block-heading\">Code de gestionnaire d\u2019actifs<\/h2>\n<\/div>\n\n\n\n<div class=\"wp-block-column is-layout-flow wp-block-column-is-layout-flow\">\n<div class=\"wp-block-columns are-vertically-aligned-center is-layout-flex wp-container-core-columns-is-layout-9d6595d7 wp-block-columns-is-layout-flex\">\n<div class=\"wp-block-column is-vertically-aligned-center is-layout-flow wp-block-column-is-layout-flow\">\n<div style=\"height:0px\" aria-hidden=\"true\" class=\"wp-block-spacer\"><\/div>\n\n\n\n<p>Nous proposons le code volontaire du CFA Institute pour les gestionnaires d\u2019actifs afin de les aider \u00e0 appliquer des principes \u00e9thiques qui placent les int\u00e9r\u00eats des clients au premier plan.<\/p>\n\n\n\n<h3 class=\"wp-block-heading\">Pourquoi est-ce important ?<\/h3>\n\n\n\n<p>Le Code d\u00e9crit les responsabilit\u00e9s \u00e9thiques et professionnelles des organismes qui g\u00e8rent des actifs pour le compte de clients. Il fournit des normes et des conseils de soutien fond\u00e9s sur des principes g\u00e9n\u00e9raux de conduite.<\/p>\n\n\n\n<p><strong>Le Code stipule que les gestionnaires ont ces responsabilit\u00e9s envers leurs clients :<\/strong><\/p>\n\n\n\n<ul class=\"wp-block-list\">\n<li>Agir \u00e0 tout moment de mani\u00e8re professionnelle et \u00e9thique.<\/li>\n\n\n\n<li>Agir dans l&rsquo;int\u00e9r\u00eat des clients<\/li>\n\n\n\n<li>Agir avec ind\u00e9pendance et objectivit\u00e9<\/li>\n\n\n\n<li>Agir avec habilet\u00e9, comp\u00e9tence et diligence.<\/li>\n\n\n\n<li>Communiquer avec les clients en temps opportun et de mani\u00e8re pr\u00e9cise.<\/li>\n\n\n\n<li>Respecter les r\u00e8gles r\u00e9gissant les march\u00e9s financiers<\/li>\n<\/ul>\n\n\n\n<p>Pour en savoir plus sur le code de conduite professionnelle le plus largement adopt\u00e9 mondialement par les organismes g\u00e9rant les investissements de leurs clients,\u00a0<a href=\"https:\/\/rpc.cfainstitute.org\/sites\/default\/files\/-\/media\/documents\/code\/amc\/asset-manager-code.pdf\" target=\"_blank\" rel=\"noreferrer noopener\">cliquez ici<\/a>.<\/p>\n\n\n\n<div class=\"wp-block-buttons is-layout-flex wp-block-buttons-is-layout-flex\">\n<div class=\"wp-block-button\"><a class=\"wp-block-button__link wp-element-button\" href=\"https:\/\/www.cfainstitute.org\/en\/ethics-standards\/codes\/asset-manager-code\" target=\"_blank\" rel=\"noreferrer noopener\">Vous souhaitez vous mettre en conformit\u00e9 ?<\/a><\/div>\n<\/div>\n<\/div>\n<\/div>\n<\/div>\n<\/div>\n<\/div>\n\n\n\n<div id=\"diversity-code\" class=\"wp-block-group is-layout-constrained wp-block-group-is-layout-constrained\">\n<div class=\"wp-block-columns is-layout-flex wp-container-core-columns-is-layout-9d6595d7 wp-block-columns-is-layout-flex\">\n<div class=\"wp-block-column is-vertically-aligned-top is-layout-flow wp-block-column-is-layout-flow\" style=\"flex-basis:30%\">\n<h2 class=\"wp-block-heading\">Code de la diversit\u00e9, de l\u2019\u00e9quit\u00e9 et de l\u2019inclusion<\/h2>\n<\/div>\n\n\n\n<div class=\"wp-block-column is-layout-flow wp-block-column-is-layout-flow\">\n<div class=\"wp-block-columns are-vertically-aligned-center is-layout-flex wp-container-core-columns-is-layout-9d6595d7 wp-block-columns-is-layout-flex\">\n<div class=\"wp-block-column is-vertically-aligned-center is-layout-flow wp-block-column-is-layout-flow\">\n<div style=\"height:0px\" aria-hidden=\"true\" class=\"wp-block-spacer\"><\/div>\n\n\n\n<p>La diversit\u00e9, l&rsquo;\u00e9quit\u00e9 et l&rsquo;inclusion (DEI) sont des \u00e9l\u00e9ments cruciaux pour l&rsquo;avenir de l&rsquo;industrie de l&rsquo;investissement et le succ\u00e8s des entreprises d&rsquo;investissement. Le CFA Institute reconna\u00eet qu&rsquo;une diversit\u00e9 de perspectives conduira \u00e0 de meilleurs r\u00e9sultats pour les investisseurs ; une industrie de l&rsquo;investissement inclusive servira mieux notre soci\u00e9t\u00e9 diversifi\u00e9e. De plus, nous reconnaissons qu&rsquo;une organisation, avec une culture inclusive, une sensibilisation et une \u00e9ducation, et des relations de travail efficaces, est un meilleur lieu de travail. Pour aider \u00e0 garantir ces initiatives essentielles, le CFA Institute a \u00e9labor\u00e9 un code volontaire pour guider la DEI, en commen\u00e7ant par les \u00c9tats-Unis et le Canada.<\/p>\n\n\n\n<div class=\"wp-block-buttons is-layout-flex wp-block-buttons-is-layout-flex\">\n<div class=\"wp-block-button\"><a class=\"wp-block-button__link wp-element-button\" href=\"https:\/\/www.cfainstitute.org\/en\/ethics-standards\/codes\/diversity-equity-inclusion\" target=\"_blank\" rel=\"noreferrer noopener\">En savoir plus<\/a><\/div>\n<\/div>\n<\/div>\n<\/div>\n<\/div>\n<\/div>\n<\/div>\n\n\n\n<div style=\"height:50px\" aria-hidden=\"true\" class=\"wp-block-spacer\"><\/div>\n\n\n\n<div id=\"esg-code\" class=\"wp-block-group has-background is-layout-constrained wp-block-group-is-layout-constrained\" style=\"background-color:#f8f8f8;padding-top:var(--wp--preset--spacing--80);padding-bottom:var(--wp--preset--spacing--80)\">\n<h2 class=\"wp-block-heading has-text-align-center\">Normes de divulgation ESG pour les produits d\u2019investissement<\/h2>\n\n\n\n<p class=\"has-text-align-center\">Les normes mondiales de divulgation ESG pour les produits d\u2019investissement sont les premi\u00e8res normes volontaires mondiales pour divulguer la mani\u00e8re dont un produit d\u2019investissement prend en compte les questions ESG dans ses objectifs, sa strat\u00e9gie d\u2019investissement et ses activit\u00e9s de gestion.<\/p>\n\n\n\n<div class=\"wp-block-columns is-layout-flex wp-container-core-columns-is-layout-9d6595d7 wp-block-columns-is-layout-flex\">\n<div class=\"wp-block-column is-layout-flow wp-block-column-is-layout-flow\">\n<div id=\"card-block_3a1017c2e832555782edf936f57dd65f\" class=\"card onScroll\" >\n <div class=\"card-inner\">\n                <div class=\"card-content\">\n            <h3><span>Pertinentes<\/span><\/h3>            <p>Elles aident les investisseurs, les consultants, les conseillers et les distributeurs \u00e0 mieux comprendre, comparer et \u00e9valuer les produits d\u2019investissement et r\u00e9duisent le risque de \u00ab blanchiment \u00e9cologique \u00bb.<\/p>\n        <\/div>\n    <\/div>\n<\/div><\/div>\n\n\n\n<div class=\"wp-block-column is-layout-flow wp-block-column-is-layout-flow\">\n<div id=\"card-block_b0e854aeb106da9f00281581a7ad2f7a\" class=\"card onScroll\" >\n <div class=\"card-inner\">\n                <div class=\"card-content\">\n            <h3><span>Flexibles<\/span><\/h3>            <p>Elles sont con\u00e7ues pour s\u2019adapter \u00e0 la gamme compl\u00e8te de v\u00e9hicules d\u2019investissement, de classes d\u2019actifs et d\u2019approches ESG propos\u00e9s sur les march\u00e9s du monde entier.<\/p>\n        <\/div>\n    <\/div>\n<\/div><\/div>\n\n\n\n<div class=\"wp-block-column is-layout-flow wp-block-column-is-layout-flow\">\n<div id=\"card-block_8d64d1aecca4109aad63c0b3de2302fd\" class=\"card onScroll\" >\n <div class=\"card-inner\">\n                <div class=\"card-content\">\n            <h3><span>Compl\u00e9mentaires<\/span><\/h3>            <p>Elles r\u00e9pondent aux lacunes actuelles de la r\u00e9glementation et contribue \u00e0 harmoniser les pratiques de divulgation sur les diff\u00e9rents march\u00e9s.<\/p>\n        <\/div>\n    <\/div>\n<\/div><\/div>\n<\/div>\n\n\n\n<div class=\"wp-block-buttons is-content-justification-center is-layout-flex wp-container-core-buttons-is-layout-16018d1d wp-block-buttons-is-layout-flex\">\n<div class=\"wp-block-button\"><a class=\"wp-block-button__link has-white-background-color has-text-color has-background wp-element-button\" href=\"https:\/\/www.cfainstitute.org\/en\/ethics-standards\/codes\/esg-standards\" style=\"color:#002f6c\" target=\"_blank\" rel=\"noreferrer noopener\">En savoir plus<\/a><\/div>\n<\/div>\n<\/div>\n\n\n\n<div style=\"height:50px\" aria-hidden=\"true\" class=\"wp-block-spacer\"><\/div>\n\n\n\n<div id=\"global-investment-standards\" class=\"wp-block-group is-layout-constrained wp-block-group-is-layout-constrained\">\n<h2 class=\"wp-block-heading\">Normes mondiales de performance des investissements<\/h2>\n\n\n\n<p>Les normes GIPS\u00ae sont un ensemble de principes applicables \u00e0 l\u2019ensemble du secteur qui guident les entreprises d\u2019investissement sur la mani\u00e8re de calculer et de communiquer leurs r\u00e9sultats d\u2019investissement aux clients potentiels, sur la base des principes de repr\u00e9sentation \u00e9quitable et de divulgation compl\u00e8te. Nous encourageons les entreprises \u00e0 adopter volontairement ces normes.<\/p>\n\n\n\n<p>La performance des investissements est un \u00e9l\u00e9ment fondamental de tout investissement, et il est pertinent pour chaque investissement et pour chaque investisseur. Elle est importante pour l\u2019\u00e9valuation des progr\u00e8s par rapport aux objectifs, la s\u00e9lection des gestionnaires et le calcul des incitations. Les entreprises d\u2019investissement et les propri\u00e9taires d\u2019actifs qui adoptent les normes GIPS affichent leur engagement en mati\u00e8re d\u2019\u00e9thique et de transparence et inspirent la confiance des investisseurs.<\/p>\n\n\n\n<p>Afin d\u2019assurer une pertinence continue, les normes GIPS sont \u00e9labor\u00e9es par le CFA Institute en partenariat avec des experts du secteur et les sponsors des normes GIPS du monde entier.<\/p>\n\n\n\n<div class=\"wp-block-buttons is-layout-flex wp-block-buttons-is-layout-flex\">\n<div class=\"wp-block-button\"><a class=\"wp-block-button__link has-white-background-color has-text-color has-background wp-element-button\" href=\"https:\/\/www.cfainstitute.org\/en\/ethics-standards\/codes\/gips-standards\" style=\"color:#002f6c\" target=\"_blank\" rel=\"noreferrer noopener\">En savoir plus<\/a><\/div>\n<\/div>\n<\/div>\n\n\n\n<div id=\"other-codes\" class=\"wp-block-group is-layout-constrained wp-block-group-is-layout-constrained\">\n<h2 class=\"wp-block-heading\">Autres codes et normes<\/h2>\n\n\n\n<p><\/p>\n\n\n\n<div class=\"wp-block-buttons is-layout-flex wp-block-buttons-is-layout-flex\">\n<div class=\"wp-block-button\"><a class=\"wp-block-button__link has-white-background-color has-text-color has-background wp-element-button\" href=\"https:\/\/www.cfainstitute.org\/en\/ethics-standards\/codes\" style=\"color:#002f6c\" target=\"_blank\" rel=\"noreferrer noopener\">En savoir plus<\/a><\/div>\n<\/div>\n<\/div>\n\n\n\n<div style=\"height:50px\" aria-hidden=\"true\" class=\"wp-block-spacer\"><\/div>\n\n\n\n<div id=\"cta-block-block_4ac49eb3d3f0f8bae0aab6a93e7375d5\" class=\"cta-block smaller\">\n    <div class=\"cta-block__content\">\n        <h3 class=\"cta-block__text\">Cherchez-vous \u00e0 signaler des fautes commises par des membres ou candidats du CFA Institute ?<\/h3>\n                    <a class=\"btn\" href=\"\/fr\/contact\" target=\"_self\">Signalez une faute<\/a>\n            <\/div>\n<\/div>\n\n\n<div style=\"height:100px\" aria-hidden=\"true\" class=\"wp-block-spacer\"><\/div>\n","protected":false},"excerpt":{"rendered":"<p>Code de gestionnaire d\u2019actifs Nous proposons le code volontaire du CFA Institute pour les gestionnaires d\u2019actifs afin de les aider \u00e0 appliquer des principes \u00e9thiques qui placent les int\u00e9r\u00eats des clients au premier plan. Pourquoi est-ce important ? Le Code d\u00e9crit les responsabilit\u00e9s \u00e9thiques et professionnelles des organismes qui g\u00e8rent des actifs pour le compte [&hellip;]<\/p>\n","protected":false},"author":2,"featured_media":0,"parent":0,"menu_order":0,"comment_status":"closed","ping_status":"closed","template":"template-default-with-breadcrumbs.php","meta":{"_acf_changed":false,"inline_featured_image":false,"footnotes":""},"class_list":["post-2664","page","type-page","status-publish","hentry"],"acf":[],"featured_image_src":null,"yoast_head":"<!-- This site is optimized with the Yoast SEO plugin v27.3 - https:\/\/yoast.com\/product\/yoast-seo-wordpress\/ -->\n<title>Normes du secteur des investissements - CFA Societies Canada<\/title>\n<meta name=\"description\" content=\"Le CFA Institute vise \u00e0 d\u00e9velopper et d\u2019administrer des codes, des directives de meilleures pratiques et des normes qui guident le secteur de l\u2019investissement et aident \u00e0 garantir que tous les professionnels de l\u2019investissement placent les int\u00e9r\u00eats des clients au premier plan.\" \/>\n<meta name=\"robots\" content=\"index, follow, max-snippet:-1, max-image-preview:large, max-video-preview:-1\" \/>\n<link rel=\"canonical\" href=\"https:\/\/cfacanada.org\/fr\/investment-industry-standards\/\" \/>\n<meta property=\"og:locale\" content=\"fr_FR\" \/>\n<meta property=\"og:type\" content=\"article\" \/>\n<meta property=\"og:title\" content=\"Normes du secteur des investissements - CFA Societies Canada\" \/>\n<meta property=\"og:description\" content=\"Le CFA Institute vise \u00e0 d\u00e9velopper et d\u2019administrer des codes, des directives de meilleures pratiques et des normes qui guident le secteur de l\u2019investissement et aident \u00e0 garantir que tous les professionnels de l\u2019investissement placent les int\u00e9r\u00eats des clients au premier plan.\" \/>\n<meta property=\"og:url\" content=\"https:\/\/cfacanada.org\/fr\/investment-industry-standards\/\" \/>\n<meta property=\"og:site_name\" content=\"CFA Societies Canada\" \/>\n<meta property=\"article:modified_time\" content=\"2025-04-11T15:44:45+00:00\" \/>\n<meta name=\"twitter:card\" content=\"summary_large_image\" \/>\n<meta name=\"twitter:label1\" content=\"Dur\u00e9e de lecture estim\u00e9e\" \/>\n\t<meta name=\"twitter:data1\" content=\"3 minutes\" \/>\n<script type=\"application\/ld+json\" class=\"yoast-schema-graph\">{\"@context\":\"https:\\\/\\\/schema.org\",\"@graph\":[{\"@type\":\"WebPage\",\"@id\":\"https:\\\/\\\/cfacanada.org\\\/fr\\\/investment-industry-standards\\\/\",\"url\":\"https:\\\/\\\/cfacanada.org\\\/fr\\\/investment-industry-standards\\\/\",\"name\":\"Normes du secteur des investissements - CFA Societies Canada\",\"isPartOf\":{\"@id\":\"https:\\\/\\\/cfacanada.org\\\/#website\"},\"datePublished\":\"2023-02-28T23:33:40+00:00\",\"dateModified\":\"2025-04-11T15:44:45+00:00\",\"description\":\"Le CFA Institute vise \u00e0 d\u00e9velopper et d\u2019administrer des codes, des directives de meilleures pratiques et des normes qui guident le secteur de l\u2019investissement et aident \u00e0 garantir que tous les professionnels de l\u2019investissement placent les int\u00e9r\u00eats des clients au premier plan.\",\"breadcrumb\":{\"@id\":\"https:\\\/\\\/cfacanada.org\\\/fr\\\/investment-industry-standards\\\/#breadcrumb\"},\"inLanguage\":\"fr-FR\",\"potentialAction\":[{\"@type\":\"ReadAction\",\"target\":[\"https:\\\/\\\/cfacanada.org\\\/fr\\\/investment-industry-standards\\\/\"]}]},{\"@type\":\"BreadcrumbList\",\"@id\":\"https:\\\/\\\/cfacanada.org\\\/fr\\\/investment-industry-standards\\\/#breadcrumb\",\"itemListElement\":[{\"@type\":\"ListItem\",\"position\":1,\"name\":\"Home\",\"item\":\"https:\\\/\\\/cfacanada.org\\\/fr\\\/\"},{\"@type\":\"ListItem\",\"position\":2,\"name\":\"Normes du secteur des investissements\"}]},{\"@type\":\"WebSite\",\"@id\":\"https:\\\/\\\/cfacanada.org\\\/#website\",\"url\":\"https:\\\/\\\/cfacanada.org\\\/\",\"name\":\"CFA Societies Canada\",\"description\":\"Canadian investment values\",\"potentialAction\":[{\"@type\":\"SearchAction\",\"target\":{\"@type\":\"EntryPoint\",\"urlTemplate\":\"https:\\\/\\\/cfacanada.org\\\/?s={search_term_string}\"},\"query-input\":{\"@type\":\"PropertyValueSpecification\",\"valueRequired\":true,\"valueName\":\"search_term_string\"}}],\"inLanguage\":\"fr-FR\"}]}<\/script>\n<!-- \/ Yoast SEO plugin. -->","yoast_head_json":{"title":"Normes du secteur des investissements - CFA Societies Canada","description":"Le CFA Institute vise \u00e0 d\u00e9velopper et d\u2019administrer des codes, des directives de meilleures pratiques et des normes qui guident le secteur de l\u2019investissement et aident \u00e0 garantir que tous les professionnels de l\u2019investissement placent les int\u00e9r\u00eats des clients au premier plan.","robots":{"index":"index","follow":"follow","max-snippet":"max-snippet:-1","max-image-preview":"max-image-preview:large","max-video-preview":"max-video-preview:-1"},"canonical":"https:\/\/cfacanada.org\/fr\/investment-industry-standards\/","og_locale":"fr_FR","og_type":"article","og_title":"Normes du secteur des investissements - CFA Societies Canada","og_description":"Le CFA Institute vise \u00e0 d\u00e9velopper et d\u2019administrer des codes, des directives de meilleures pratiques et des normes qui guident le secteur de l\u2019investissement et aident \u00e0 garantir que tous les professionnels de l\u2019investissement placent les int\u00e9r\u00eats des clients au premier plan.","og_url":"https:\/\/cfacanada.org\/fr\/investment-industry-standards\/","og_site_name":"CFA Societies Canada","article_modified_time":"2025-04-11T15:44:45+00:00","twitter_card":"summary_large_image","twitter_misc":{"Dur\u00e9e de lecture estim\u00e9e":"3 minutes"},"schema":{"@context":"https:\/\/schema.org","@graph":[{"@type":"WebPage","@id":"https:\/\/cfacanada.org\/fr\/investment-industry-standards\/","url":"https:\/\/cfacanada.org\/fr\/investment-industry-standards\/","name":"Normes du secteur des investissements - CFA Societies Canada","isPartOf":{"@id":"https:\/\/cfacanada.org\/#website"},"datePublished":"2023-02-28T23:33:40+00:00","dateModified":"2025-04-11T15:44:45+00:00","description":"Le CFA Institute vise \u00e0 d\u00e9velopper et d\u2019administrer des codes, des directives de meilleures pratiques et des normes qui guident le secteur de l\u2019investissement et aident \u00e0 garantir que tous les professionnels de l\u2019investissement placent les int\u00e9r\u00eats des clients au premier plan.","breadcrumb":{"@id":"https:\/\/cfacanada.org\/fr\/investment-industry-standards\/#breadcrumb"},"inLanguage":"fr-FR","potentialAction":[{"@type":"ReadAction","target":["https:\/\/cfacanada.org\/fr\/investment-industry-standards\/"]}]},{"@type":"BreadcrumbList","@id":"https:\/\/cfacanada.org\/fr\/investment-industry-standards\/#breadcrumb","itemListElement":[{"@type":"ListItem","position":1,"name":"Home","item":"https:\/\/cfacanada.org\/fr\/"},{"@type":"ListItem","position":2,"name":"Normes du secteur des investissements"}]},{"@type":"WebSite","@id":"https:\/\/cfacanada.org\/#website","url":"https:\/\/cfacanada.org\/","name":"CFA Societies Canada","description":"Canadian investment values","potentialAction":[{"@type":"SearchAction","target":{"@type":"EntryPoint","urlTemplate":"https:\/\/cfacanada.org\/?s={search_term_string}"},"query-input":{"@type":"PropertyValueSpecification","valueRequired":true,"valueName":"search_term_string"}}],"inLanguage":"fr-FR"}]}},"_links":{"self":[{"href":"https:\/\/cfacanada.org\/fr\/wp-json\/wp\/v2\/pages\/2664","targetHints":{"allow":["GET"]}}],"collection":[{"href":"https:\/\/cfacanada.org\/fr\/wp-json\/wp\/v2\/pages"}],"about":[{"href":"https:\/\/cfacanada.org\/fr\/wp-json\/wp\/v2\/types\/page"}],"author":[{"embeddable":true,"href":"https:\/\/cfacanada.org\/fr\/wp-json\/wp\/v2\/users\/2"}],"replies":[{"embeddable":true,"href":"https:\/\/cfacanada.org\/fr\/wp-json\/wp\/v2\/comments?post=2664"}],"version-history":[{"count":4,"href":"https:\/\/cfacanada.org\/fr\/wp-json\/wp\/v2\/pages\/2664\/revisions"}],"predecessor-version":[{"id":4171,"href":"https:\/\/cfacanada.org\/fr\/wp-json\/wp\/v2\/pages\/2664\/revisions\/4171"}],"wp:attachment":[{"href":"https:\/\/cfacanada.org\/fr\/wp-json\/wp\/v2\/media?parent=2664"}],"curies":[{"name":"wp","href":"https:\/\/api.w.org\/{rel}","templated":true}]}}